{"id":97,"date":"2023-02-26T22:09:51","date_gmt":"2023-02-26T21:09:51","guid":{"rendered":"http:\/\/newsite.am-sportpark.de\/?page_id=97"},"modified":"2026-03-04T05:56:20","modified_gmt":"2026-03-04T04:56:20","slug":"das-hausboot-die-lore","status":"publish","type":"page","link":"https:\/\/am-sportpark.de\/en\/zimmer\/das-hausboot-die-lore\/","title":{"rendered":"&#8211; The Lore"},"content":{"rendered":"<div data-elementor-type=\"wp-page\" data-elementor-id=\"97\" class=\"elementor elementor-97\" data-elementor-settings=\"{&quot;ha_cmc_init_switcher&quot;:&quot;no&quot;}\" data-elementor-post-type=\"page\">\n\t\t\t\t\t\t<section class=\"elementor-section elementor-top-section elementor-element elementor-element-c643df3 elementor-section-boxed elementor-section-height-default elementor-section-height-default wpr-particle-no wpr-jarallax-no wpr-parallax-no wpr-sticky-section-no\" data-id=\"c643df3\" data-element_type=\"section\" data-e-type=\"section\" data-settings=\"{&quot;_ha_eqh_enable&quot;:false}\">\n\t\t\t\t\t\t<div class=\"elementor-container elementor-column-gap-default\">\n\t\t\t\t\t<div class=\"elementor-column elementor-col-100 elementor-top-column elementor-element elementor-element-2c3c730\" data-id=\"2c3c730\" data-element_type=\"column\" data-e-type=\"column\">\n\t\t\t<div class=\"elementor-widget-wrap elementor-element-populated\">\n\t\t\t\t\t\t<div class=\"elementor-element elementor-element-72a3b72 elementor-widget elementor-widget-heading\" data-id=\"72a3b72\" data-element_type=\"widget\" data-e-type=\"widget\" data-widget_type=\"heading.default\">\n\t\t\t\t<div class=\"elementor-widget-container\">\n\t\t\t\t\t<h2 class=\"elementor-heading-title elementor-size-default\">The Lore<\/h2>\t\t\t\t<\/div>\n\t\t\t\t<\/div>\n\t\t\t\t\t<\/div>\n\t\t<\/div>\n\t\t\t\t\t<\/div>\n\t\t<\/section>\n\t\t\t\t<section class=\"elementor-section elementor-top-section elementor-element elementor-element-f4dd804 elementor-section-boxed elementor-section-height-default elementor-section-height-default wpr-particle-no wpr-jarallax-no wpr-parallax-no wpr-sticky-section-no\" data-id=\"f4dd804\" data-element_type=\"section\" data-e-type=\"section\" data-settings=\"{&quot;_ha_eqh_enable&quot;:false}\">\n\t\t\t\t\t\t<div class=\"elementor-container elementor-column-gap-default\">\n\t\t\t\t\t<div class=\"elementor-column elementor-col-100 elementor-top-column elementor-element elementor-element-549beda\" data-id=\"549beda\" data-element_type=\"column\" data-e-type=\"column\">\n\t\t\t<div class=\"elementor-widget-wrap elementor-element-populated\">\n\t\t\t\t\t\t<div class=\"elementor-element elementor-element-edc2402 elementor-widget elementor-widget-text-editor\" data-id=\"edc2402\" data-element_type=\"widget\" data-e-type=\"widget\" data-widget_type=\"text-editor.default\">\n\t\t\t\t<div class=\"elementor-widget-container\">\n\t\t\t\t\t\t\t\t\t<p>The Lore and her two sister boats are cozy houseboats from the RIVO shipyard and are moored next to the Lexa in the Duisburg marina in the inner harbor. This is a five-minute walk from the city center and easily accessible by public transport. An absolute dream in the Duisburg harbor. Our Campi 400 boats feature the following amenities:<\/p>\n<ul>\n<li>The Lore, Pitty and Fritz are all 13 meters long and 4.5 meters wide<\/li>\n<li>There is space for up to 4 people<\/li>\n<li>2 bedrooms are available, each with a double bed and a bunk bed<\/li>\n<li>Bathroom with shower and toilet, hair dryer and cosmetics<\/li>\n<li>Towels for 4 people are available on the boat<\/li>\n<li>40\u2033 LCD TV with Amazon Prime Video &amp; Music<\/li>\n<li>Amazon Prime Music via Alexa and Bose sound system, with iPod and 40,000 songs<\/li>\n<li>WLAN reception with a performance of 35 MBit<\/li>\n<li>Non smoking boat<\/li>\n<li>1 bottle of mineral water and 1 bottle of sparkling wine as a welcome<\/li>\n<li>Large sun deck with rattan furniture in summer<\/li>\n<li>Kitchen with gas stove, 4 compartments and refrigerator.<\/li>\n<li>LED light throughout the boat<\/li>\n<li>Allergy-friendly bedding in all bedrooms<\/li>\n<li>Sitting area with sofa set<\/li>\n<li>Cozy covered outdoor area for 4 people<\/li>\n<li>We recommend the Lore for max. 4 adults<\/li>\n<li>The Lore is winterproof and does not go into hibernation like the Lexa. You can also book this beauty over Christmas and New Year. However, parties are not permitted<\/li>\n<li>We have free parking for your car<\/li>\n<li>Bicycles can be parked safely and under video surveillance at the boats<\/li>\n<li>During the months of April and May, we have kayaks and subs available at our three houseboats. All guests are welcome to use these free of charge.<\/li>\n<li>Motorboat rentals at our marina with new Whaly boats. Electric and gasoline-powered boats \u2013 with or without a boat license starting at \u20ac20 for 90 minutes.<\/li>\n<li><a href=\"https:\/\/hausboot-lore.de\/\" target=\"_blank\" rel=\"noreferrer noopener\">The homepage of the Lore can be found here<\/a><\/li>\n<\/ul>\n<p>We received our third Lore at the beginning of February \u2013 but this will be the last houseboat we purchase. All three boats are moored right next to each other. The three boats are now called Lore, Pitty, and Fritz. If you are coming with a group, you can sleep up to 12 people on our houseboats. Please note that we do not serve breakfast on the boats.<\/p>\t\t\t\t\t\t\t\t<\/div>\n\t\t\t\t<\/div>\n\t\t\t\t\t<\/div>\n\t\t<\/div>\n\t\t\t\t\t<\/div>\n\t\t<\/section>\n\t\t\t\t<section class=\"elementor-section elementor-top-section elementor-element elementor-element-321192b elementor-section-boxed elementor-section-height-default elementor-section-height-default wpr-particle-no wpr-jarallax-no wpr-parallax-no wpr-sticky-section-no\" data-id=\"321192b\" data-element_type=\"section\" data-e-type=\"section\" data-settings=\"{&quot;_ha_eqh_enable&quot;:false}\">\n\t\t\t\t\t\t<div class=\"elementor-container elementor-column-gap-default\">\n\t\t\t\t\t<div class=\"elementor-column elementor-col-100 elementor-top-column elementor-element elementor-element-9f2ca6a\" data-id=\"9f2ca6a\" data-element_type=\"column\" data-e-type=\"column\">\n\t\t\t<div class=\"elementor-widget-wrap elementor-element-populated\">\n\t\t\t\t\t\t<div class=\"elementor-element elementor-element-e24fce9 elementor-widget elementor-widget-gallery\" data-id=\"e24fce9\" data-element_type=\"widget\" data-e-type=\"widget\" data-settings=\"{&quot;columns&quot;:5,&quot;lazyload&quot;:&quot;yes&quot;,&quot;gallery_layout&quot;:&quot;grid&quot;,&quot;columns_tablet&quot;:2,&quot;columns_mobile&quot;:1,&quot;gap&quot;:{&quot;unit&quot;:&quot;px&quot;,&quot;size&quot;:10,&quot;sizes&quot;:[]},&quot;gap_tablet&quot;:{&quot;unit&quot;:&quot;px&quot;,&quot;size&quot;:10,&quot;sizes&quot;:[]},&quot;gap_mobile&quot;:{&quot;unit&quot;:&quot;px&quot;,&quot;size&quot;:10,&quot;sizes&quot;:[]},&quot;link_to&quot;:&quot;file&quot;,&quot;aspect_ratio&quot;:&quot;3:2&quot;,&quot;overlay_background&quot;:&quot;yes&quot;,&quot;content_hover_animation&quot;:&quot;fade-in&quot;}\" data-widget_type=\"gallery.default\">\n\t\t\t\t<div class=\"elementor-widget-container\">\n\t\t\t\t\t\t\t<div class=\"elementor-gallery__container\">\n\t\t\t\t\t\t\t<a class=\"e-gallery-item elementor-gallery-item elementor-animated-content\" href=\"https:\/\/am-sportpark.de\/wp-content\/uploads\/2023\/03\/IMG_4512-scaled-e1679577076328.webp\" data-elementor-open-lightbox=\"yes\" data-elementor-lightbox-slideshow=\"e24fce9\" data-elementor-lightbox-title=\"IMG_4512\" data-e-action-hash=\"#elementor-action%3Aaction%3Dlightbox%26settings%3DeyJpZCI6NjUwLCJ1cmwiOiJodHRwczpcL1wvYW0tc3BvcnRwYXJrLmRlXC93cC1jb250ZW50XC91cGxvYWRzXC8yMDIzXC8wM1wvSU1HXzQ1MTItc2NhbGVkLWUxNjc5NTc3MDc2MzI4LndlYnAiLCJzbGlkZXNob3ciOiJlMjRmY2U5In0%3D\">\n\t\t\t\t\t<div class=\"e-gallery-image elementor-gallery-item__image\" data-thumbnail=\"https:\/\/am-sportpark.de\/wp-content\/uploads\/2023\/03\/IMG_4512-scaled-e1679577076328-300x225.webp\" data-width=\"300\" data-height=\"225\" aria-label=\"\" role=\"img\" ><\/div>\n\t\t\t\t\t\t\t\t\t\t\t<div class=\"elementor-gallery-item__overlay\"><\/div>\n\t\t\t\t\t\t\t\t\t\t\t\t\t\t<\/a>\n\t\t\t\t\t\t\t<a class=\"e-gallery-item elementor-gallery-item elementor-animated-content\" href=\"https:\/\/am-sportpark.de\/wp-content\/uploads\/2023\/03\/IMG_4496-scaled.webp\" data-elementor-open-lightbox=\"yes\" data-elementor-lightbox-slideshow=\"e24fce9\" data-elementor-lightbox-title=\"IMG_4496\" data-e-action-hash=\"#elementor-action%3Aaction%3Dlightbox%26settings%3DeyJpZCI6NjQ5LCJ1cmwiOiJodHRwczpcL1wvYW0tc3BvcnRwYXJrLmRlXC93cC1jb250ZW50XC91cGxvYWRzXC8yMDIzXC8wM1wvSU1HXzQ0OTYtc2NhbGVkLndlYnAiLCJzbGlkZXNob3ciOiJlMjRmY2U5In0%3D\">\n\t\t\t\t\t<div class=\"e-gallery-image elementor-gallery-item__image\" data-thumbnail=\"https:\/\/am-sportpark.de\/wp-content\/uploads\/2023\/03\/IMG_4496-300x225.webp\" data-width=\"300\" data-height=\"225\" aria-label=\"\" role=\"img\" ><\/div>\n\t\t\t\t\t\t\t\t\t\t\t<div class=\"elementor-gallery-item__overlay\"><\/div>\n\t\t\t\t\t\t\t\t\t\t\t\t\t\t<\/a>\n\t\t\t\t\t\t\t<a class=\"e-gallery-item elementor-gallery-item elementor-animated-content\" href=\"https:\/\/am-sportpark.de\/wp-content\/uploads\/2023\/03\/IMG_4494-scaled.webp\" data-elementor-open-lightbox=\"yes\" data-elementor-lightbox-slideshow=\"e24fce9\" data-elementor-lightbox-title=\"IMG_4494\" data-e-action-hash=\"#elementor-action%3Aaction%3Dlightbox%26settings%3DeyJpZCI6NjQ4LCJ1cmwiOiJodHRwczpcL1wvYW0tc3BvcnRwYXJrLmRlXC93cC1jb250ZW50XC91cGxvYWRzXC8yMDIzXC8wM1wvSU1HXzQ0OTQtc2NhbGVkLndlYnAiLCJzbGlkZXNob3ciOiJlMjRmY2U5In0%3D\">\n\t\t\t\t\t<div class=\"e-gallery-image elementor-gallery-item__image\" data-thumbnail=\"https:\/\/am-sportpark.de\/wp-content\/uploads\/2023\/03\/IMG_4494-300x225.webp\" data-width=\"300\" data-height=\"225\" aria-label=\"\" role=\"img\" ><\/div>\n\t\t\t\t\t\t\t\t\t\t\t<div class=\"elementor-gallery-item__overlay\"><\/div>\n\t\t\t\t\t\t\t\t\t\t\t\t\t\t<\/a>\n\t\t\t\t\t\t\t<a class=\"e-gallery-item elementor-gallery-item elementor-animated-content\" href=\"https:\/\/am-sportpark.de\/wp-content\/uploads\/2023\/03\/IMG_4491-scaled.webp\" data-elementor-open-lightbox=\"yes\" data-elementor-lightbox-slideshow=\"e24fce9\" data-elementor-lightbox-title=\"IMG_4491\" data-e-action-hash=\"#elementor-action%3Aaction%3Dlightbox%26settings%3DeyJpZCI6NjQ3LCJ1cmwiOiJodHRwczpcL1wvYW0tc3BvcnRwYXJrLmRlXC93cC1jb250ZW50XC91cGxvYWRzXC8yMDIzXC8wM1wvSU1HXzQ0OTEtc2NhbGVkLndlYnAiLCJzbGlkZXNob3ciOiJlMjRmY2U5In0%3D\">\n\t\t\t\t\t<div class=\"e-gallery-image elementor-gallery-item__image\" data-thumbnail=\"https:\/\/am-sportpark.de\/wp-content\/uploads\/2023\/03\/IMG_4491-300x225.webp\" data-width=\"300\" data-height=\"225\" aria-label=\"\" role=\"img\" ><\/div>\n\t\t\t\t\t\t\t\t\t\t\t<div class=\"elementor-gallery-item__overlay\"><\/div>\n\t\t\t\t\t\t\t\t\t\t\t\t\t\t<\/a>\n\t\t\t\t\t\t\t<a class=\"e-gallery-item elementor-gallery-item elementor-animated-content\" href=\"https:\/\/am-sportpark.de\/wp-content\/uploads\/2023\/03\/IMG_4472-scaled.webp\" data-elementor-open-lightbox=\"yes\" data-elementor-lightbox-slideshow=\"e24fce9\" data-elementor-lightbox-title=\"IMG_4472\" data-e-action-hash=\"#elementor-action%3Aaction%3Dlightbox%26settings%3DeyJpZCI6NjQ2LCJ1cmwiOiJodHRwczpcL1wvYW0tc3BvcnRwYXJrLmRlXC93cC1jb250ZW50XC91cGxvYWRzXC8yMDIzXC8wM1wvSU1HXzQ0NzItc2NhbGVkLndlYnAiLCJzbGlkZXNob3ciOiJlMjRmY2U5In0%3D\">\n\t\t\t\t\t<div class=\"e-gallery-image elementor-gallery-item__image\" data-thumbnail=\"https:\/\/am-sportpark.de\/wp-content\/uploads\/2023\/03\/IMG_4472-225x300.webp\" data-width=\"225\" data-height=\"300\" aria-label=\"\" role=\"img\" ><\/div>\n\t\t\t\t\t\t\t\t\t\t\t<div class=\"elementor-gallery-item__overlay\"><\/div>\n\t\t\t\t\t\t\t\t\t\t\t\t\t\t<\/a>\n\t\t\t\t\t\t\t<a class=\"e-gallery-item elementor-gallery-item elementor-animated-content\" href=\"https:\/\/am-sportpark.de\/wp-content\/uploads\/2023\/03\/IMG_4470-scaled-e1679332166194.webp\" data-elementor-open-lightbox=\"yes\" data-elementor-lightbox-slideshow=\"e24fce9\" data-elementor-lightbox-title=\"IMG_4470\" data-e-action-hash=\"#elementor-action%3Aaction%3Dlightbox%26settings%3DeyJpZCI6NjQ1LCJ1cmwiOiJodHRwczpcL1wvYW0tc3BvcnRwYXJrLmRlXC93cC1jb250ZW50XC91cGxvYWRzXC8yMDIzXC8wM1wvSU1HXzQ0NzAtc2NhbGVkLWUxNjc5MzMyMTY2MTk0LndlYnAiLCJzbGlkZXNob3ciOiJlMjRmY2U5In0%3D\">\n\t\t\t\t\t<div class=\"e-gallery-image elementor-gallery-item__image\" data-thumbnail=\"https:\/\/am-sportpark.de\/wp-content\/uploads\/2023\/03\/IMG_4470-scaled-e1679332166194-300x284.webp\" data-width=\"300\" data-height=\"284\" aria-label=\"\" role=\"img\" ><\/div>\n\t\t\t\t\t\t\t\t\t\t\t<div class=\"elementor-gallery-item__overlay\"><\/div>\n\t\t\t\t\t\t\t\t\t\t\t\t\t\t<\/a>\n\t\t\t\t\t\t\t<a class=\"e-gallery-item elementor-gallery-item elementor-animated-content\" href=\"https:\/\/am-sportpark.de\/wp-content\/uploads\/2023\/03\/IMG_4450-scaled.webp\" data-elementor-open-lightbox=\"yes\" data-elementor-lightbox-slideshow=\"e24fce9\" data-elementor-lightbox-title=\"IMG_4450\" data-e-action-hash=\"#elementor-action%3Aaction%3Dlightbox%26settings%3DeyJpZCI6NjQzLCJ1cmwiOiJodHRwczpcL1wvYW0tc3BvcnRwYXJrLmRlXC93cC1jb250ZW50XC91cGxvYWRzXC8yMDIzXC8wM1wvSU1HXzQ0NTAtc2NhbGVkLndlYnAiLCJzbGlkZXNob3ciOiJlMjRmY2U5In0%3D\">\n\t\t\t\t\t<div class=\"e-gallery-image elementor-gallery-item__image\" data-thumbnail=\"https:\/\/am-sportpark.de\/wp-content\/uploads\/2023\/03\/IMG_4450-225x300.webp\" data-width=\"225\" data-height=\"300\" aria-label=\"\" role=\"img\" ><\/div>\n\t\t\t\t\t\t\t\t\t\t\t<div class=\"elementor-gallery-item__overlay\"><\/div>\n\t\t\t\t\t\t\t\t\t\t\t\t\t\t<\/a>\n\t\t\t\t\t\t\t<a class=\"e-gallery-item elementor-gallery-item elementor-animated-content\" href=\"https:\/\/am-sportpark.de\/wp-content\/uploads\/2023\/03\/IMG_4441-scaled.webp\" data-elementor-open-lightbox=\"yes\" data-elementor-lightbox-slideshow=\"e24fce9\" data-elementor-lightbox-title=\"IMG_4441\" data-e-action-hash=\"#elementor-action%3Aaction%3Dlightbox%26settings%3DeyJpZCI6NjQyLCJ1cmwiOiJodHRwczpcL1wvYW0tc3BvcnRwYXJrLmRlXC93cC1jb250ZW50XC91cGxvYWRzXC8yMDIzXC8wM1wvSU1HXzQ0NDEtc2NhbGVkLndlYnAiLCJzbGlkZXNob3ciOiJlMjRmY2U5In0%3D\">\n\t\t\t\t\t<div class=\"e-gallery-image elementor-gallery-item__image\" data-thumbnail=\"https:\/\/am-sportpark.de\/wp-content\/uploads\/2023\/03\/IMG_4441-300x225.webp\" data-width=\"300\" data-height=\"225\" aria-label=\"\" role=\"img\" ><\/div>\n\t\t\t\t\t\t\t\t\t\t\t<div class=\"elementor-gallery-item__overlay\"><\/div>\n\t\t\t\t\t\t\t\t\t\t\t\t\t\t<\/a>\n\t\t\t\t\t\t\t<a class=\"e-gallery-item elementor-gallery-item elementor-animated-content\" href=\"https:\/\/am-sportpark.de\/wp-content\/uploads\/2023\/03\/IMG_4439-scaled-e1679331979176.webp\" data-elementor-open-lightbox=\"yes\" data-elementor-lightbox-slideshow=\"e24fce9\" data-elementor-lightbox-title=\"IMG_4439\" data-e-action-hash=\"#elementor-action%3Aaction%3Dlightbox%26settings%3DeyJpZCI6NjQxLCJ1cmwiOiJodHRwczpcL1wvYW0tc3BvcnRwYXJrLmRlXC93cC1jb250ZW50XC91cGxvYWRzXC8yMDIzXC8wM1wvSU1HXzQ0Mzktc2NhbGVkLWUxNjc5MzMxOTc5MTc2LndlYnAiLCJzbGlkZXNob3ciOiJlMjRmY2U5In0%3D\">\n\t\t\t\t\t<div class=\"e-gallery-image elementor-gallery-item__image\" data-thumbnail=\"https:\/\/am-sportpark.de\/wp-content\/uploads\/2023\/03\/IMG_4439-scaled-e1679331979176-300x289.webp\" data-width=\"300\" data-height=\"289\" aria-label=\"\" role=\"img\" ><\/div>\n\t\t\t\t\t\t\t\t\t\t\t<div class=\"elementor-gallery-item__overlay\"><\/div>\n\t\t\t\t\t\t\t\t\t\t\t\t\t\t<\/a>\n\t\t\t\t\t\t\t<a class=\"e-gallery-item elementor-gallery-item elementor-animated-content\" href=\"https:\/\/am-sportpark.de\/wp-content\/uploads\/2023\/03\/IMG_4583-scaled.webp\" data-elementor-open-lightbox=\"yes\" data-elementor-lightbox-slideshow=\"e24fce9\" data-elementor-lightbox-title=\"IMG_4583\" data-e-action-hash=\"#elementor-action%3Aaction%3Dlightbox%26settings%3DeyJpZCI6NjUxLCJ1cmwiOiJodHRwczpcL1wvYW0tc3BvcnRwYXJrLmRlXC93cC1jb250ZW50XC91cGxvYWRzXC8yMDIzXC8wM1wvSU1HXzQ1ODMtc2NhbGVkLndlYnAiLCJzbGlkZXNob3ciOiJlMjRmY2U5In0%3D\">\n\t\t\t\t\t<div class=\"e-gallery-image elementor-gallery-item__image\" data-thumbnail=\"https:\/\/am-sportpark.de\/wp-content\/uploads\/2023\/03\/IMG_4583-300x225.webp\" data-width=\"300\" data-height=\"225\" aria-label=\"\" role=\"img\" ><\/div>\n\t\t\t\t\t\t\t\t\t\t\t<div class=\"elementor-gallery-item__overlay\"><\/div>\n\t\t\t\t\t\t\t\t\t\t\t\t\t\t<\/a>\n\t\t\t\t\t<\/div>\n\t\t\t\t\t<\/div>\n\t\t\t\t<\/div>\n\t\t\t\t\t<\/div>\n\t\t<\/div>\n\t\t\t\t\t<\/div>\n\t\t<\/section>\n\t\t\t\t<\/div>","protected":false},"excerpt":{"rendered":"<p>The Lore The Lore and her two sister boats are cozy houseboats from the RIVO shipyard and are moored next to the Lexa in the Duisburg marina in the inner harbor. This is 5 minutes from the city center and easily accessible by public transport. An absolute dream in the Duisburg harbor. Our Campi 400 boats have the following amenities: The Lore, Pitty and Fritz are all 13 meters long and 4.5 meters wide The Lore has space for up to 4 people 2 bedrooms are available, each with a double bed and a bunk bed Bathroom with shower and toilet, hairdryer and toiletries Towels for 4 people are provided on the boat 40&quot; LCD TV with Amazon Prime Video &amp; Music Amazon Prime Music via Alexa and Bose sound system, with iPod and 40,000 songs Wi-Fi reception with a speed of 35 Mbit Non-smoking boat 1 bottle of mineral water and 1 bottle of sparkling wine as a welcome gift Large sun deck with rattan furniture in summer Kitchen with gas stove, 4-burner stove and refrigerator. LED lighting throughout the boat Hypoallergenic bedding in all bedrooms Sitting area with sofa set Comfortable covered outdoor area for 4 people We recommend the Lore for max. 4 adults The Lore is winter-proof and does not go into hibernation like the Lexa. You can also book this beauty over Christmas and New Year. However, parties are not permitted We have free parking for your car Bicycles can be parked safely and under video surveillance next to the boats In April and May we have kayaks and subs moored at the three houseboats. All guests are welcome to use these free of charge. Motorboat rental in our harbor with new Whaly boats. Electric and petrol engines - with and without a boat license from 20 \u20ac for 90 minutes You can find the Lore homepage here We got our third Lore at the beginning of February - but this will be the last houseboat we buy. All three boats are moored right next to each other. The three boats are now called Lore, Pitty and Fritz. If you&#039;re coming with a group, you can sleep up to 12 people on our houseboats. Please note that we don&#039;t serve breakfast on the boats.<\/p>","protected":false},"author":1,"featured_media":0,"parent":82,"menu_order":0,"comment_status":"closed","ping_status":"closed","template":"","meta":{"footnotes":""},"class_list":["post-97","page","type-page","status-publish","hentry"],"yoast_head":"<!-- This site is optimized with the Yoast SEO plugin v27.3 - https:\/\/yoast.com\/product\/yoast-seo-wordpress\/ -->\n<title>- Die Lore - Hotel am Sportpark<\/title>\n<meta name=\"description\" content=\"In der Duisburger City haben wir zwei wundersch\u00f6ne Hausboote liegen. Auf 45qm k\u00f6nnen Sie mit 4 Personen auf Ihr \u00fcbernachten - ein Traum\" \/>\n<meta name=\"robots\" content=\"index, follow, max-snippet:-1, max-image-preview:large, max-video-preview:-1\" \/>\n<link rel=\"canonical\" href=\"https:\/\/am-sportpark.de\/en\/zimmer\/das-hausboot-die-lore\/\" \/>\n<meta property=\"og:locale\" content=\"en_US\" \/>\n<meta property=\"og:type\" content=\"article\" \/>\n<meta property=\"og:title\" content=\"- Die Lore - Hotel am Sportpark\" \/>\n<meta property=\"og:description\" content=\"In der Duisburger City haben wir zwei wundersch\u00f6ne Hausboote liegen. Auf 45qm k\u00f6nnen Sie mit 4 Personen auf Ihr \u00fcbernachten - ein Traum\" \/>\n<meta property=\"og:url\" content=\"https:\/\/am-sportpark.de\/en\/zimmer\/das-hausboot-die-lore\/\" \/>\n<meta property=\"og:site_name\" content=\"Hotel am Sportpark\" \/>\n<meta property=\"article:modified_time\" content=\"2026-03-04T04:56:20+00:00\" \/>\n<meta name=\"twitter:card\" content=\"summary_large_image\" \/>\n<meta name=\"twitter:label1\" content=\"Est. reading time\" \/>\n\t<meta name=\"twitter:data1\" content=\"2 minutes\" \/>\n<script type=\"application\/ld+json\" class=\"yoast-schema-graph\">{\"@context\":\"https:\\\/\\\/schema.org\",\"@graph\":[{\"@type\":\"WebPage\",\"@id\":\"https:\\\/\\\/am-sportpark.de\\\/zimmer\\\/das-hausboot-die-lore\\\/\",\"url\":\"https:\\\/\\\/am-sportpark.de\\\/zimmer\\\/das-hausboot-die-lore\\\/\",\"name\":\"- Die Lore - Hotel am Sportpark\",\"isPartOf\":{\"@id\":\"https:\\\/\\\/am-sportpark.de\\\/#website\"},\"datePublished\":\"2023-02-26T21:09:51+00:00\",\"dateModified\":\"2026-03-04T04:56:20+00:00\",\"description\":\"In der Duisburger City haben wir zwei wundersch\u00f6ne Hausboote liegen. Auf 45qm k\u00f6nnen Sie mit 4 Personen auf Ihr \u00fcbernachten - ein Traum\",\"breadcrumb\":{\"@id\":\"https:\\\/\\\/am-sportpark.de\\\/zimmer\\\/das-hausboot-die-lore\\\/#breadcrumb\"},\"inLanguage\":\"en-US\",\"potentialAction\":[{\"@type\":\"ReadAction\",\"target\":[\"https:\\\/\\\/am-sportpark.de\\\/zimmer\\\/das-hausboot-die-lore\\\/\"]}]},{\"@type\":\"BreadcrumbList\",\"@id\":\"https:\\\/\\\/am-sportpark.de\\\/zimmer\\\/das-hausboot-die-lore\\\/#breadcrumb\",\"itemListElement\":[{\"@type\":\"ListItem\",\"position\":1,\"name\":\"Startseite\",\"item\":\"https:\\\/\\\/am-sportpark.de\\\/\"},{\"@type\":\"ListItem\",\"position\":2,\"name\":\"Zimmer\",\"item\":\"https:\\\/\\\/am-sportpark.de\\\/zimmer\\\/\"},{\"@type\":\"ListItem\",\"position\":3,\"name\":\"&#8211; Die Lore\"}]},{\"@type\":\"WebSite\",\"@id\":\"https:\\\/\\\/am-sportpark.de\\\/#website\",\"url\":\"https:\\\/\\\/am-sportpark.de\\\/\",\"name\":\"Hotel am Sportpark\",\"description\":\"Familienhotel seit 1974\",\"publisher\":{\"@id\":\"https:\\\/\\\/am-sportpark.de\\\/#organization\"},\"potentialAction\":[{\"@type\":\"SearchAction\",\"target\":{\"@type\":\"EntryPoint\",\"urlTemplate\":\"https:\\\/\\\/am-sportpark.de\\\/?s={search_term_string}\"},\"query-input\":{\"@type\":\"PropertyValueSpecification\",\"valueRequired\":true,\"valueName\":\"search_term_string\"}}],\"inLanguage\":\"en-US\"},{\"@type\":\"Organization\",\"@id\":\"https:\\\/\\\/am-sportpark.de\\\/#organization\",\"name\":\"Hotel am Sportpark\",\"url\":\"https:\\\/\\\/am-sportpark.de\\\/\",\"logo\":{\"@type\":\"ImageObject\",\"inLanguage\":\"en-US\",\"@id\":\"https:\\\/\\\/am-sportpark.de\\\/#\\\/schema\\\/logo\\\/image\\\/\",\"url\":\"https:\\\/\\\/am-sportpark.de\\\/wp-content\\\/uploads\\\/2023\\\/02\\\/hotel-am-sportpark.webp\",\"contentUrl\":\"https:\\\/\\\/am-sportpark.de\\\/wp-content\\\/uploads\\\/2023\\\/02\\\/hotel-am-sportpark.webp\",\"width\":681,\"height\":228,\"caption\":\"Hotel am Sportpark\"},\"image\":{\"@id\":\"https:\\\/\\\/am-sportpark.de\\\/#\\\/schema\\\/logo\\\/image\\\/\"}}]}<\/script>\n<!-- \/ Yoast SEO plugin. -->","yoast_head_json":{"title":"- The Lore - Hotel am Sportpark","description":"We have two beautiful houseboats in Duisburg city center. With 45 square meters of space, you can sleep up to four people \u2013 a dream.","robots":{"index":"index","follow":"follow","max-snippet":"max-snippet:-1","max-image-preview":"max-image-preview:large","max-video-preview":"max-video-preview:-1"},"canonical":"https:\/\/am-sportpark.de\/en\/zimmer\/das-hausboot-die-lore\/","og_locale":"en_US","og_type":"article","og_title":"- Die Lore - Hotel am Sportpark","og_description":"In der Duisburger City haben wir zwei wundersch\u00f6ne Hausboote liegen. Auf 45qm k\u00f6nnen Sie mit 4 Personen auf Ihr \u00fcbernachten - ein Traum","og_url":"https:\/\/am-sportpark.de\/en\/zimmer\/das-hausboot-die-lore\/","og_site_name":"Hotel am Sportpark","article_modified_time":"2026-03-04T04:56:20+00:00","twitter_card":"summary_large_image","twitter_misc":{"Est. reading time":"2 minutes"},"schema":{"@context":"https:\/\/schema.org","@graph":[{"@type":"WebPage","@id":"https:\/\/am-sportpark.de\/zimmer\/das-hausboot-die-lore\/","url":"https:\/\/am-sportpark.de\/zimmer\/das-hausboot-die-lore\/","name":"- The Lore - Hotel am Sportpark","isPartOf":{"@id":"https:\/\/am-sportpark.de\/#website"},"datePublished":"2023-02-26T21:09:51+00:00","dateModified":"2026-03-04T04:56:20+00:00","description":"We have two beautiful houseboats in Duisburg city center. With 45 square meters of space, you can sleep up to four people \u2013 a dream.","breadcrumb":{"@id":"https:\/\/am-sportpark.de\/zimmer\/das-hausboot-die-lore\/#breadcrumb"},"inLanguage":"en-US","potentialAction":[{"@type":"ReadAction","target":["https:\/\/am-sportpark.de\/zimmer\/das-hausboot-die-lore\/"]}]},{"@type":"BreadcrumbList","@id":"https:\/\/am-sportpark.de\/zimmer\/das-hausboot-die-lore\/#breadcrumb","itemListElement":[{"@type":"ListItem","position":1,"name":"Startseite","item":"https:\/\/am-sportpark.de\/"},{"@type":"ListItem","position":2,"name":"Zimmer","item":"https:\/\/am-sportpark.de\/zimmer\/"},{"@type":"ListItem","position":3,"name":"&#8211; Die Lore"}]},{"@type":"WebSite","@id":"https:\/\/am-sportpark.de\/#website","url":"https:\/\/am-sportpark.de\/","name":"Hotel at the sports park","description":"Family-hotel since 1974","publisher":{"@id":"https:\/\/am-sportpark.de\/#organization"},"potentialAction":[{"@type":"SearchAction","target":{"@type":"EntryPoint","urlTemplate":"https:\/\/am-sportpark.de\/?s={search_term_string}"},"query-input":{"@type":"PropertyValueSpecification","valueRequired":true,"valueName":"search_term_string"}}],"inLanguage":"en-US"},{"@type":"Organization","@id":"https:\/\/am-sportpark.de\/#organization","name":"Hotel at the sports park","url":"https:\/\/am-sportpark.de\/","logo":{"@type":"ImageObject","inLanguage":"en-US","@id":"https:\/\/am-sportpark.de\/#\/schema\/logo\/image\/","url":"https:\/\/am-sportpark.de\/wp-content\/uploads\/2023\/02\/hotel-am-sportpark.webp","contentUrl":"https:\/\/am-sportpark.de\/wp-content\/uploads\/2023\/02\/hotel-am-sportpark.webp","width":681,"height":228,"caption":"Hotel am Sportpark"},"image":{"@id":"https:\/\/am-sportpark.de\/#\/schema\/logo\/image\/"}}]}},"_links":{"self":[{"href":"https:\/\/am-sportpark.de\/en\/wp-json\/wp\/v2\/pages\/97","targetHints":{"allow":["GET"]}}],"collection":[{"href":"https:\/\/am-sportpark.de\/en\/wp-json\/wp\/v2\/pages"}],"about":[{"href":"https:\/\/am-sportpark.de\/en\/wp-json\/wp\/v2\/types\/page"}],"author":[{"embeddable":true,"href":"https:\/\/am-sportpark.de\/en\/wp-json\/wp\/v2\/users\/1"}],"replies":[{"embeddable":true,"href":"https:\/\/am-sportpark.de\/en\/wp-json\/wp\/v2\/comments?post=97"}],"version-history":[{"count":47,"href":"https:\/\/am-sportpark.de\/en\/wp-json\/wp\/v2\/pages\/97\/revisions"}],"predecessor-version":[{"id":1424,"href":"https:\/\/am-sportpark.de\/en\/wp-json\/wp\/v2\/pages\/97\/revisions\/1424"}],"up":[{"embeddable":true,"href":"https:\/\/am-sportpark.de\/en\/wp-json\/wp\/v2\/pages\/82"}],"wp:attachment":[{"href":"https:\/\/am-sportpark.de\/en\/wp-json\/wp\/v2\/media?parent=97"}],"curies":[{"name":"wp","href":"https:\/\/api.w.org\/{rel}","templated":true}]}}