{"id":70,"date":"2023-02-26T22:04:45","date_gmt":"2023-02-26T21:04:45","guid":{"rendered":"http:\/\/newsite.am-sportpark.de\/?page_id=70"},"modified":"2024-07-06T07:27:47","modified_gmt":"2024-07-06T05:27:47","slug":"hafen","status":"publish","type":"page","link":"https:\/\/am-sportpark.de\/en\/hafen\/","title":{"rendered":"-Harbor"},"content":{"rendered":"<div data-elementor-type=\"wp-page\" data-elementor-id=\"70\" class=\"elementor elementor-70\" data-elementor-settings=\"{&quot;ha_cmc_init_switcher&quot;:&quot;no&quot;}\" data-elementor-post-type=\"page\">\n\t\t\t\t\t\t<section class=\"elementor-section elementor-top-section elementor-element elementor-element-00bb13a elementor-section-boxed elementor-section-height-default elementor-section-height-default wpr-particle-no wpr-jarallax-no wpr-parallax-no wpr-sticky-section-no\" data-id=\"00bb13a\" data-element_type=\"section\" data-e-type=\"section\" data-settings=\"{&quot;_ha_eqh_enable&quot;:false}\">\n\t\t\t\t\t\t<div class=\"elementor-container elementor-column-gap-default\">\n\t\t\t\t\t<div class=\"elementor-column elementor-col-100 elementor-top-column elementor-element elementor-element-561b7a0\" data-id=\"561b7a0\" data-element_type=\"column\" data-e-type=\"column\">\n\t\t\t<div class=\"elementor-widget-wrap elementor-element-populated\">\n\t\t\t\t\t\t<div class=\"elementor-element elementor-element-7aa97c0 elementor-widget elementor-widget-heading\" data-id=\"7aa97c0\" data-element_type=\"widget\" data-e-type=\"widget\" data-widget_type=\"heading.default\">\n\t\t\t\t<div class=\"elementor-widget-container\">\n\t\t\t\t\t<h2 class=\"elementor-heading-title elementor-size-default\">Port of Duisburg<\/h2>\t\t\t\t<\/div>\n\t\t\t\t<\/div>\n\t\t\t\t\t<\/div>\n\t\t<\/div>\n\t\t\t\t\t<\/div>\n\t\t<\/section>\n\t\t\t\t<section class=\"elementor-section elementor-top-section elementor-element elementor-element-b649ac3 elementor-section-boxed elementor-section-height-default elementor-section-height-default wpr-particle-no wpr-jarallax-no wpr-parallax-no wpr-sticky-section-no\" data-id=\"b649ac3\" data-element_type=\"section\" data-e-type=\"section\" data-settings=\"{&quot;_ha_eqh_enable&quot;:false}\">\n\t\t\t\t\t\t<div class=\"elementor-container elementor-column-gap-default\">\n\t\t\t\t\t<div class=\"elementor-column elementor-col-100 elementor-top-column elementor-element elementor-element-ee715f1\" data-id=\"ee715f1\" data-element_type=\"column\" data-e-type=\"column\">\n\t\t\t<div class=\"elementor-widget-wrap elementor-element-populated\">\n\t\t\t\t\t\t<div class=\"elementor-element elementor-element-ea8524b elementor-widget elementor-widget-text-editor\" data-id=\"ea8524b\" data-element_type=\"widget\" data-e-type=\"widget\" data-widget_type=\"text-editor.default\">\n\t\t\t\t<div class=\"elementor-widget-container\">\n\t\t\t\t\t\t\t\t\t<p>The Port of Duisburg \u2013 at 1,350 hectares the largest inland port in Europe \u2013 is celebrating its 300th birthday in 2016. With its more than 130 crane systems, it handles over 20,000 ships a year. Our hotel is located in the southern area of \u200b\u200bthe harbor and is therefore close to Logport 1 &amp; Logport 2.<br \/>Would you like to take a harbor tour? The pier can be reached by public transport in just 15 minutes. We would be happy to help you plan and book tickets.<\/p><p>Alternatively, you can also book a ride with the Lexa. Ask us for more information.<\/p><p>More information can be found here:<\/p><p><a href=\"http:\/\/www.hafenrundfahrt.nrw\/\" target=\"_blank\" rel=\"noopener noreferrer\">The White Fleet<\/a><\/p>\t\t\t\t\t\t\t\t<\/div>\n\t\t\t\t<\/div>\n\t\t\t\t\t<\/div>\n\t\t<\/div>\n\t\t\t\t\t<\/div>\n\t\t<\/section>\n\t\t\t\t<\/div>","protected":false},"excerpt":{"rendered":"<p>Duisburg Port The Duisburg Port - with 1,350 hectares the largest inland port in Europe - is celebrating its 300th birthday in 2016. With its more than 130 crane systems, it handles over 20,000 ships a year. Our hotel is located in the southern part of the port and therefore close to Logport 1 &amp; Logport 2. Would you like to take a harbor tour? The jetty can be reached by public transport in just 15 minutes. We would be happy to help you with planning and booking tickets. Alternatively, you can also book a trip on the Lexa. Ask us for more information. You can find more information here: The white fleet<\/p>","protected":false},"author":1,"featured_media":0,"parent":0,"menu_order":0,"comment_status":"closed","ping_status":"closed","template":"","meta":{"footnotes":""},"class_list":["post-70","page","type-page","status-publish","hentry"],"yoast_head":"<!-- This site is optimized with the Yoast SEO plugin v27.3 - https:\/\/yoast.com\/product\/yoast-seo-wordpress\/ -->\n<title>-Hafen - Hotel am Sportpark<\/title>\n<meta name=\"description\" content=\"Der gr\u00f6\u00dfte Binnenhafen Europas liegt in Duisburg. Mit der wei\u00dfe Flotte und mit unserer Yacht Lexa k\u00f6nnen Sie Fahrten durch den Hafen buchen\" \/>\n<meta name=\"robots\" content=\"index, follow, max-snippet:-1, max-image-preview:large, max-video-preview:-1\" \/>\n<link rel=\"canonical\" href=\"https:\/\/am-sportpark.de\/en\/hafen\/\" \/>\n<meta property=\"og:locale\" content=\"en_US\" \/>\n<meta property=\"og:type\" content=\"article\" \/>\n<meta property=\"og:title\" content=\"-Hafen - Hotel am Sportpark\" \/>\n<meta property=\"og:description\" content=\"Der gr\u00f6\u00dfte Binnenhafen Europas liegt in Duisburg. Mit der wei\u00dfe Flotte und mit unserer Yacht Lexa k\u00f6nnen Sie Fahrten durch den Hafen buchen\" \/>\n<meta property=\"og:url\" content=\"https:\/\/am-sportpark.de\/en\/hafen\/\" \/>\n<meta property=\"og:site_name\" content=\"Hotel am Sportpark\" \/>\n<meta property=\"article:modified_time\" content=\"2024-07-06T05:27:47+00:00\" \/>\n<meta name=\"twitter:card\" content=\"summary_large_image\" \/>\n<meta name=\"twitter:label1\" content=\"Est. reading time\" \/>\n\t<meta name=\"twitter:data1\" content=\"1 minute\" \/>\n<script type=\"application\/ld+json\" class=\"yoast-schema-graph\">{\"@context\":\"https:\\\/\\\/schema.org\",\"@graph\":[{\"@type\":\"WebPage\",\"@id\":\"https:\\\/\\\/am-sportpark.de\\\/hafen\\\/\",\"url\":\"https:\\\/\\\/am-sportpark.de\\\/hafen\\\/\",\"name\":\"-Hafen - Hotel am Sportpark\",\"isPartOf\":{\"@id\":\"https:\\\/\\\/am-sportpark.de\\\/#website\"},\"datePublished\":\"2023-02-26T21:04:45+00:00\",\"dateModified\":\"2024-07-06T05:27:47+00:00\",\"description\":\"Der gr\u00f6\u00dfte Binnenhafen Europas liegt in Duisburg. Mit der wei\u00dfe Flotte und mit unserer Yacht Lexa k\u00f6nnen Sie Fahrten durch den Hafen buchen\",\"breadcrumb\":{\"@id\":\"https:\\\/\\\/am-sportpark.de\\\/hafen\\\/#breadcrumb\"},\"inLanguage\":\"en-US\",\"potentialAction\":[{\"@type\":\"ReadAction\",\"target\":[\"https:\\\/\\\/am-sportpark.de\\\/hafen\\\/\"]}]},{\"@type\":\"BreadcrumbList\",\"@id\":\"https:\\\/\\\/am-sportpark.de\\\/hafen\\\/#breadcrumb\",\"itemListElement\":[{\"@type\":\"ListItem\",\"position\":1,\"name\":\"Startseite\",\"item\":\"https:\\\/\\\/am-sportpark.de\\\/\"},{\"@type\":\"ListItem\",\"position\":2,\"name\":\"-Hafen\"}]},{\"@type\":\"WebSite\",\"@id\":\"https:\\\/\\\/am-sportpark.de\\\/#website\",\"url\":\"https:\\\/\\\/am-sportpark.de\\\/\",\"name\":\"Hotel am Sportpark\",\"description\":\"Familienhotel seit 1974\",\"publisher\":{\"@id\":\"https:\\\/\\\/am-sportpark.de\\\/#organization\"},\"potentialAction\":[{\"@type\":\"SearchAction\",\"target\":{\"@type\":\"EntryPoint\",\"urlTemplate\":\"https:\\\/\\\/am-sportpark.de\\\/?s={search_term_string}\"},\"query-input\":{\"@type\":\"PropertyValueSpecification\",\"valueRequired\":true,\"valueName\":\"search_term_string\"}}],\"inLanguage\":\"en-US\"},{\"@type\":\"Organization\",\"@id\":\"https:\\\/\\\/am-sportpark.de\\\/#organization\",\"name\":\"Hotel am Sportpark\",\"url\":\"https:\\\/\\\/am-sportpark.de\\\/\",\"logo\":{\"@type\":\"ImageObject\",\"inLanguage\":\"en-US\",\"@id\":\"https:\\\/\\\/am-sportpark.de\\\/#\\\/schema\\\/logo\\\/image\\\/\",\"url\":\"https:\\\/\\\/am-sportpark.de\\\/wp-content\\\/uploads\\\/2023\\\/02\\\/hotel-am-sportpark.webp\",\"contentUrl\":\"https:\\\/\\\/am-sportpark.de\\\/wp-content\\\/uploads\\\/2023\\\/02\\\/hotel-am-sportpark.webp\",\"width\":681,\"height\":228,\"caption\":\"Hotel am Sportpark\"},\"image\":{\"@id\":\"https:\\\/\\\/am-sportpark.de\\\/#\\\/schema\\\/logo\\\/image\\\/\"}}]}<\/script>\n<!-- \/ Yoast SEO plugin. -->","yoast_head_json":{"title":"-Harbor - Hotel at the sports park","description":"Europe&#039;s largest inland port is located in Duisburg. You can book harbor tours with the White Fleet and on our yacht Lexa.","robots":{"index":"index","follow":"follow","max-snippet":"max-snippet:-1","max-image-preview":"max-image-preview:large","max-video-preview":"max-video-preview:-1"},"canonical":"https:\/\/am-sportpark.de\/en\/hafen\/","og_locale":"en_US","og_type":"article","og_title":"-Hafen - Hotel am Sportpark","og_description":"Der gr\u00f6\u00dfte Binnenhafen Europas liegt in Duisburg. Mit der wei\u00dfe Flotte und mit unserer Yacht Lexa k\u00f6nnen Sie Fahrten durch den Hafen buchen","og_url":"https:\/\/am-sportpark.de\/en\/hafen\/","og_site_name":"Hotel am Sportpark","article_modified_time":"2024-07-06T05:27:47+00:00","twitter_card":"summary_large_image","twitter_misc":{"Est. reading time":"1 minute"},"schema":{"@context":"https:\/\/schema.org","@graph":[{"@type":"WebPage","@id":"https:\/\/am-sportpark.de\/hafen\/","url":"https:\/\/am-sportpark.de\/hafen\/","name":"-Harbor - Hotel at the sports park","isPartOf":{"@id":"https:\/\/am-sportpark.de\/#website"},"datePublished":"2023-02-26T21:04:45+00:00","dateModified":"2024-07-06T05:27:47+00:00","description":"Europe&#039;s largest inland port is located in Duisburg. You can book harbor tours with the White Fleet and on our yacht Lexa.","breadcrumb":{"@id":"https:\/\/am-sportpark.de\/hafen\/#breadcrumb"},"inLanguage":"en-US","potentialAction":[{"@type":"ReadAction","target":["https:\/\/am-sportpark.de\/hafen\/"]}]},{"@type":"BreadcrumbList","@id":"https:\/\/am-sportpark.de\/hafen\/#breadcrumb","itemListElement":[{"@type":"ListItem","position":1,"name":"Startseite","item":"https:\/\/am-sportpark.de\/"},{"@type":"ListItem","position":2,"name":"-Hafen"}]},{"@type":"WebSite","@id":"https:\/\/am-sportpark.de\/#website","url":"https:\/\/am-sportpark.de\/","name":"Hotel at the sports park","description":"Family-hotel since 1974","publisher":{"@id":"https:\/\/am-sportpark.de\/#organization"},"potentialAction":[{"@type":"SearchAction","target":{"@type":"EntryPoint","urlTemplate":"https:\/\/am-sportpark.de\/?s={search_term_string}"},"query-input":{"@type":"PropertyValueSpecification","valueRequired":true,"valueName":"search_term_string"}}],"inLanguage":"en-US"},{"@type":"Organization","@id":"https:\/\/am-sportpark.de\/#organization","name":"Hotel at the sports park","url":"https:\/\/am-sportpark.de\/","logo":{"@type":"ImageObject","inLanguage":"en-US","@id":"https:\/\/am-sportpark.de\/#\/schema\/logo\/image\/","url":"https:\/\/am-sportpark.de\/wp-content\/uploads\/2023\/02\/hotel-am-sportpark.webp","contentUrl":"https:\/\/am-sportpark.de\/wp-content\/uploads\/2023\/02\/hotel-am-sportpark.webp","width":681,"height":228,"caption":"Hotel am Sportpark"},"image":{"@id":"https:\/\/am-sportpark.de\/#\/schema\/logo\/image\/"}}]}},"_links":{"self":[{"href":"https:\/\/am-sportpark.de\/en\/wp-json\/wp\/v2\/pages\/70","targetHints":{"allow":["GET"]}}],"collection":[{"href":"https:\/\/am-sportpark.de\/en\/wp-json\/wp\/v2\/pages"}],"about":[{"href":"https:\/\/am-sportpark.de\/en\/wp-json\/wp\/v2\/types\/page"}],"author":[{"embeddable":true,"href":"https:\/\/am-sportpark.de\/en\/wp-json\/wp\/v2\/users\/1"}],"replies":[{"embeddable":true,"href":"https:\/\/am-sportpark.de\/en\/wp-json\/wp\/v2\/comments?post=70"}],"version-history":[{"count":7,"href":"https:\/\/am-sportpark.de\/en\/wp-json\/wp\/v2\/pages\/70\/revisions"}],"predecessor-version":[{"id":722,"href":"https:\/\/am-sportpark.de\/en\/wp-json\/wp\/v2\/pages\/70\/revisions\/722"}],"wp:attachment":[{"href":"https:\/\/am-sportpark.de\/en\/wp-json\/wp\/v2\/media?parent=70"}],"curies":[{"name":"wp","href":"https:\/\/api.w.org\/{rel}","templated":true}]}}