{"id":67,"date":"2023-02-26T22:04:13","date_gmt":"2023-02-26T21:04:13","guid":{"rendered":"http:\/\/newsite.am-sportpark.de\/?page_id=67"},"modified":"2024-07-06T07:21:12","modified_gmt":"2024-07-06T05:21:12","slug":"zoo","status":"publish","type":"page","link":"https:\/\/am-sportpark.de\/en\/zoo\/","title":{"rendered":"&#8211; Zoo"},"content":{"rendered":"<div data-elementor-type=\"wp-page\" data-elementor-id=\"67\" class=\"elementor elementor-67\" data-elementor-settings=\"{&quot;ha_cmc_init_switcher&quot;:&quot;no&quot;}\" data-elementor-post-type=\"page\">\n\t\t\t\t\t\t<section class=\"elementor-section elementor-top-section elementor-element elementor-element-e76e81a elementor-section-boxed elementor-section-height-default elementor-section-height-default wpr-particle-no wpr-jarallax-no wpr-parallax-no wpr-sticky-section-no wpr-equal-height-no\" data-id=\"e76e81a\" data-element_type=\"section\" data-e-type=\"section\" data-settings=\"{&quot;_ha_eqh_enable&quot;:false}\">\n\t\t\t\t\t\t<div class=\"elementor-container elementor-column-gap-default\">\n\t\t\t\t\t<div class=\"elementor-column elementor-col-100 elementor-top-column elementor-element elementor-element-261a32e\" data-id=\"261a32e\" data-element_type=\"column\" data-e-type=\"column\">\n\t\t\t<div class=\"elementor-widget-wrap elementor-element-populated\">\n\t\t\t\t\t\t<div class=\"elementor-element elementor-element-ef4c10a elementor-widget elementor-widget-heading\" data-id=\"ef4c10a\" data-element_type=\"widget\" data-e-type=\"widget\" data-widget_type=\"heading.default\">\n\t\t\t\t<div class=\"elementor-widget-container\">\n\t\t\t\t\t<h2 class=\"elementor-heading-title elementor-size-default\">Duisburg Zoo<\/h2>\t\t\t\t<\/div>\n\t\t\t\t<\/div>\n\t\t\t\t\t<\/div>\n\t\t<\/div>\n\t\t\t\t\t<\/div>\n\t\t<\/section>\n\t\t\t\t<section class=\"elementor-section elementor-top-section elementor-element elementor-element-53c6b86 elementor-section-boxed elementor-section-height-default elementor-section-height-default wpr-particle-no wpr-jarallax-no wpr-parallax-no wpr-sticky-section-no wpr-equal-height-no\" data-id=\"53c6b86\" data-element_type=\"section\" data-e-type=\"section\" data-settings=\"{&quot;_ha_eqh_enable&quot;:false}\">\n\t\t\t\t\t\t<div class=\"elementor-container elementor-column-gap-default\">\n\t\t\t\t\t<div class=\"elementor-column elementor-col-100 elementor-top-column elementor-element elementor-element-5e50410\" data-id=\"5e50410\" data-element_type=\"column\" data-e-type=\"column\">\n\t\t\t<div class=\"elementor-widget-wrap elementor-element-populated\">\n\t\t\t\t\t\t<div class=\"elementor-element elementor-element-b700103 elementor-widget elementor-widget-text-editor\" data-id=\"b700103\" data-element_type=\"widget\" data-e-type=\"widget\" data-widget_type=\"text-editor.default\">\n\t\t\t\t<div class=\"elementor-widget-container\">\n\t\t\t\t\t\t\t\t\t<p>The Duisburg Zoo, located on an area of \u200b\u200baround 4 hectares on the Kaiserberg, was opened in 1934. Koalas, lemurs, lions, sloths and co. attract around 1 million visitors every year. The new, spacious tiger enclosure has been a special attraction since spring 2016.<\/p><p>We would be happy to help you plan your visit to the zoo - or you can book the zoo special directly with us.<\/p><p><a href=\"\/en\/\u00adhttps:\/\/zoo-duisburg.dee\/\" target=\"_blank\" rel=\"noopener\">Here you can get more information <\/a><\/p>\t\t\t\t\t\t\t\t<\/div>\n\t\t\t\t<\/div>\n\t\t\t\t\t<\/div>\n\t\t<\/div>\n\t\t\t\t\t<\/div>\n\t\t<\/section>\n\t\t\t\t<\/div>","protected":false},"excerpt":{"rendered":"<p>Duisburg Zoo Duisburg Zoo, located on an area of around 4 hectares on the Kaiserberg, was opened in 1934. Koalas, lemurs, lions, sloths and the like attract around 1 million visitors every year. Since spring 2016, the new, spacious tiger enclosure has been a special attraction. We would be happy to help you plan your visit to the zoo - or book the zoo special directly with us. You can find more information here<\/p>","protected":false},"author":1,"featured_media":0,"parent":0,"menu_order":0,"comment_status":"closed","ping_status":"closed","template":"","meta":{"footnotes":""},"class_list":["post-67","page","type-page","status-publish","hentry"],"yoast_head":"<!-- This site is optimized with the Yoast SEO plugin v27.4 - https:\/\/yoast.com\/product\/yoast-seo-wordpress\/ -->\n<title>- Zoo - Hotel am Sportpark<\/title>\n<meta name=\"description\" content=\"Der Zoo Duisburg mit Tigern, L\u00f6wen, Delphinen, Affen, B\u00e4ren und vielem mehr. Neben Zoo Zajac einer der Treffpunkte f\u00fcr Tierfreunde\" \/>\n<meta name=\"robots\" content=\"index, follow, max-snippet:-1, max-image-preview:large, max-video-preview:-1\" \/>\n<link rel=\"canonical\" href=\"https:\/\/am-sportpark.de\/en\/zoo\/\" \/>\n<meta property=\"og:locale\" content=\"en_US\" \/>\n<meta property=\"og:type\" content=\"article\" \/>\n<meta property=\"og:title\" content=\"- Zoo - Hotel am Sportpark\" \/>\n<meta property=\"og:description\" content=\"Der Zoo Duisburg mit Tigern, L\u00f6wen, Delphinen, Affen, B\u00e4ren und vielem mehr. Neben Zoo Zajac einer der Treffpunkte f\u00fcr Tierfreunde\" \/>\n<meta property=\"og:url\" content=\"https:\/\/am-sportpark.de\/en\/zoo\/\" \/>\n<meta property=\"og:site_name\" content=\"Hotel am Sportpark\" \/>\n<meta property=\"article:modified_time\" content=\"2024-07-06T05:21:12+00:00\" \/>\n<meta name=\"twitter:card\" content=\"summary_large_image\" \/>\n<meta name=\"twitter:label1\" content=\"Est. reading time\" \/>\n\t<meta name=\"twitter:data1\" content=\"1 minute\" \/>\n<script type=\"application\/ld+json\" class=\"yoast-schema-graph\">{\"@context\":\"https:\\\/\\\/schema.org\",\"@graph\":[{\"@type\":\"WebPage\",\"@id\":\"https:\\\/\\\/am-sportpark.de\\\/zoo\\\/\",\"url\":\"https:\\\/\\\/am-sportpark.de\\\/zoo\\\/\",\"name\":\"- Zoo - Hotel am Sportpark\",\"isPartOf\":{\"@id\":\"https:\\\/\\\/am-sportpark.de\\\/#website\"},\"datePublished\":\"2023-02-26T21:04:13+00:00\",\"dateModified\":\"2024-07-06T05:21:12+00:00\",\"description\":\"Der Zoo Duisburg mit Tigern, L\u00f6wen, Delphinen, Affen, B\u00e4ren und vielem mehr. Neben Zoo Zajac einer der Treffpunkte f\u00fcr Tierfreunde\",\"breadcrumb\":{\"@id\":\"https:\\\/\\\/am-sportpark.de\\\/zoo\\\/#breadcrumb\"},\"inLanguage\":\"en-US\",\"potentialAction\":[{\"@type\":\"ReadAction\",\"target\":[\"https:\\\/\\\/am-sportpark.de\\\/zoo\\\/\"]}]},{\"@type\":\"BreadcrumbList\",\"@id\":\"https:\\\/\\\/am-sportpark.de\\\/zoo\\\/#breadcrumb\",\"itemListElement\":[{\"@type\":\"ListItem\",\"position\":1,\"name\":\"Startseite\",\"item\":\"https:\\\/\\\/am-sportpark.de\\\/\"},{\"@type\":\"ListItem\",\"position\":2,\"name\":\"&#8211; Zoo\"}]},{\"@type\":\"WebSite\",\"@id\":\"https:\\\/\\\/am-sportpark.de\\\/#website\",\"url\":\"https:\\\/\\\/am-sportpark.de\\\/\",\"name\":\"Hotel am Sportpark\",\"description\":\"Familienhotel seit 1974\",\"publisher\":{\"@id\":\"https:\\\/\\\/am-sportpark.de\\\/#organization\"},\"potentialAction\":[{\"@type\":\"SearchAction\",\"target\":{\"@type\":\"EntryPoint\",\"urlTemplate\":\"https:\\\/\\\/am-sportpark.de\\\/?s={search_term_string}\"},\"query-input\":{\"@type\":\"PropertyValueSpecification\",\"valueRequired\":true,\"valueName\":\"search_term_string\"}}],\"inLanguage\":\"en-US\"},{\"@type\":\"Organization\",\"@id\":\"https:\\\/\\\/am-sportpark.de\\\/#organization\",\"name\":\"Hotel am Sportpark\",\"url\":\"https:\\\/\\\/am-sportpark.de\\\/\",\"logo\":{\"@type\":\"ImageObject\",\"inLanguage\":\"en-US\",\"@id\":\"https:\\\/\\\/am-sportpark.de\\\/#\\\/schema\\\/logo\\\/image\\\/\",\"url\":\"https:\\\/\\\/am-sportpark.de\\\/wp-content\\\/uploads\\\/2023\\\/02\\\/hotel-am-sportpark.webp\",\"contentUrl\":\"https:\\\/\\\/am-sportpark.de\\\/wp-content\\\/uploads\\\/2023\\\/02\\\/hotel-am-sportpark.webp\",\"width\":681,\"height\":228,\"caption\":\"Hotel am Sportpark\"},\"image\":{\"@id\":\"https:\\\/\\\/am-sportpark.de\\\/#\\\/schema\\\/logo\\\/image\\\/\"}}]}<\/script>\n<!-- \/ Yoast SEO plugin. -->","yoast_head_json":{"title":"- Zoo - Hotel at the Sports Park","description":"Duisburg Zoo, with tigers, lions, dolphins, monkeys, bears, and much more, is one of the meeting places for animal lovers, along with Zoo Zajac.","robots":{"index":"index","follow":"follow","max-snippet":"max-snippet:-1","max-image-preview":"max-image-preview:large","max-video-preview":"max-video-preview:-1"},"canonical":"https:\/\/am-sportpark.de\/en\/zoo\/","og_locale":"en_US","og_type":"article","og_title":"- Zoo - Hotel am Sportpark","og_description":"Der Zoo Duisburg mit Tigern, L\u00f6wen, Delphinen, Affen, B\u00e4ren und vielem mehr. Neben Zoo Zajac einer der Treffpunkte f\u00fcr Tierfreunde","og_url":"https:\/\/am-sportpark.de\/en\/zoo\/","og_site_name":"Hotel am Sportpark","article_modified_time":"2024-07-06T05:21:12+00:00","twitter_card":"summary_large_image","twitter_misc":{"Est. reading time":"1 minute"},"schema":{"@context":"https:\/\/schema.org","@graph":[{"@type":"WebPage","@id":"https:\/\/am-sportpark.de\/zoo\/","url":"https:\/\/am-sportpark.de\/zoo\/","name":"- Zoo - Hotel at the Sports Park","isPartOf":{"@id":"https:\/\/am-sportpark.de\/#website"},"datePublished":"2023-02-26T21:04:13+00:00","dateModified":"2024-07-06T05:21:12+00:00","description":"Duisburg Zoo, with tigers, lions, dolphins, monkeys, bears, and much more, is one of the meeting places for animal lovers, along with Zoo Zajac.","breadcrumb":{"@id":"https:\/\/am-sportpark.de\/zoo\/#breadcrumb"},"inLanguage":"en-US","potentialAction":[{"@type":"ReadAction","target":["https:\/\/am-sportpark.de\/zoo\/"]}]},{"@type":"BreadcrumbList","@id":"https:\/\/am-sportpark.de\/zoo\/#breadcrumb","itemListElement":[{"@type":"ListItem","position":1,"name":"Startseite","item":"https:\/\/am-sportpark.de\/"},{"@type":"ListItem","position":2,"name":"&#8211; Zoo"}]},{"@type":"WebSite","@id":"https:\/\/am-sportpark.de\/#website","url":"https:\/\/am-sportpark.de\/","name":"Hotel at the sports park","description":"Family-hotel since 1974","publisher":{"@id":"https:\/\/am-sportpark.de\/#organization"},"potentialAction":[{"@type":"SearchAction","target":{"@type":"EntryPoint","urlTemplate":"https:\/\/am-sportpark.de\/?s={search_term_string}"},"query-input":{"@type":"PropertyValueSpecification","valueRequired":true,"valueName":"search_term_string"}}],"inLanguage":"en-US"},{"@type":"Organization","@id":"https:\/\/am-sportpark.de\/#organization","name":"Hotel at the sports park","url":"https:\/\/am-sportpark.de\/","logo":{"@type":"ImageObject","inLanguage":"en-US","@id":"https:\/\/am-sportpark.de\/#\/schema\/logo\/image\/","url":"https:\/\/am-sportpark.de\/wp-content\/uploads\/2023\/02\/hotel-am-sportpark.webp","contentUrl":"https:\/\/am-sportpark.de\/wp-content\/uploads\/2023\/02\/hotel-am-sportpark.webp","width":681,"height":228,"caption":"Hotel am Sportpark"},"image":{"@id":"https:\/\/am-sportpark.de\/#\/schema\/logo\/image\/"}}]}},"_links":{"self":[{"href":"https:\/\/am-sportpark.de\/en\/wp-json\/wp\/v2\/pages\/67","targetHints":{"allow":["GET"]}}],"collection":[{"href":"https:\/\/am-sportpark.de\/en\/wp-json\/wp\/v2\/pages"}],"about":[{"href":"https:\/\/am-sportpark.de\/en\/wp-json\/wp\/v2\/types\/page"}],"author":[{"embeddable":true,"href":"https:\/\/am-sportpark.de\/en\/wp-json\/wp\/v2\/users\/1"}],"replies":[{"embeddable":true,"href":"https:\/\/am-sportpark.de\/en\/wp-json\/wp\/v2\/comments?post=67"}],"version-history":[{"count":10,"href":"https:\/\/am-sportpark.de\/en\/wp-json\/wp\/v2\/pages\/67\/revisions"}],"predecessor-version":[{"id":716,"href":"https:\/\/am-sportpark.de\/en\/wp-json\/wp\/v2\/pages\/67\/revisions\/716"}],"wp:attachment":[{"href":"https:\/\/am-sportpark.de\/en\/wp-json\/wp\/v2\/media?parent=67"}],"curies":[{"name":"wp","href":"https:\/\/api.w.org\/{rel}","templated":true}]}}