{"id":65,"date":"2023-02-26T22:03:57","date_gmt":"2023-02-26T21:03:57","guid":{"rendered":"http:\/\/newsite.am-sportpark.de\/?page_id=65"},"modified":"2025-08-22T06:24:22","modified_gmt":"2025-08-22T04:24:22","slug":"restaurants","status":"publish","type":"page","link":"https:\/\/am-sportpark.de\/en\/restaurants\/","title":{"rendered":"&#8211; Restaurants"},"content":{"rendered":"<div data-elementor-type=\"wp-page\" data-elementor-id=\"65\" class=\"elementor elementor-65\" data-elementor-settings=\"{&quot;ha_cmc_init_switcher&quot;:&quot;no&quot;}\" data-elementor-post-type=\"page\">\n\t\t\t\t\t\t<section class=\"elementor-section elementor-top-section elementor-element elementor-element-95a0919 elementor-section-boxed elementor-section-height-default elementor-section-height-default wpr-particle-no wpr-jarallax-no wpr-parallax-no wpr-sticky-section-no wpr-equal-height-no\" data-id=\"95a0919\" data-element_type=\"section\" data-e-type=\"section\" data-settings=\"{&quot;_ha_eqh_enable&quot;:false}\">\n\t\t\t\t\t\t<div class=\"elementor-container elementor-column-gap-default\">\n\t\t\t\t\t<div class=\"elementor-column elementor-col-100 elementor-top-column elementor-element elementor-element-29b2862\" data-id=\"29b2862\" data-element_type=\"column\" data-e-type=\"column\">\n\t\t\t<div class=\"elementor-widget-wrap elementor-element-populated\">\n\t\t\t\t\t\t<div class=\"elementor-element elementor-element-5446ef1 elementor-widget elementor-widget-heading\" data-id=\"5446ef1\" data-element_type=\"widget\" data-e-type=\"widget\" data-widget_type=\"heading.default\">\n\t\t\t\t<div class=\"elementor-widget-container\">\n\t\t\t\t\t<h2 class=\"elementor-heading-title elementor-size-default\">Restaurants<\/h2>\t\t\t\t<\/div>\n\t\t\t\t<\/div>\n\t\t\t\t\t<\/div>\n\t\t<\/div>\n\t\t\t\t\t<\/div>\n\t\t<\/section>\n\t\t\t\t<section class=\"elementor-section elementor-top-section elementor-element elementor-element-6944858 elementor-section-boxed elementor-section-height-default elementor-section-height-default wpr-particle-no wpr-jarallax-no wpr-parallax-no wpr-sticky-section-no wpr-equal-height-no\" data-id=\"6944858\" data-element_type=\"section\" data-e-type=\"section\" data-settings=\"{&quot;_ha_eqh_enable&quot;:false}\">\n\t\t\t\t\t\t<div class=\"elementor-container elementor-column-gap-default\">\n\t\t\t\t\t<div class=\"elementor-column elementor-col-100 elementor-top-column elementor-element elementor-element-955de60\" data-id=\"955de60\" data-element_type=\"column\" data-e-type=\"column\">\n\t\t\t<div class=\"elementor-widget-wrap elementor-element-populated\">\n\t\t\t\t\t\t<div class=\"elementor-element elementor-element-8684a1f elementor-widget elementor-widget-text-editor\" data-id=\"8684a1f\" data-element_type=\"widget\" data-e-type=\"widget\" data-widget_type=\"text-editor.default\">\n\t\t\t\t<div class=\"elementor-widget-container\">\n\t\t\t\t\t\t\t\t\t<p>As a city with almost 500,000 inhabitants, Duisburg offers not only culture but also many pleasant, small and large restaurants with excellent cuisine. The city also benefits from the diversity of its citizens. You can choose how and what you want to eat in the evening: Turkish, Polish, Italian, Vietnamese, Chinese, French, Yugoslavian, Greek, and, of course, German.<\/p><p>Simply ask us before your arrival or during your stay, and we will help you reserve a suitable table at a restaurant of your choice.<\/p><p>Unfortunately, there&#039;s a slight change with our favorite restaurants. Most have introduced a French week. This means they&#039;re closed on Mondays. Unfortunately, this means five restaurants around us are out of the question. Then we&#039;ll only have four restaurants within walking distance. But that should still be fine.<\/p>\t\t\t\t\t\t\t\t<\/div>\n\t\t\t\t<\/div>\n\t\t\t\t\t<\/div>\n\t\t<\/div>\n\t\t\t\t\t<\/div>\n\t\t<\/section>\n\t\t\t\t<\/div>","protected":false},"excerpt":{"rendered":"<p>Restaurants As a city with almost 500,000 inhabitants, Duisburg not only has culture to offer, but also many pleasant small and large restaurants with excellent cuisine. The city also benefits from the diversity of its citizens. You can choose how and what you want to eat in the evening: Turkish, Polish, Italian, Vietnamese, Chinese, French, Yugoslavian, Greek, and of course, German. Just ask us before your arrival or during your stay, and we will help you reserve a suitable table at a restaurant of your choice. Unfortunately, there has been a slight change to our favorite restaurants. Most have introduced a French week. This means that they are closed on Mondays. This unfortunately means that five restaurants around us are no longer available. Then we only have four restaurants within walking distance. But that should still be fine.<\/p>","protected":false},"author":1,"featured_media":0,"parent":0,"menu_order":0,"comment_status":"closed","ping_status":"closed","template":"","meta":{"footnotes":""},"class_list":["post-65","page","type-page","status-publish","hentry"],"yoast_head":"<!-- This site is optimized with the Yoast SEO plugin v27.4 - https:\/\/yoast.com\/product\/yoast-seo-wordpress\/ -->\n<title>- Restaurants - Hotel am Sportpark<\/title>\n<meta name=\"description\" content=\"Um unser Hotel finden Sie 15 Restaurants fu\u00dfl\u00e4ufig entfernt. Fragen Sie an der Rezeption nach einer \u00dcbersicht.\" \/>\n<meta name=\"robots\" content=\"index, follow, max-snippet:-1, max-image-preview:large, max-video-preview:-1\" \/>\n<link rel=\"canonical\" href=\"https:\/\/am-sportpark.de\/en\/restaurants\/\" \/>\n<meta property=\"og:locale\" content=\"en_US\" \/>\n<meta property=\"og:type\" content=\"article\" \/>\n<meta property=\"og:title\" content=\"- Restaurants - Hotel am Sportpark\" \/>\n<meta property=\"og:description\" content=\"Um unser Hotel finden Sie 15 Restaurants fu\u00dfl\u00e4ufig entfernt. Fragen Sie an der Rezeption nach einer \u00dcbersicht.\" \/>\n<meta property=\"og:url\" content=\"https:\/\/am-sportpark.de\/en\/restaurants\/\" \/>\n<meta property=\"og:site_name\" content=\"Hotel am Sportpark\" \/>\n<meta property=\"article:modified_time\" content=\"2025-08-22T04:24:22+00:00\" \/>\n<meta name=\"twitter:card\" content=\"summary_large_image\" \/>\n<meta name=\"twitter:label1\" content=\"Est. reading time\" \/>\n\t<meta name=\"twitter:data1\" content=\"1 minute\" \/>\n<script type=\"application\/ld+json\" class=\"yoast-schema-graph\">{\"@context\":\"https:\\\/\\\/schema.org\",\"@graph\":[{\"@type\":\"WebPage\",\"@id\":\"https:\\\/\\\/am-sportpark.de\\\/restaurants\\\/\",\"url\":\"https:\\\/\\\/am-sportpark.de\\\/restaurants\\\/\",\"name\":\"- Restaurants - Hotel am Sportpark\",\"isPartOf\":{\"@id\":\"https:\\\/\\\/am-sportpark.de\\\/#website\"},\"datePublished\":\"2023-02-26T21:03:57+00:00\",\"dateModified\":\"2025-08-22T04:24:22+00:00\",\"description\":\"Um unser Hotel finden Sie 15 Restaurants fu\u00dfl\u00e4ufig entfernt. Fragen Sie an der Rezeption nach einer \u00dcbersicht.\",\"breadcrumb\":{\"@id\":\"https:\\\/\\\/am-sportpark.de\\\/restaurants\\\/#breadcrumb\"},\"inLanguage\":\"en-US\",\"potentialAction\":[{\"@type\":\"ReadAction\",\"target\":[\"https:\\\/\\\/am-sportpark.de\\\/restaurants\\\/\"]}]},{\"@type\":\"BreadcrumbList\",\"@id\":\"https:\\\/\\\/am-sportpark.de\\\/restaurants\\\/#breadcrumb\",\"itemListElement\":[{\"@type\":\"ListItem\",\"position\":1,\"name\":\"Startseite\",\"item\":\"https:\\\/\\\/am-sportpark.de\\\/\"},{\"@type\":\"ListItem\",\"position\":2,\"name\":\"&#8211; Restaurants\"}]},{\"@type\":\"WebSite\",\"@id\":\"https:\\\/\\\/am-sportpark.de\\\/#website\",\"url\":\"https:\\\/\\\/am-sportpark.de\\\/\",\"name\":\"Hotel am Sportpark\",\"description\":\"Familienhotel seit 1974\",\"publisher\":{\"@id\":\"https:\\\/\\\/am-sportpark.de\\\/#organization\"},\"potentialAction\":[{\"@type\":\"SearchAction\",\"target\":{\"@type\":\"EntryPoint\",\"urlTemplate\":\"https:\\\/\\\/am-sportpark.de\\\/?s={search_term_string}\"},\"query-input\":{\"@type\":\"PropertyValueSpecification\",\"valueRequired\":true,\"valueName\":\"search_term_string\"}}],\"inLanguage\":\"en-US\"},{\"@type\":\"Organization\",\"@id\":\"https:\\\/\\\/am-sportpark.de\\\/#organization\",\"name\":\"Hotel am Sportpark\",\"url\":\"https:\\\/\\\/am-sportpark.de\\\/\",\"logo\":{\"@type\":\"ImageObject\",\"inLanguage\":\"en-US\",\"@id\":\"https:\\\/\\\/am-sportpark.de\\\/#\\\/schema\\\/logo\\\/image\\\/\",\"url\":\"https:\\\/\\\/am-sportpark.de\\\/wp-content\\\/uploads\\\/2023\\\/02\\\/hotel-am-sportpark.webp\",\"contentUrl\":\"https:\\\/\\\/am-sportpark.de\\\/wp-content\\\/uploads\\\/2023\\\/02\\\/hotel-am-sportpark.webp\",\"width\":681,\"height\":228,\"caption\":\"Hotel am Sportpark\"},\"image\":{\"@id\":\"https:\\\/\\\/am-sportpark.de\\\/#\\\/schema\\\/logo\\\/image\\\/\"}}]}<\/script>\n<!-- \/ Yoast SEO plugin. -->","yoast_head_json":{"title":"- Restaurants - Hotel at the sports park","description":"There are 15 restaurants within walking distance of our hotel. Ask at reception for a list.","robots":{"index":"index","follow":"follow","max-snippet":"max-snippet:-1","max-image-preview":"max-image-preview:large","max-video-preview":"max-video-preview:-1"},"canonical":"https:\/\/am-sportpark.de\/en\/restaurants\/","og_locale":"en_US","og_type":"article","og_title":"- Restaurants - Hotel am Sportpark","og_description":"Um unser Hotel finden Sie 15 Restaurants fu\u00dfl\u00e4ufig entfernt. Fragen Sie an der Rezeption nach einer \u00dcbersicht.","og_url":"https:\/\/am-sportpark.de\/en\/restaurants\/","og_site_name":"Hotel am Sportpark","article_modified_time":"2025-08-22T04:24:22+00:00","twitter_card":"summary_large_image","twitter_misc":{"Est. reading time":"1 minute"},"schema":{"@context":"https:\/\/schema.org","@graph":[{"@type":"WebPage","@id":"https:\/\/am-sportpark.de\/restaurants\/","url":"https:\/\/am-sportpark.de\/restaurants\/","name":"- Restaurants - Hotel at the sports park","isPartOf":{"@id":"https:\/\/am-sportpark.de\/#website"},"datePublished":"2023-02-26T21:03:57+00:00","dateModified":"2025-08-22T04:24:22+00:00","description":"There are 15 restaurants within walking distance of our hotel. Ask at reception for a list.","breadcrumb":{"@id":"https:\/\/am-sportpark.de\/restaurants\/#breadcrumb"},"inLanguage":"en-US","potentialAction":[{"@type":"ReadAction","target":["https:\/\/am-sportpark.de\/restaurants\/"]}]},{"@type":"BreadcrumbList","@id":"https:\/\/am-sportpark.de\/restaurants\/#breadcrumb","itemListElement":[{"@type":"ListItem","position":1,"name":"Startseite","item":"https:\/\/am-sportpark.de\/"},{"@type":"ListItem","position":2,"name":"&#8211; Restaurants"}]},{"@type":"WebSite","@id":"https:\/\/am-sportpark.de\/#website","url":"https:\/\/am-sportpark.de\/","name":"Hotel at the sports park","description":"Family-hotel since 1974","publisher":{"@id":"https:\/\/am-sportpark.de\/#organization"},"potentialAction":[{"@type":"SearchAction","target":{"@type":"EntryPoint","urlTemplate":"https:\/\/am-sportpark.de\/?s={search_term_string}"},"query-input":{"@type":"PropertyValueSpecification","valueRequired":true,"valueName":"search_term_string"}}],"inLanguage":"en-US"},{"@type":"Organization","@id":"https:\/\/am-sportpark.de\/#organization","name":"Hotel at the sports park","url":"https:\/\/am-sportpark.de\/","logo":{"@type":"ImageObject","inLanguage":"en-US","@id":"https:\/\/am-sportpark.de\/#\/schema\/logo\/image\/","url":"https:\/\/am-sportpark.de\/wp-content\/uploads\/2023\/02\/hotel-am-sportpark.webp","contentUrl":"https:\/\/am-sportpark.de\/wp-content\/uploads\/2023\/02\/hotel-am-sportpark.webp","width":681,"height":228,"caption":"Hotel am Sportpark"},"image":{"@id":"https:\/\/am-sportpark.de\/#\/schema\/logo\/image\/"}}]}},"_links":{"self":[{"href":"https:\/\/am-sportpark.de\/en\/wp-json\/wp\/v2\/pages\/65","targetHints":{"allow":["GET"]}}],"collection":[{"href":"https:\/\/am-sportpark.de\/en\/wp-json\/wp\/v2\/pages"}],"about":[{"href":"https:\/\/am-sportpark.de\/en\/wp-json\/wp\/v2\/types\/page"}],"author":[{"embeddable":true,"href":"https:\/\/am-sportpark.de\/en\/wp-json\/wp\/v2\/users\/1"}],"replies":[{"embeddable":true,"href":"https:\/\/am-sportpark.de\/en\/wp-json\/wp\/v2\/comments?post=65"}],"version-history":[{"count":10,"href":"https:\/\/am-sportpark.de\/en\/wp-json\/wp\/v2\/pages\/65\/revisions"}],"predecessor-version":[{"id":1527,"href":"https:\/\/am-sportpark.de\/en\/wp-json\/wp\/v2\/pages\/65\/revisions\/1527"}],"wp:attachment":[{"href":"https:\/\/am-sportpark.de\/en\/wp-json\/wp\/v2\/media?parent=65"}],"curies":[{"name":"wp","href":"https:\/\/api.w.org\/{rel}","templated":true}]}}