{"id":54,"date":"2023-02-26T21:37:47","date_gmt":"2023-02-26T20:37:47","guid":{"rendered":"http:\/\/newsite.am-sportpark.de\/?page_id=54"},"modified":"2025-06-20T10:49:51","modified_gmt":"2025-06-20T08:49:51","slug":"regattabahn","status":"publish","type":"page","link":"https:\/\/am-sportpark.de\/en\/regattabahn\/","title":{"rendered":"Regatta course"},"content":{"rendered":"<div data-elementor-type=\"wp-page\" data-elementor-id=\"54\" class=\"elementor elementor-54\" data-elementor-settings=\"{&quot;ha_cmc_init_switcher&quot;:&quot;no&quot;}\" data-elementor-post-type=\"page\">\n\t\t\t\t\t\t<section class=\"elementor-section elementor-top-section elementor-element elementor-element-2728780 elementor-section-boxed elementor-section-height-default elementor-section-height-default wpr-particle-no wpr-jarallax-no wpr-parallax-no wpr-sticky-section-no wpr-equal-height-no\" data-id=\"2728780\" data-element_type=\"section\" data-e-type=\"section\" data-settings=\"{&quot;_ha_eqh_enable&quot;:false}\">\n\t\t\t\t\t\t<div class=\"elementor-container elementor-column-gap-default\">\n\t\t\t\t\t<div class=\"elementor-column elementor-col-100 elementor-top-column elementor-element elementor-element-0aee0d1\" data-id=\"0aee0d1\" data-element_type=\"column\" data-e-type=\"column\">\n\t\t\t<div class=\"elementor-widget-wrap elementor-element-populated\">\n\t\t\t\t\t\t<div class=\"elementor-element elementor-element-4450d1a elementor-widget elementor-widget-heading\" data-id=\"4450d1a\" data-element_type=\"widget\" data-e-type=\"widget\" data-widget_type=\"heading.default\">\n\t\t\t\t<div class=\"elementor-widget-container\">\n\t\t\t\t\t<h2 class=\"elementor-heading-title elementor-size-default\">Regatta course<\/h2>\t\t\t\t<\/div>\n\t\t\t\t<\/div>\n\t\t\t\t\t<\/div>\n\t\t<\/div>\n\t\t\t\t\t<\/div>\n\t\t<\/section>\n\t\t\t\t<section class=\"elementor-section elementor-top-section elementor-element elementor-element-5bdc482 elementor-section-boxed elementor-section-height-default elementor-section-height-default wpr-particle-no wpr-jarallax-no wpr-parallax-no wpr-sticky-section-no wpr-equal-height-no\" data-id=\"5bdc482\" data-element_type=\"section\" data-e-type=\"section\" data-settings=\"{&quot;_ha_eqh_enable&quot;:false}\">\n\t\t\t\t\t\t<div class=\"elementor-container elementor-column-gap-default\">\n\t\t\t\t\t<div class=\"elementor-column elementor-col-100 elementor-top-column elementor-element elementor-element-d3ded30\" data-id=\"d3ded30\" data-element_type=\"column\" data-e-type=\"column\">\n\t\t\t<div class=\"elementor-widget-wrap elementor-element-populated\">\n\t\t\t\t\t\t<div class=\"elementor-element elementor-element-f856c5e elementor-widget elementor-widget-image\" data-id=\"f856c5e\" data-element_type=\"widget\" data-e-type=\"widget\" data-widget_type=\"image.default\">\n\t\t\t\t<div class=\"elementor-widget-container\">\n\t\t\t\t\t\t\t\t\t\t\t\t\t\t\t<img fetchpriority=\"high\" decoding=\"async\" width=\"1200\" height=\"900\" src=\"https:\/\/am-sportpark.de\/wp-content\/uploads\/2023\/03\/Duisburg13091417-Luftbild.webp\" class=\"attachment-kava-thumb-xl size-kava-thumb-xl wp-image-735\" alt=\"\" srcset=\"https:\/\/am-sportpark.de\/wp-content\/uploads\/2023\/03\/Duisburg13091417-Luftbild.webp 1200w, https:\/\/am-sportpark.de\/wp-content\/uploads\/2023\/03\/Duisburg13091417-Luftbild-300x225.webp 300w, https:\/\/am-sportpark.de\/wp-content\/uploads\/2023\/03\/Duisburg13091417-Luftbild-1024x768.webp 1024w, https:\/\/am-sportpark.de\/wp-content\/uploads\/2023\/03\/Duisburg13091417-Luftbild-768x576.webp 768w, https:\/\/am-sportpark.de\/wp-content\/uploads\/2023\/03\/Duisburg13091417-Luftbild-16x12.webp 16w, https:\/\/am-sportpark.de\/wp-content\/uploads\/2023\/03\/Duisburg13091417-Luftbild-600x450.webp 600w\" sizes=\"(max-width: 1200px) 100vw, 1200px\" \/>\t\t\t\t\t\t\t\t\t\t\t\t\t\t\t<\/div>\n\t\t\t\t<\/div>\n\t\t\t\t\t<\/div>\n\t\t<\/div>\n\t\t\t\t\t<\/div>\n\t\t<\/section>\n\t\t\t\t<section class=\"elementor-section elementor-top-section elementor-element elementor-element-d38bd7e elementor-section-boxed elementor-section-height-default elementor-section-height-default wpr-particle-no wpr-jarallax-no wpr-parallax-no wpr-sticky-section-no wpr-equal-height-no\" data-id=\"d38bd7e\" data-element_type=\"section\" data-e-type=\"section\" data-settings=\"{&quot;_ha_eqh_enable&quot;:false}\">\n\t\t\t\t\t\t<div class=\"elementor-container elementor-column-gap-default\">\n\t\t\t\t\t<div class=\"elementor-column elementor-col-100 elementor-top-column elementor-element elementor-element-75739ab\" data-id=\"75739ab\" data-element_type=\"column\" data-e-type=\"column\">\n\t\t\t<div class=\"elementor-widget-wrap elementor-element-populated\">\n\t\t\t\t\t\t<div class=\"elementor-element elementor-element-09c2222 elementor-widget elementor-widget-text-editor\" data-id=\"09c2222\" data-element_type=\"widget\" data-e-type=\"widget\" data-widget_type=\"text-editor.default\">\n\t\t\t\t<div class=\"elementor-widget-container\">\n\t\t\t\t\t\t\t\t\tThe Duisburg regatta course is less than 5 minutes from our hotel. It is a competition route for canoeing and rowing. It is approx. 2300 m long and approx. 150 m wide and is located in the Duisburg sports park in the south of the Neudorf district of Duisburg.\n\nBig rowing competitions are held there every year.\n\n<a href=\"hhttps:\/\/www.bing.com\/ck\/a?!&#038;&#038;p=d9f1a58f8272e28eJmltdHM9MTY3OTE4NDAwMCZpZ3VpZD0zYWM3ZjA5YS0xOTNjLTY5MDQtMDQzZS1lMjJiMTg0MzY4Y2MmaW5zaWQ9NTE5OA&#038;ptn=3&#038;hsh=3&#038;fclid=3ac7f09a-193c-6904-043e-e22b184368cc&#038;psq=regattabahn&#038;u=a1aHR0cHM6Ly9kdWlzYnVyZy5kZS9zcG9ydC9yYWdhdHRhYmFobi9yZWdhdHRhYmFobi5waHA&#038;ntb=1\">More information<\/a>\t\t\t\t\t\t\t\t<\/div>\n\t\t\t\t<\/div>\n\t\t\t\t\t<\/div>\n\t\t<\/div>\n\t\t\t\t\t<\/div>\n\t\t<\/section>\n\t\t\t\t<\/div>","protected":false},"excerpt":{"rendered":"<p>\/*! elementor &#8211; v3.11.5 &#8211; 14-03-2023 *\/ .elementor-heading-title{padding:0;margin:0;line-height:1}.elementor-widget-heading .elementor-heading-title[class*=elementor-size-]&gt;a{color:inherit;font-size:inherit;line-height:inherit}.elementor-widget-heading .elementor-heading-title.elementor-size-small{font-size:15px}.elementor-widget-heading .elementor-heading-title.elementor-size-medium{font-size:19px}.elementor-widget-heading .elementor-heading-title.elementor-size-large{font-size:29px}.elementor-widget-heading .elementor-heading-title.elementor-size-xl{font-size:39px}.elementor-widget-heading .elementor-heading-title.elementor-size-xxl{font-size:59px} Regattabahn \/*! elementor &#8211; v3.11.5 &#8211; 14-03-2023 *\/ .elementor-widget-image{text-align:center}.elementor-widget-image a{display:inline-block}.elementor-widget-image a img[src$=&#8220;.svg&#8220;]{width:48px}.elementor-widget-image img{vertical-align:middle;display:inline-block} Keine 5 Minute von unserem Hotel entfernt liegt die Regattabahn Duisburg. Sie ist eine Wettkampfstrecke f\u00fcr den Kanu- und Rudersport. Sie ist ca. 2300 m lang und ca. 150 m breit und befindet sich im Sportpark Duisburg im S\u00fcden des Duisburger Stadtteils Neudorf. Jedes Jahr finden dort im Rahmen des Rudersports gro\u00dfe Wettk\u00e4mpfe statt. Mehr Informationen finden Sie hier<\/p>\n","protected":false},"author":1,"featured_media":0,"parent":0,"menu_order":0,"comment_status":"closed","ping_status":"closed","template":"","meta":{"footnotes":""},"class_list":["post-54","page","type-page","status-publish","hentry"],"yoast_head":"<!-- This site is optimized with the Yoast SEO plugin v27.4 - https:\/\/yoast.com\/product\/yoast-seo-wordpress\/ -->\n<title>Regattabahn - Hotel am Sportpark<\/title>\n<meta name=\"description\" content=\"Die Regattabahn mit einer L\u00e4nge von 2180 Meter ist nur 5 Min entfernt vom Hotel. Neu renoviert in 2024 kann man vier viele EM und WM sehen\" \/>\n<meta name=\"robots\" content=\"index, follow, max-snippet:-1, max-image-preview:large, max-video-preview:-1\" \/>\n<link rel=\"canonical\" href=\"https:\/\/am-sportpark.de\/en\/regattabahn\/\" \/>\n<meta property=\"og:locale\" content=\"en_US\" \/>\n<meta property=\"og:type\" content=\"article\" \/>\n<meta property=\"og:title\" content=\"Regattabahn - Hotel am Sportpark\" \/>\n<meta property=\"og:description\" content=\"Die Regattabahn mit einer L\u00e4nge von 2180 Meter ist nur 5 Min entfernt vom Hotel. Neu renoviert in 2024 kann man vier viele EM und WM sehen\" \/>\n<meta property=\"og:url\" content=\"https:\/\/am-sportpark.de\/en\/regattabahn\/\" \/>\n<meta property=\"og:site_name\" content=\"Hotel am Sportpark\" \/>\n<meta property=\"article:modified_time\" content=\"2025-06-20T08:49:51+00:00\" \/>\n<meta property=\"og:image\" content=\"https:\/\/am-sportpark.de\/wp-content\/uploads\/2023\/03\/Duisburg13091417-Luftbild.webp\" \/>\n\t<meta property=\"og:image:width\" content=\"1200\" \/>\n\t<meta property=\"og:image:height\" content=\"900\" \/>\n\t<meta property=\"og:image:type\" content=\"image\/webp\" \/>\n<meta name=\"twitter:card\" content=\"summary_large_image\" \/>\n<meta name=\"twitter:label1\" content=\"Est. reading time\" \/>\n\t<meta name=\"twitter:data1\" content=\"1 minute\" \/>\n<script type=\"application\/ld+json\" class=\"yoast-schema-graph\">{\"@context\":\"https:\\\/\\\/schema.org\",\"@graph\":[{\"@type\":\"WebPage\",\"@id\":\"https:\\\/\\\/am-sportpark.de\\\/regattabahn\\\/\",\"url\":\"https:\\\/\\\/am-sportpark.de\\\/regattabahn\\\/\",\"name\":\"Regattabahn - Hotel am Sportpark\",\"isPartOf\":{\"@id\":\"https:\\\/\\\/am-sportpark.de\\\/#website\"},\"primaryImageOfPage\":{\"@id\":\"https:\\\/\\\/am-sportpark.de\\\/regattabahn\\\/#primaryimage\"},\"image\":{\"@id\":\"https:\\\/\\\/am-sportpark.de\\\/regattabahn\\\/#primaryimage\"},\"thumbnailUrl\":\"https:\\\/\\\/am-sportpark.de\\\/wp-content\\\/uploads\\\/2023\\\/03\\\/Duisburg13091417-Luftbild.webp\",\"datePublished\":\"2023-02-26T20:37:47+00:00\",\"dateModified\":\"2025-06-20T08:49:51+00:00\",\"description\":\"Die Regattabahn mit einer L\u00e4nge von 2180 Meter ist nur 5 Min entfernt vom Hotel. Neu renoviert in 2024 kann man vier viele EM und WM sehen\",\"breadcrumb\":{\"@id\":\"https:\\\/\\\/am-sportpark.de\\\/regattabahn\\\/#breadcrumb\"},\"inLanguage\":\"en-US\",\"potentialAction\":[{\"@type\":\"ReadAction\",\"target\":[\"https:\\\/\\\/am-sportpark.de\\\/regattabahn\\\/\"]}]},{\"@type\":\"ImageObject\",\"inLanguage\":\"en-US\",\"@id\":\"https:\\\/\\\/am-sportpark.de\\\/regattabahn\\\/#primaryimage\",\"url\":\"https:\\\/\\\/am-sportpark.de\\\/wp-content\\\/uploads\\\/2023\\\/03\\\/Duisburg13091417-Luftbild.webp\",\"contentUrl\":\"https:\\\/\\\/am-sportpark.de\\\/wp-content\\\/uploads\\\/2023\\\/03\\\/Duisburg13091417-Luftbild.webp\"},{\"@type\":\"BreadcrumbList\",\"@id\":\"https:\\\/\\\/am-sportpark.de\\\/regattabahn\\\/#breadcrumb\",\"itemListElement\":[{\"@type\":\"ListItem\",\"position\":1,\"name\":\"Startseite\",\"item\":\"https:\\\/\\\/am-sportpark.de\\\/\"},{\"@type\":\"ListItem\",\"position\":2,\"name\":\"Regattabahn\"}]},{\"@type\":\"WebSite\",\"@id\":\"https:\\\/\\\/am-sportpark.de\\\/#website\",\"url\":\"https:\\\/\\\/am-sportpark.de\\\/\",\"name\":\"Hotel am Sportpark\",\"description\":\"Familienhotel seit 1974\",\"publisher\":{\"@id\":\"https:\\\/\\\/am-sportpark.de\\\/#organization\"},\"potentialAction\":[{\"@type\":\"SearchAction\",\"target\":{\"@type\":\"EntryPoint\",\"urlTemplate\":\"https:\\\/\\\/am-sportpark.de\\\/?s={search_term_string}\"},\"query-input\":{\"@type\":\"PropertyValueSpecification\",\"valueRequired\":true,\"valueName\":\"search_term_string\"}}],\"inLanguage\":\"en-US\"},{\"@type\":\"Organization\",\"@id\":\"https:\\\/\\\/am-sportpark.de\\\/#organization\",\"name\":\"Hotel am Sportpark\",\"url\":\"https:\\\/\\\/am-sportpark.de\\\/\",\"logo\":{\"@type\":\"ImageObject\",\"inLanguage\":\"en-US\",\"@id\":\"https:\\\/\\\/am-sportpark.de\\\/#\\\/schema\\\/logo\\\/image\\\/\",\"url\":\"https:\\\/\\\/am-sportpark.de\\\/wp-content\\\/uploads\\\/2023\\\/02\\\/hotel-am-sportpark.webp\",\"contentUrl\":\"https:\\\/\\\/am-sportpark.de\\\/wp-content\\\/uploads\\\/2023\\\/02\\\/hotel-am-sportpark.webp\",\"width\":681,\"height\":228,\"caption\":\"Hotel am Sportpark\"},\"image\":{\"@id\":\"https:\\\/\\\/am-sportpark.de\\\/#\\\/schema\\\/logo\\\/image\\\/\"}}]}<\/script>\n<!-- \/ Yoast SEO plugin. -->","yoast_head_json":{"title":"Regatta Course - Hotel am Sportpark","description":"The 2180-meter-long regatta course is just 5 minutes from the hotel. Newly renovated in 2024, you can watch four European and World Championships.","robots":{"index":"index","follow":"follow","max-snippet":"max-snippet:-1","max-image-preview":"max-image-preview:large","max-video-preview":"max-video-preview:-1"},"canonical":"https:\/\/am-sportpark.de\/en\/regattabahn\/","og_locale":"en_US","og_type":"article","og_title":"Regattabahn - Hotel am Sportpark","og_description":"Die Regattabahn mit einer L\u00e4nge von 2180 Meter ist nur 5 Min entfernt vom Hotel. Neu renoviert in 2024 kann man vier viele EM und WM sehen","og_url":"https:\/\/am-sportpark.de\/en\/regattabahn\/","og_site_name":"Hotel am Sportpark","article_modified_time":"2025-06-20T08:49:51+00:00","og_image":[{"width":1200,"height":900,"url":"https:\/\/am-sportpark.de\/wp-content\/uploads\/2023\/03\/Duisburg13091417-Luftbild.webp","type":"image\/webp"}],"twitter_card":"summary_large_image","twitter_misc":{"Est. reading time":"1 minute"},"schema":{"@context":"https:\/\/schema.org","@graph":[{"@type":"WebPage","@id":"https:\/\/am-sportpark.de\/regattabahn\/","url":"https:\/\/am-sportpark.de\/regattabahn\/","name":"Regatta Course - Hotel am Sportpark","isPartOf":{"@id":"https:\/\/am-sportpark.de\/#website"},"primaryImageOfPage":{"@id":"https:\/\/am-sportpark.de\/regattabahn\/#primaryimage"},"image":{"@id":"https:\/\/am-sportpark.de\/regattabahn\/#primaryimage"},"thumbnailUrl":"https:\/\/am-sportpark.de\/wp-content\/uploads\/2023\/03\/Duisburg13091417-Luftbild.webp","datePublished":"2023-02-26T20:37:47+00:00","dateModified":"2025-06-20T08:49:51+00:00","description":"The 2180-meter-long regatta course is just 5 minutes from the hotel. Newly renovated in 2024, you can watch four European and World Championships.","breadcrumb":{"@id":"https:\/\/am-sportpark.de\/regattabahn\/#breadcrumb"},"inLanguage":"en-US","potentialAction":[{"@type":"ReadAction","target":["https:\/\/am-sportpark.de\/regattabahn\/"]}]},{"@type":"ImageObject","inLanguage":"en-US","@id":"https:\/\/am-sportpark.de\/regattabahn\/#primaryimage","url":"https:\/\/am-sportpark.de\/wp-content\/uploads\/2023\/03\/Duisburg13091417-Luftbild.webp","contentUrl":"https:\/\/am-sportpark.de\/wp-content\/uploads\/2023\/03\/Duisburg13091417-Luftbild.webp"},{"@type":"BreadcrumbList","@id":"https:\/\/am-sportpark.de\/regattabahn\/#breadcrumb","itemListElement":[{"@type":"ListItem","position":1,"name":"Startseite","item":"https:\/\/am-sportpark.de\/"},{"@type":"ListItem","position":2,"name":"Regattabahn"}]},{"@type":"WebSite","@id":"https:\/\/am-sportpark.de\/#website","url":"https:\/\/am-sportpark.de\/","name":"Hotel at the sports park","description":"Family-hotel since 1974","publisher":{"@id":"https:\/\/am-sportpark.de\/#organization"},"potentialAction":[{"@type":"SearchAction","target":{"@type":"EntryPoint","urlTemplate":"https:\/\/am-sportpark.de\/?s={search_term_string}"},"query-input":{"@type":"PropertyValueSpecification","valueRequired":true,"valueName":"search_term_string"}}],"inLanguage":"en-US"},{"@type":"Organization","@id":"https:\/\/am-sportpark.de\/#organization","name":"Hotel at the sports park","url":"https:\/\/am-sportpark.de\/","logo":{"@type":"ImageObject","inLanguage":"en-US","@id":"https:\/\/am-sportpark.de\/#\/schema\/logo\/image\/","url":"https:\/\/am-sportpark.de\/wp-content\/uploads\/2023\/02\/hotel-am-sportpark.webp","contentUrl":"https:\/\/am-sportpark.de\/wp-content\/uploads\/2023\/02\/hotel-am-sportpark.webp","width":681,"height":228,"caption":"Hotel am Sportpark"},"image":{"@id":"https:\/\/am-sportpark.de\/#\/schema\/logo\/image\/"}}]}},"_links":{"self":[{"href":"https:\/\/am-sportpark.de\/en\/wp-json\/wp\/v2\/pages\/54","targetHints":{"allow":["GET"]}}],"collection":[{"href":"https:\/\/am-sportpark.de\/en\/wp-json\/wp\/v2\/pages"}],"about":[{"href":"https:\/\/am-sportpark.de\/en\/wp-json\/wp\/v2\/types\/page"}],"author":[{"embeddable":true,"href":"https:\/\/am-sportpark.de\/en\/wp-json\/wp\/v2\/users\/1"}],"replies":[{"embeddable":true,"href":"https:\/\/am-sportpark.de\/en\/wp-json\/wp\/v2\/comments?post=54"}],"version-history":[{"count":15,"href":"https:\/\/am-sportpark.de\/en\/wp-json\/wp\/v2\/pages\/54\/revisions"}],"predecessor-version":[{"id":1330,"href":"https:\/\/am-sportpark.de\/en\/wp-json\/wp\/v2\/pages\/54\/revisions\/1330"}],"wp:attachment":[{"href":"https:\/\/am-sportpark.de\/en\/wp-json\/wp\/v2\/media?parent=54"}],"curies":[{"name":"wp","href":"https:\/\/api.w.org\/{rel}","templated":true}]}}