{"id":35,"date":"2023-02-25T12:10:24","date_gmt":"2023-02-25T11:10:24","guid":{"rendered":"http:\/\/newsite.am-sportpark.de\/?page_id=35"},"modified":"2024-07-05T06:18:39","modified_gmt":"2024-07-05T04:18:39","slug":"eislaufen-in-der-prezero-rheinlandhalle","status":"publish","type":"page","link":"https:\/\/am-sportpark.de\/en\/eislaufen-in-der-prezero-rheinlandhalle\/","title":{"rendered":"&#8211; Ice skating"},"content":{"rendered":"<div data-elementor-type=\"wp-page\" data-elementor-id=\"35\" class=\"elementor elementor-35\" data-elementor-settings=\"{&quot;ha_cmc_init_switcher&quot;:&quot;no&quot;}\" data-elementor-post-type=\"page\">\n\t\t\t\t\t\t<section class=\"elementor-section elementor-top-section elementor-element elementor-element-4eeeffc elementor-section-boxed elementor-section-height-default elementor-section-height-default wpr-particle-no wpr-jarallax-no wpr-parallax-no wpr-sticky-section-no\" data-id=\"4eeeffc\" data-element_type=\"section\" data-e-type=\"section\" data-settings=\"{&quot;_ha_eqh_enable&quot;:false}\">\n\t\t\t\t\t\t<div class=\"elementor-container elementor-column-gap-default\">\n\t\t\t\t\t<div class=\"elementor-column elementor-col-100 elementor-top-column elementor-element elementor-element-ebe2794\" data-id=\"ebe2794\" data-element_type=\"column\" data-e-type=\"column\">\n\t\t\t<div class=\"elementor-widget-wrap elementor-element-populated\">\n\t\t\t\t\t\t<div class=\"elementor-element elementor-element-17ff62b elementor-widget elementor-widget-heading\" data-id=\"17ff62b\" data-element_type=\"widget\" data-e-type=\"widget\" data-widget_type=\"heading.default\">\n\t\t\t\t<div class=\"elementor-widget-container\">\n\t\t\t\t\t<h2 class=\"elementor-heading-title elementor-size-default\">Ice Skating<\/h2>\t\t\t\t<\/div>\n\t\t\t\t<\/div>\n\t\t\t\t\t<\/div>\n\t\t<\/div>\n\t\t\t\t\t<\/div>\n\t\t<\/section>\n\t\t\t\t<section class=\"elementor-section elementor-top-section elementor-element elementor-element-825bcf8 elementor-section-boxed elementor-section-height-default elementor-section-height-default wpr-particle-no wpr-jarallax-no wpr-parallax-no wpr-sticky-section-no\" data-id=\"825bcf8\" data-element_type=\"section\" data-e-type=\"section\" data-settings=\"{&quot;_ha_eqh_enable&quot;:false}\">\n\t\t\t\t\t\t<div class=\"elementor-container elementor-column-gap-default\">\n\t\t\t\t\t<div class=\"elementor-column elementor-col-100 elementor-top-column elementor-element elementor-element-83aef4a\" data-id=\"83aef4a\" data-element_type=\"column\" data-e-type=\"column\">\n\t\t\t<div class=\"elementor-widget-wrap elementor-element-populated\">\n\t\t\t\t\t\t<div class=\"elementor-element elementor-element-72ac6ac elementor-widget elementor-widget-text-editor\" data-id=\"72ac6ac\" data-element_type=\"widget\" data-e-type=\"widget\" data-widget_type=\"text-editor.default\">\n\t\t\t\t<div class=\"elementor-widget-container\">\n\t\t\t\t\t\t\t\t\t<p>The Scania Arena is only 2 km away, opposite the Schauinsland Reisen Arena. When the Duisburg foxes aren't playing or training, you can even conquer the ice on the narrow runners. The ice rink was built in 1971 but has been continuously modernized. Today she offers 3.\n800 visitors \u2013 800 of them standing room. The ice surface has a size of 1,800 square meters and is open daily.<\/p><p><a href=\"http:\/\/scania-arena.de\/\" target=\"_blank\" rel=\"noopener\">More information can be found here<\/a><\/p>\t\t\t\t\t\t\t\t<\/div>\n\t\t\t\t<\/div>\n\t\t\t\t\t<\/div>\n\t\t<\/div>\n\t\t\t\t\t<\/div>\n\t\t<\/section>\n\t\t\t\t<\/div>","protected":false},"excerpt":{"rendered":"<p>Ice skating Just 2 km away, opposite the Schauinsland-Reisen-Arena, is the Scania Arena. When the Duisburg F\u00fcchse are not playing or training, you can conquer the ice yourself on the narrow blades. The ice rink was built in 1971, but has been continuously modernized. Today it has space for 3,800 visitors - 800 of whom are standing. The ice surface has a size of 1,800 square meters and is open daily. You can find more information here.<\/p>","protected":false},"author":1,"featured_media":0,"parent":0,"menu_order":0,"comment_status":"closed","ping_status":"closed","template":"","meta":{"footnotes":""},"class_list":["post-35","page","type-page","status-publish","hentry"],"yoast_head":"<!-- This site is optimized with the Yoast SEO plugin v27.3 - https:\/\/yoast.com\/product\/yoast-seo-wordpress\/ -->\n<title>- Eislaufen - Hotel am Sportpark<\/title>\n<meta name=\"description\" content=\"Nur 5 min. zu Fu\u00df entfernt ist die Eissporthalle. In den Wintermonaten spielen dort die Duisburger F\u00fcchse und Sie k\u00f6nnen dort auch Eislaufen\" \/>\n<meta name=\"robots\" content=\"index, follow, max-snippet:-1, max-image-preview:large, max-video-preview:-1\" \/>\n<link rel=\"canonical\" href=\"https:\/\/am-sportpark.de\/en\/eislaufen-in-der-prezero-rheinlandhalle\/\" \/>\n<meta property=\"og:locale\" content=\"en_US\" \/>\n<meta property=\"og:type\" content=\"article\" \/>\n<meta property=\"og:title\" content=\"- Eislaufen - Hotel am Sportpark\" \/>\n<meta property=\"og:description\" content=\"Nur 5 min. zu Fu\u00df entfernt ist die Eissporthalle. In den Wintermonaten spielen dort die Duisburger F\u00fcchse und Sie k\u00f6nnen dort auch Eislaufen\" \/>\n<meta property=\"og:url\" content=\"https:\/\/am-sportpark.de\/en\/eislaufen-in-der-prezero-rheinlandhalle\/\" \/>\n<meta property=\"og:site_name\" content=\"Hotel am Sportpark\" \/>\n<meta property=\"article:modified_time\" content=\"2024-07-05T04:18:39+00:00\" \/>\n<meta name=\"twitter:card\" content=\"summary_large_image\" \/>\n<meta name=\"twitter:label1\" content=\"Est. reading time\" \/>\n\t<meta name=\"twitter:data1\" content=\"1 minute\" \/>\n<script type=\"application\/ld+json\" class=\"yoast-schema-graph\">{\"@context\":\"https:\\\/\\\/schema.org\",\"@graph\":[{\"@type\":\"WebPage\",\"@id\":\"https:\\\/\\\/am-sportpark.de\\\/eislaufen-in-der-prezero-rheinlandhalle\\\/\",\"url\":\"https:\\\/\\\/am-sportpark.de\\\/eislaufen-in-der-prezero-rheinlandhalle\\\/\",\"name\":\"- Eislaufen - Hotel am Sportpark\",\"isPartOf\":{\"@id\":\"https:\\\/\\\/am-sportpark.de\\\/#website\"},\"datePublished\":\"2023-02-25T11:10:24+00:00\",\"dateModified\":\"2024-07-05T04:18:39+00:00\",\"description\":\"Nur 5 min. zu Fu\u00df entfernt ist die Eissporthalle. In den Wintermonaten spielen dort die Duisburger F\u00fcchse und Sie k\u00f6nnen dort auch Eislaufen\",\"breadcrumb\":{\"@id\":\"https:\\\/\\\/am-sportpark.de\\\/eislaufen-in-der-prezero-rheinlandhalle\\\/#breadcrumb\"},\"inLanguage\":\"en-US\",\"potentialAction\":[{\"@type\":\"ReadAction\",\"target\":[\"https:\\\/\\\/am-sportpark.de\\\/eislaufen-in-der-prezero-rheinlandhalle\\\/\"]}]},{\"@type\":\"BreadcrumbList\",\"@id\":\"https:\\\/\\\/am-sportpark.de\\\/eislaufen-in-der-prezero-rheinlandhalle\\\/#breadcrumb\",\"itemListElement\":[{\"@type\":\"ListItem\",\"position\":1,\"name\":\"Startseite\",\"item\":\"https:\\\/\\\/am-sportpark.de\\\/\"},{\"@type\":\"ListItem\",\"position\":2,\"name\":\"&#8211; Eislaufen\"}]},{\"@type\":\"WebSite\",\"@id\":\"https:\\\/\\\/am-sportpark.de\\\/#website\",\"url\":\"https:\\\/\\\/am-sportpark.de\\\/\",\"name\":\"Hotel am Sportpark\",\"description\":\"Familienhotel seit 1974\",\"publisher\":{\"@id\":\"https:\\\/\\\/am-sportpark.de\\\/#organization\"},\"potentialAction\":[{\"@type\":\"SearchAction\",\"target\":{\"@type\":\"EntryPoint\",\"urlTemplate\":\"https:\\\/\\\/am-sportpark.de\\\/?s={search_term_string}\"},\"query-input\":{\"@type\":\"PropertyValueSpecification\",\"valueRequired\":true,\"valueName\":\"search_term_string\"}}],\"inLanguage\":\"en-US\"},{\"@type\":\"Organization\",\"@id\":\"https:\\\/\\\/am-sportpark.de\\\/#organization\",\"name\":\"Hotel am Sportpark\",\"url\":\"https:\\\/\\\/am-sportpark.de\\\/\",\"logo\":{\"@type\":\"ImageObject\",\"inLanguage\":\"en-US\",\"@id\":\"https:\\\/\\\/am-sportpark.de\\\/#\\\/schema\\\/logo\\\/image\\\/\",\"url\":\"https:\\\/\\\/am-sportpark.de\\\/wp-content\\\/uploads\\\/2023\\\/02\\\/hotel-am-sportpark.webp\",\"contentUrl\":\"https:\\\/\\\/am-sportpark.de\\\/wp-content\\\/uploads\\\/2023\\\/02\\\/hotel-am-sportpark.webp\",\"width\":681,\"height\":228,\"caption\":\"Hotel am Sportpark\"},\"image\":{\"@id\":\"https:\\\/\\\/am-sportpark.de\\\/#\\\/schema\\\/logo\\\/image\\\/\"}}]}<\/script>\n<!-- \/ Yoast SEO plugin. -->","yoast_head_json":{"title":"- Ice skating - Hotel am Sportpark","description":"The ice rink is just a 5-minute walk away. During the winter months, the Duisburg F\u00fcchse (Duisburg Foxes) play there, and you can also ice skate there.","robots":{"index":"index","follow":"follow","max-snippet":"max-snippet:-1","max-image-preview":"max-image-preview:large","max-video-preview":"max-video-preview:-1"},"canonical":"https:\/\/am-sportpark.de\/en\/eislaufen-in-der-prezero-rheinlandhalle\/","og_locale":"en_US","og_type":"article","og_title":"- Eislaufen - Hotel am Sportpark","og_description":"Nur 5 min. zu Fu\u00df entfernt ist die Eissporthalle. In den Wintermonaten spielen dort die Duisburger F\u00fcchse und Sie k\u00f6nnen dort auch Eislaufen","og_url":"https:\/\/am-sportpark.de\/en\/eislaufen-in-der-prezero-rheinlandhalle\/","og_site_name":"Hotel am Sportpark","article_modified_time":"2024-07-05T04:18:39+00:00","twitter_card":"summary_large_image","twitter_misc":{"Est. reading time":"1 minute"},"schema":{"@context":"https:\/\/schema.org","@graph":[{"@type":"WebPage","@id":"https:\/\/am-sportpark.de\/eislaufen-in-der-prezero-rheinlandhalle\/","url":"https:\/\/am-sportpark.de\/eislaufen-in-der-prezero-rheinlandhalle\/","name":"- Ice skating - Hotel am Sportpark","isPartOf":{"@id":"https:\/\/am-sportpark.de\/#website"},"datePublished":"2023-02-25T11:10:24+00:00","dateModified":"2024-07-05T04:18:39+00:00","description":"The ice rink is just a 5-minute walk away. During the winter months, the Duisburg F\u00fcchse (Duisburg Foxes) play there, and you can also ice skate there.","breadcrumb":{"@id":"https:\/\/am-sportpark.de\/eislaufen-in-der-prezero-rheinlandhalle\/#breadcrumb"},"inLanguage":"en-US","potentialAction":[{"@type":"ReadAction","target":["https:\/\/am-sportpark.de\/eislaufen-in-der-prezero-rheinlandhalle\/"]}]},{"@type":"BreadcrumbList","@id":"https:\/\/am-sportpark.de\/eislaufen-in-der-prezero-rheinlandhalle\/#breadcrumb","itemListElement":[{"@type":"ListItem","position":1,"name":"Startseite","item":"https:\/\/am-sportpark.de\/"},{"@type":"ListItem","position":2,"name":"&#8211; Eislaufen"}]},{"@type":"WebSite","@id":"https:\/\/am-sportpark.de\/#website","url":"https:\/\/am-sportpark.de\/","name":"Hotel at the sports park","description":"Family-hotel since 1974","publisher":{"@id":"https:\/\/am-sportpark.de\/#organization"},"potentialAction":[{"@type":"SearchAction","target":{"@type":"EntryPoint","urlTemplate":"https:\/\/am-sportpark.de\/?s={search_term_string}"},"query-input":{"@type":"PropertyValueSpecification","valueRequired":true,"valueName":"search_term_string"}}],"inLanguage":"en-US"},{"@type":"Organization","@id":"https:\/\/am-sportpark.de\/#organization","name":"Hotel at the sports park","url":"https:\/\/am-sportpark.de\/","logo":{"@type":"ImageObject","inLanguage":"en-US","@id":"https:\/\/am-sportpark.de\/#\/schema\/logo\/image\/","url":"https:\/\/am-sportpark.de\/wp-content\/uploads\/2023\/02\/hotel-am-sportpark.webp","contentUrl":"https:\/\/am-sportpark.de\/wp-content\/uploads\/2023\/02\/hotel-am-sportpark.webp","width":681,"height":228,"caption":"Hotel am Sportpark"},"image":{"@id":"https:\/\/am-sportpark.de\/#\/schema\/logo\/image\/"}}]}},"_links":{"self":[{"href":"https:\/\/am-sportpark.de\/en\/wp-json\/wp\/v2\/pages\/35","targetHints":{"allow":["GET"]}}],"collection":[{"href":"https:\/\/am-sportpark.de\/en\/wp-json\/wp\/v2\/pages"}],"about":[{"href":"https:\/\/am-sportpark.de\/en\/wp-json\/wp\/v2\/types\/page"}],"author":[{"embeddable":true,"href":"https:\/\/am-sportpark.de\/en\/wp-json\/wp\/v2\/users\/1"}],"replies":[{"embeddable":true,"href":"https:\/\/am-sportpark.de\/en\/wp-json\/wp\/v2\/comments?post=35"}],"version-history":[{"count":7,"href":"https:\/\/am-sportpark.de\/en\/wp-json\/wp\/v2\/pages\/35\/revisions"}],"predecessor-version":[{"id":819,"href":"https:\/\/am-sportpark.de\/en\/wp-json\/wp\/v2\/pages\/35\/revisions\/819"}],"wp:attachment":[{"href":"https:\/\/am-sportpark.de\/en\/wp-json\/wp\/v2\/media?parent=35"}],"curies":[{"name":"wp","href":"https:\/\/api.w.org\/{rel}","templated":true}]}}