{"id":33,"date":"2023-02-25T12:10:09","date_gmt":"2023-02-25T11:10:09","guid":{"rendered":"http:\/\/newsite.am-sportpark.de\/?page_id=33"},"modified":"2025-06-20T10:48:52","modified_gmt":"2025-06-20T08:48:52","slug":"sauna","status":"publish","type":"page","link":"https:\/\/am-sportpark.de\/en\/sauna\/","title":{"rendered":"&#8211; Sauna"},"content":{"rendered":"<div data-elementor-type=\"wp-page\" data-elementor-id=\"33\" class=\"elementor elementor-33\" data-elementor-settings=\"{&quot;ha_cmc_init_switcher&quot;:&quot;no&quot;}\" data-elementor-post-type=\"page\">\n\t\t\t\t\t\t<section class=\"elementor-section elementor-top-section elementor-element elementor-element-6cf6bca elementor-section-boxed elementor-section-height-default elementor-section-height-default wpr-particle-no wpr-jarallax-no wpr-parallax-no wpr-sticky-section-no\" data-id=\"6cf6bca\" data-element_type=\"section\" data-e-type=\"section\" data-settings=\"{&quot;_ha_eqh_enable&quot;:false}\">\n\t\t\t\t\t\t<div class=\"elementor-container elementor-column-gap-default\">\n\t\t\t\t\t<div class=\"elementor-column elementor-col-100 elementor-top-column elementor-element elementor-element-3ea1781\" data-id=\"3ea1781\" data-element_type=\"column\" data-e-type=\"column\">\n\t\t\t<div class=\"elementor-widget-wrap elementor-element-populated\">\n\t\t\t\t\t\t<div class=\"elementor-element elementor-element-83c280a elementor-widget elementor-widget-heading\" data-id=\"83c280a\" data-element_type=\"widget\" data-e-type=\"widget\" data-widget_type=\"heading.default\">\n\t\t\t\t<div class=\"elementor-widget-container\">\n\t\t\t\t\t<h2 class=\"elementor-heading-title elementor-size-default\">sauna<\/h2>\t\t\t\t<\/div>\n\t\t\t\t<\/div>\n\t\t\t\t\t<\/div>\n\t\t<\/div>\n\t\t\t\t\t<\/div>\n\t\t<\/section>\n\t\t\t\t<section class=\"elementor-section elementor-top-section elementor-element elementor-element-352cba8 elementor-section-boxed elementor-section-height-default elementor-section-height-default wpr-particle-no wpr-jarallax-no wpr-parallax-no wpr-sticky-section-no\" data-id=\"352cba8\" data-element_type=\"section\" data-e-type=\"section\" data-settings=\"{&quot;_ha_eqh_enable&quot;:false}\">\n\t\t\t\t\t\t<div class=\"elementor-container elementor-column-gap-default\">\n\t\t\t\t\t<div class=\"elementor-column elementor-col-100 elementor-top-column elementor-element elementor-element-2b8e49d\" data-id=\"2b8e49d\" data-element_type=\"column\" data-e-type=\"column\">\n\t\t\t<div class=\"elementor-widget-wrap elementor-element-populated\">\n\t\t\t\t\t\t<div class=\"elementor-element elementor-element-a6d66ae elementor-widget elementor-widget-text-editor\" data-id=\"a6d66ae\" data-element_type=\"widget\" data-e-type=\"widget\" data-widget_type=\"text-editor.default\">\n\t\t\t\t<div class=\"elementor-widget-container\">\n\t\t\t\t\t\t\t\t\t<p>The sauna can be booked for a maximum of 4 people and costs \u20ac15 per person for 3 hours. It is only for you as a private spa and lockable so that you are not disturbed in your peace. The price includes the following services:<\/p><ul><li>Private use of the sauna<\/li><li>use of the swimming pool<\/li><li>1 bottle of mineral water \/ person<\/li><li>bathrobe &amp; towels<\/li><li>Aroma concentrates for the infusion<\/li><\/ul><p>You can include the sauna in your room reservation. This ensures that it is also available to you on the day of your arrival.<\/p><div id=\"FlaGallery_sc1_10\" class=\"flagallery phantom_skin\"><div class=\"flagPhantom_Container noLightbox\">\u00a0<\/div><\/div>\t\t\t\t\t\t\t\t<\/div>\n\t\t\t\t<\/div>\n\t\t\t\t\t<\/div>\n\t\t<\/div>\n\t\t\t\t\t<\/div>\n\t\t<\/section>\n\t\t\t\t<section class=\"elementor-section elementor-top-section elementor-element elementor-element-3e5d8a5 elementor-section-boxed elementor-section-height-default elementor-section-height-default wpr-particle-no wpr-jarallax-no wpr-parallax-no wpr-sticky-section-no\" data-id=\"3e5d8a5\" data-element_type=\"section\" data-e-type=\"section\" data-settings=\"{&quot;_ha_eqh_enable&quot;:false}\">\n\t\t\t\t\t\t<div class=\"elementor-container elementor-column-gap-default\">\n\t\t\t\t\t<div class=\"elementor-column elementor-col-100 elementor-top-column elementor-element elementor-element-1b58b69\" data-id=\"1b58b69\" data-element_type=\"column\" data-e-type=\"column\">\n\t\t\t<div class=\"elementor-widget-wrap elementor-element-populated\">\n\t\t\t\t\t\t<div class=\"elementor-element elementor-element-be85e59 elementor-widget elementor-widget-gallery\" data-id=\"be85e59\" data-element_type=\"widget\" data-e-type=\"widget\" data-settings=\"{&quot;columns&quot;:3,&quot;lazyload&quot;:&quot;yes&quot;,&quot;gallery_layout&quot;:&quot;grid&quot;,&quot;columns_tablet&quot;:2,&quot;columns_mobile&quot;:1,&quot;gap&quot;:{&quot;unit&quot;:&quot;px&quot;,&quot;size&quot;:10,&quot;sizes&quot;:[]},&quot;gap_tablet&quot;:{&quot;unit&quot;:&quot;px&quot;,&quot;size&quot;:10,&quot;sizes&quot;:[]},&quot;gap_mobile&quot;:{&quot;unit&quot;:&quot;px&quot;,&quot;size&quot;:10,&quot;sizes&quot;:[]},&quot;link_to&quot;:&quot;file&quot;,&quot;aspect_ratio&quot;:&quot;3:2&quot;,&quot;overlay_background&quot;:&quot;yes&quot;,&quot;content_hover_animation&quot;:&quot;fade-in&quot;}\" data-widget_type=\"gallery.default\">\n\t\t\t\t<div class=\"elementor-widget-container\">\n\t\t\t\t\t\t\t<div class=\"elementor-gallery__container\">\n\t\t\t\t\t\t\t<a class=\"e-gallery-item elementor-gallery-item elementor-animated-content\" href=\"https:\/\/am-sportpark.de\/wp-content\/uploads\/2023\/03\/IMG_3484-2-scaled.webp\" data-elementor-open-lightbox=\"yes\" data-elementor-lightbox-slideshow=\"be85e59\" data-elementor-lightbox-title=\"IMG_3484\" data-e-action-hash=\"#elementor-action%3Aaction%3Dlightbox%26settings%3DeyJpZCI6Nzk5LCJ1cmwiOiJodHRwczpcL1wvYW0tc3BvcnRwYXJrLmRlXC93cC1jb250ZW50XC91cGxvYWRzXC8yMDIzXC8wM1wvSU1HXzM0ODQtMi1zY2FsZWQud2VicCIsInNsaWRlc2hvdyI6ImJlODVlNTkifQ%3D%3D\">\n\t\t\t\t\t<div class=\"e-gallery-image elementor-gallery-item__image\" data-thumbnail=\"https:\/\/am-sportpark.de\/wp-content\/uploads\/2023\/03\/IMG_3484-2-300x200.webp\" data-width=\"300\" data-height=\"200\" aria-label=\"\" role=\"img\" ><\/div>\n\t\t\t\t\t\t\t\t\t\t\t<div class=\"elementor-gallery-item__overlay\"><\/div>\n\t\t\t\t\t\t\t\t\t\t\t\t\t\t<\/a>\n\t\t\t\t\t\t\t<a class=\"e-gallery-item elementor-gallery-item elementor-animated-content\" href=\"https:\/\/am-sportpark.de\/wp-content\/uploads\/2023\/03\/IMG_3504-1-scaled.webp\" data-elementor-open-lightbox=\"yes\" data-elementor-lightbox-slideshow=\"be85e59\" data-elementor-lightbox-title=\"IMG_3504\" data-e-action-hash=\"#elementor-action%3Aaction%3Dlightbox%26settings%3DeyJpZCI6ODAxLCJ1cmwiOiJodHRwczpcL1wvYW0tc3BvcnRwYXJrLmRlXC93cC1jb250ZW50XC91cGxvYWRzXC8yMDIzXC8wM1wvSU1HXzM1MDQtMS1zY2FsZWQud2VicCIsInNsaWRlc2hvdyI6ImJlODVlNTkifQ%3D%3D\">\n\t\t\t\t\t<div class=\"e-gallery-image elementor-gallery-item__image\" data-thumbnail=\"https:\/\/am-sportpark.de\/wp-content\/uploads\/2023\/03\/IMG_3504-1-300x200.webp\" data-width=\"300\" data-height=\"200\" aria-label=\"\" role=\"img\" ><\/div>\n\t\t\t\t\t\t\t\t\t\t\t<div class=\"elementor-gallery-item__overlay\"><\/div>\n\t\t\t\t\t\t\t\t\t\t\t\t\t\t<\/a>\n\t\t\t\t\t\t\t<a class=\"e-gallery-item elementor-gallery-item elementor-animated-content\" href=\"https:\/\/am-sportpark.de\/wp-content\/uploads\/2023\/03\/IMG_3507-1-scaled.webp\" data-elementor-open-lightbox=\"yes\" data-elementor-lightbox-slideshow=\"be85e59\" data-elementor-lightbox-title=\"IMG_3507\" data-e-action-hash=\"#elementor-action%3Aaction%3Dlightbox%26settings%3DeyJpZCI6ODAyLCJ1cmwiOiJodHRwczpcL1wvYW0tc3BvcnRwYXJrLmRlXC93cC1jb250ZW50XC91cGxvYWRzXC8yMDIzXC8wM1wvSU1HXzM1MDctMS1zY2FsZWQud2VicCIsInNsaWRlc2hvdyI6ImJlODVlNTkifQ%3D%3D\">\n\t\t\t\t\t<div class=\"e-gallery-image elementor-gallery-item__image\" data-thumbnail=\"https:\/\/am-sportpark.de\/wp-content\/uploads\/2023\/03\/IMG_3507-1-300x200.webp\" data-width=\"300\" data-height=\"200\" aria-label=\"\" role=\"img\" ><\/div>\n\t\t\t\t\t\t\t\t\t\t\t<div class=\"elementor-gallery-item__overlay\"><\/div>\n\t\t\t\t\t\t\t\t\t\t\t\t\t\t<\/a>\n\t\t\t\t\t\t\t<a class=\"e-gallery-item elementor-gallery-item elementor-animated-content\" href=\"https:\/\/am-sportpark.de\/wp-content\/uploads\/2023\/03\/IMG_3789-scaled.webp\" data-elementor-open-lightbox=\"yes\" data-elementor-lightbox-slideshow=\"be85e59\" data-elementor-lightbox-title=\"IMG_3789\" data-e-action-hash=\"#elementor-action%3Aaction%3Dlightbox%26settings%3DeyJpZCI6ODAzLCJ1cmwiOiJodHRwczpcL1wvYW0tc3BvcnRwYXJrLmRlXC93cC1jb250ZW50XC91cGxvYWRzXC8yMDIzXC8wM1wvSU1HXzM3ODktc2NhbGVkLndlYnAiLCJzbGlkZXNob3ciOiJiZTg1ZTU5In0%3D\">\n\t\t\t\t\t<div class=\"e-gallery-image elementor-gallery-item__image\" data-thumbnail=\"https:\/\/am-sportpark.de\/wp-content\/uploads\/2023\/03\/IMG_3789-300x200.webp\" data-width=\"300\" data-height=\"200\" aria-label=\"\" role=\"img\" ><\/div>\n\t\t\t\t\t\t\t\t\t\t\t<div class=\"elementor-gallery-item__overlay\"><\/div>\n\t\t\t\t\t\t\t\t\t\t\t\t\t\t<\/a>\n\t\t\t\t\t\t\t<a class=\"e-gallery-item elementor-gallery-item elementor-animated-content\" href=\"https:\/\/am-sportpark.de\/wp-content\/uploads\/2023\/03\/IMG_3808-1-scaled.webp\" data-elementor-open-lightbox=\"yes\" data-elementor-lightbox-slideshow=\"be85e59\" data-elementor-lightbox-title=\"IMG_3808\" data-e-action-hash=\"#elementor-action%3Aaction%3Dlightbox%26settings%3DeyJpZCI6ODA0LCJ1cmwiOiJodHRwczpcL1wvYW0tc3BvcnRwYXJrLmRlXC93cC1jb250ZW50XC91cGxvYWRzXC8yMDIzXC8wM1wvSU1HXzM4MDgtMS1zY2FsZWQud2VicCIsInNsaWRlc2hvdyI6ImJlODVlNTkifQ%3D%3D\">\n\t\t\t\t\t<div class=\"e-gallery-image elementor-gallery-item__image\" data-thumbnail=\"https:\/\/am-sportpark.de\/wp-content\/uploads\/2023\/03\/IMG_3808-1-300x200.webp\" data-width=\"300\" data-height=\"200\" aria-label=\"\" role=\"img\" ><\/div>\n\t\t\t\t\t\t\t\t\t\t\t<div class=\"elementor-gallery-item__overlay\"><\/div>\n\t\t\t\t\t\t\t\t\t\t\t\t\t\t<\/a>\n\t\t\t\t\t\t\t<a class=\"e-gallery-item elementor-gallery-item elementor-animated-content\" href=\"https:\/\/am-sportpark.de\/wp-content\/uploads\/2023\/03\/IMG_3839-2-1-scaled.webp\" data-elementor-open-lightbox=\"yes\" data-elementor-lightbox-slideshow=\"be85e59\" data-elementor-lightbox-title=\"IMG_3839 2\" data-e-action-hash=\"#elementor-action%3Aaction%3Dlightbox%26settings%3DeyJpZCI6ODA1LCJ1cmwiOiJodHRwczpcL1wvYW0tc3BvcnRwYXJrLmRlXC93cC1jb250ZW50XC91cGxvYWRzXC8yMDIzXC8wM1wvSU1HXzM4MzktMi0xLXNjYWxlZC53ZWJwIiwic2xpZGVzaG93IjoiYmU4NWU1OSJ9\">\n\t\t\t\t\t<div class=\"e-gallery-image elementor-gallery-item__image\" data-thumbnail=\"https:\/\/am-sportpark.de\/wp-content\/uploads\/2023\/03\/IMG_3839-2-1-300x200.webp\" data-width=\"300\" data-height=\"200\" aria-label=\"\" role=\"img\" ><\/div>\n\t\t\t\t\t\t\t\t\t\t\t<div class=\"elementor-gallery-item__overlay\"><\/div>\n\t\t\t\t\t\t\t\t\t\t\t\t\t\t<\/a>\n\t\t\t\t\t<\/div>\n\t\t\t\t\t<\/div>\n\t\t\t\t<\/div>\n\t\t\t\t\t<\/div>\n\t\t<\/div>\n\t\t\t\t\t<\/div>\n\t\t<\/section>\n\t\t\t\t<\/div>","protected":false},"excerpt":{"rendered":"<p>\/*! elementor &#8211; v3.11.5 &#8211; 14-03-2023 *\/ .elementor-heading-title{padding:0;margin:0;line-height:1}.elementor-widget-heading .elementor-heading-title[class*=elementor-size-]&gt;a{color:inherit;font-size:inherit;line-height:inherit}.elementor-widget-heading .elementor-heading-title.elementor-size-small{font-size:15px}.elementor-widget-heading .elementor-heading-title.elementor-size-medium{font-size:19px}.elementor-widget-heading .elementor-heading-title.elementor-size-large{font-size:29px}.elementor-widget-heading .elementor-heading-title.elementor-size-xl{font-size:39px}.elementor-widget-heading .elementor-heading-title.elementor-size-xxl{font-size:59px} Sauna Die Sauna ist f\u00fcr maximal 4 Personen buchbar und kostet pro Person 15 \u20ac f\u00fcr 3 Stunden. Sie ist nur f\u00fcr Sie als Private Spa und abschlie\u00dfbar, sodass Sie in Ihrer Ruhe nicht gest\u00f6rt werden. Im Preis enthalten sind folgende Leistungen: Private Nutzung der Sauna Nutzung des Schwimmbades 1 Flasche Mineralwasser \/ Person Bademantel &amp; Handt\u00fccher Aromakonzentrate f\u00fcr den Aufguss Sie k\u00f6nnen die Sauna gleich\u00a0bei ihrer Zimmerreservierung mit ber\u00fccksichtigen. So ist sichergestellt, dass sie am Tag Ihrer Anreise auch Sie zur Verf\u00fcgung steht. \u00a0 \/*! elementor-pro &#8211; v3.11.6 &#8211; 14-03-2023 *\/ .elementor-gallery__container{min-height:1px}.elementor-gallery-item{position:relative;overflow:hidden;display:block;text-decoration:none;border:solid var(&#8211;image-border-width) var(&#8211;image-border-color);border-radius:var(&#8211;image-border-radius)}.elementor-gallery-item__content,.elementor-gallery-item__overlay{height:100%;width:100%;position:absolute;top:0;left:0}.elementor-gallery-item__overlay{mix-blend-mode:var(&#8211;overlay-mix-blend-mode);transition-duration:var(&#8211;overlay-transition-duration);transition-property:mix-blend-mode,transform,opacity,background-color}.elementor-gallery-item__image.e-gallery-image{transition-duration:var(&#8211;image-transition-duration);transition-property:filter,transform}.elementor-gallery-item__content{display:flex;flex-direction:column;justify-content:var(&#8211;content-justify-content,center);align-items:center;text-align:var(&#8211;content-text-align);padding:var(&#8211;content-padding)}.elementor-gallery-item__content&gt;div{transition-duration:var(&#8211;content-transition-duration)}.elementor-gallery-item__content.elementor-gallery&#8211;sequenced-animation&gt;div:nth-child(2){transition-delay:calc(var(&#8211;content-transition-delay) \/ 3)}.elementor-gallery-item__content.elementor-gallery&#8211;sequenced-animation&gt;div:nth-child(3){transition-delay:calc(var(&#8211;content-transition-delay) \/ 3 * 2)}.elementor-gallery-item__content.elementor-gallery&#8211;sequenced-animation&gt;div:nth-child(4){transition-delay:calc(var(&#8211;content-transition-delay) \/ 3 * 3)}.elementor-gallery-item__description{color:var(&#8211;description-text-color,#fff);width:100%}.elementor-gallery-item__title{color:var(&#8211;title-text-color,#fff);font-weight:700;width:100%}.elementor-gallery__titles-container{display:flex;flex-wrap:wrap;justify-content:var(&#8211;titles-container-justify-content,center);margin-bottom:20px}.elementor-gallery__titles-container:not(.e&#8211;pointer-framed) .elementor-item:after,.elementor-gallery__titles-container:not(.e&#8211;pointer-framed) .elementor-item:before{background-color:var(&#8211;galleries-pointer-bg-color-hover)}.elementor-gallery__titles-container:not(.e&#8211;pointer-framed) .elementor-item.elementor-item-active:after,.elementor-gallery__titles-container:not(.e&#8211;pointer-framed) .elementor-item.elementor-item-active:before{background-color:var(&#8211;galleries-pointer-bg-color-active)}.elementor-gallery__titles-container.e&#8211;pointer-framed .elementor-item:before{border-color:var(&#8211;galleries-pointer-bg-color-hover);border-width:var(&#8211;galleries-pointer-border-width)}.elementor-gallery__titles-container.e&#8211;pointer-framed .elementor-item:after{border-color:var(&#8211;galleries-pointer-bg-color-hover)}.elementor-gallery__titles-container.e&#8211;pointer-framed .elementor-item.elementor-item-active:after,.elementor-gallery__titles-container.e&#8211;pointer-framed .elementor-item.elementor-item-active:before{border-color:var(&#8211;galleries-pointer-bg-color-active)}.elementor-gallery__titles-container.e&#8211;pointer-framed.e&#8211;animation-draw .elementor-item:before{border-left-width:var(&#8211;galleries-pointer-border-width);border-bottom-width:var(&#8211;galleries-pointer-border-width);border-right-width:0;border-top-width:0}.elementor-gallery__titles-container.e&#8211;pointer-framed.e&#8211;animation-draw .elementor-item:after{border-left-width:0;border-bottom-width:0;border-right-width:var(&#8211;galleries-pointer-border-width);border-top-width:var(&#8211;galleries-pointer-border-width)}.elementor-gallery__titles-container.e&#8211;pointer-framed.e&#8211;animation-corners .elementor-item:before{border-left-width:var(&#8211;galleries-pointer-border-width);border-bottom-width:0;border-right-width:0;border-top-width:var(&#8211;galleries-pointer-border-width)}.elementor-gallery__titles-container.e&#8211;pointer-framed.e&#8211;animation-corners .elementor-item:after{border-left-width:0;border-bottom-width:var(&#8211;galleries-pointer-border-width);border-right-width:var(&#8211;galleries-pointer-border-width);border-top-width:0}.elementor-gallery__titles-container .e&#8211;pointer-double-line .elementor-item:after,.elementor-gallery__titles-container .e&#8211;pointer-double-line .elementor-item:before,.elementor-gallery__titles-container .e&#8211;pointer-overline .elementor-item:before,.elementor-gallery__titles-container .e&#8211;pointer-underline .elementor-item:after{height:var(&#8211;galleries-pointer-border-width)}.elementor-gallery-title{&#8211;space-between:10px;cursor:pointer;color:#6d7882;font-weight:500;position:relative;padding:7px 14px;transition:all .3s}.elementor-gallery-title&#8211;active{color:#495157}.elementor-gallery-title:not(:last-child){margin-right:var(&#8211;space-between)}.elementor-gallery-item__title+.elementor-gallery-item__description{margin-top:var(&#8211;description-margin-top)}.e-gallery-item.elementor-gallery-item{transition-property:all}.e-gallery-item.elementor-animated-content .elementor-animated-item&#8211;enter-from-bottom,.e-gallery-item.elementor-animated-content .elementor-animated-item&#8211;enter-from-left,.e-gallery-item.elementor-animated-content .elementor-animated-item&#8211;enter-from-right,.e-gallery-item.elementor-animated-content .elementor-animated-item&#8211;enter-from-top,.e-gallery-item:hover .elementor-gallery__item-overlay-bg,.e-gallery-item:hover .elementor-gallery__item-overlay-content,.e-gallery-item:hover .elementor-gallery__item-overlay-content__description,.e-gallery-item:hover .elementor-gallery__item-overlay-content__title{opacity:1}a.elementor-item.elementor-gallery-title{color:var(&#8211;galleries-title-color-normal)}a.elementor-item.elementor-gallery-title.elementor-item-active,a.elementor-item.elementor-gallery-title.highlighted,a.elementor-item.elementor-gallery-title:focus,a.elementor-item.elementor-gallery-title:hover{color:var(&#8211;galleries-title-color-hover)}a.elementor-item.elementor-gallery-title.elementor-item-active{color:var(&#8211;gallery-title-color-active)}.e-con-inner&gt;.elementor-widget-gallery,.e-con&gt;.elementor-widget-gallery{width:var(&#8211;container-widget-width);&#8211;flex-grow:var(&#8211;container-widget-flex-grow)}<\/p>\n","protected":false},"author":1,"featured_media":0,"parent":0,"menu_order":0,"comment_status":"closed","ping_status":"closed","template":"","meta":{"footnotes":""},"class_list":["post-33","page","type-page","status-publish","hentry"],"yoast_head":"<!-- This site is optimized with the Yoast SEO plugin v27.3 - https:\/\/yoast.com\/product\/yoast-seo-wordpress\/ -->\n<title>- Sauna - Hotel am Sportpark<\/title>\n<meta name=\"description\" content=\"Unsere kleine Sauna ist ein Privatbereich, den unsere G\u00e4ste f\u00fcr nur 15\u00a0\u20ac pro Personen buchen k\u00f6nnen. Nur die gebuchten G\u00e4ste kommen dort rein\" \/>\n<meta name=\"robots\" content=\"index, follow, max-snippet:-1, max-image-preview:large, max-video-preview:-1\" \/>\n<link rel=\"canonical\" href=\"https:\/\/am-sportpark.de\/en\/sauna\/\" \/>\n<meta property=\"og:locale\" content=\"en_US\" \/>\n<meta property=\"og:type\" content=\"article\" \/>\n<meta property=\"og:title\" content=\"- Sauna - Hotel am Sportpark\" \/>\n<meta property=\"og:description\" content=\"Unsere kleine Sauna ist ein Privatbereich, den unsere G\u00e4ste f\u00fcr nur 15\u00a0\u20ac pro Personen buchen k\u00f6nnen. Nur die gebuchten G\u00e4ste kommen dort rein\" \/>\n<meta property=\"og:url\" content=\"https:\/\/am-sportpark.de\/en\/sauna\/\" \/>\n<meta property=\"og:site_name\" content=\"Hotel am Sportpark\" \/>\n<meta property=\"article:modified_time\" content=\"2025-06-20T08:48:52+00:00\" \/>\n<meta name=\"twitter:card\" content=\"summary_large_image\" \/>\n<meta name=\"twitter:label1\" content=\"Est. reading time\" \/>\n\t<meta name=\"twitter:data1\" content=\"1 minute\" \/>\n<script type=\"application\/ld+json\" class=\"yoast-schema-graph\">{\"@context\":\"https:\\\/\\\/schema.org\",\"@graph\":[{\"@type\":\"WebPage\",\"@id\":\"https:\\\/\\\/am-sportpark.de\\\/sauna\\\/\",\"url\":\"https:\\\/\\\/am-sportpark.de\\\/sauna\\\/\",\"name\":\"- Sauna - Hotel am Sportpark\",\"isPartOf\":{\"@id\":\"https:\\\/\\\/am-sportpark.de\\\/#website\"},\"datePublished\":\"2023-02-25T11:10:09+00:00\",\"dateModified\":\"2025-06-20T08:48:52+00:00\",\"description\":\"Unsere kleine Sauna ist ein Privatbereich, den unsere G\u00e4ste f\u00fcr nur 15\u00a0\u20ac pro Personen buchen k\u00f6nnen. Nur die gebuchten G\u00e4ste kommen dort rein\",\"breadcrumb\":{\"@id\":\"https:\\\/\\\/am-sportpark.de\\\/sauna\\\/#breadcrumb\"},\"inLanguage\":\"en-US\",\"potentialAction\":[{\"@type\":\"ReadAction\",\"target\":[\"https:\\\/\\\/am-sportpark.de\\\/sauna\\\/\"]}]},{\"@type\":\"BreadcrumbList\",\"@id\":\"https:\\\/\\\/am-sportpark.de\\\/sauna\\\/#breadcrumb\",\"itemListElement\":[{\"@type\":\"ListItem\",\"position\":1,\"name\":\"Startseite\",\"item\":\"https:\\\/\\\/am-sportpark.de\\\/\"},{\"@type\":\"ListItem\",\"position\":2,\"name\":\"&#8211; Sauna\"}]},{\"@type\":\"WebSite\",\"@id\":\"https:\\\/\\\/am-sportpark.de\\\/#website\",\"url\":\"https:\\\/\\\/am-sportpark.de\\\/\",\"name\":\"Hotel am Sportpark\",\"description\":\"Familienhotel seit 1974\",\"publisher\":{\"@id\":\"https:\\\/\\\/am-sportpark.de\\\/#organization\"},\"potentialAction\":[{\"@type\":\"SearchAction\",\"target\":{\"@type\":\"EntryPoint\",\"urlTemplate\":\"https:\\\/\\\/am-sportpark.de\\\/?s={search_term_string}\"},\"query-input\":{\"@type\":\"PropertyValueSpecification\",\"valueRequired\":true,\"valueName\":\"search_term_string\"}}],\"inLanguage\":\"en-US\"},{\"@type\":\"Organization\",\"@id\":\"https:\\\/\\\/am-sportpark.de\\\/#organization\",\"name\":\"Hotel am Sportpark\",\"url\":\"https:\\\/\\\/am-sportpark.de\\\/\",\"logo\":{\"@type\":\"ImageObject\",\"inLanguage\":\"en-US\",\"@id\":\"https:\\\/\\\/am-sportpark.de\\\/#\\\/schema\\\/logo\\\/image\\\/\",\"url\":\"https:\\\/\\\/am-sportpark.de\\\/wp-content\\\/uploads\\\/2023\\\/02\\\/hotel-am-sportpark.webp\",\"contentUrl\":\"https:\\\/\\\/am-sportpark.de\\\/wp-content\\\/uploads\\\/2023\\\/02\\\/hotel-am-sportpark.webp\",\"width\":681,\"height\":228,\"caption\":\"Hotel am Sportpark\"},\"image\":{\"@id\":\"https:\\\/\\\/am-sportpark.de\\\/#\\\/schema\\\/logo\\\/image\\\/\"}}]}<\/script>\n<!-- \/ Yoast SEO plugin. -->","yoast_head_json":{"title":"- Sauna - Hotel am Sportpark","description":"Our small sauna is a private area that our guests can book for just \u20ac15 per person. Only booked guests are allowed in.","robots":{"index":"index","follow":"follow","max-snippet":"max-snippet:-1","max-image-preview":"max-image-preview:large","max-video-preview":"max-video-preview:-1"},"canonical":"https:\/\/am-sportpark.de\/en\/sauna\/","og_locale":"en_US","og_type":"article","og_title":"- Sauna - Hotel am Sportpark","og_description":"Unsere kleine Sauna ist ein Privatbereich, den unsere G\u00e4ste f\u00fcr nur 15\u00a0\u20ac pro Personen buchen k\u00f6nnen. Nur die gebuchten G\u00e4ste kommen dort rein","og_url":"https:\/\/am-sportpark.de\/en\/sauna\/","og_site_name":"Hotel am Sportpark","article_modified_time":"2025-06-20T08:48:52+00:00","twitter_card":"summary_large_image","twitter_misc":{"Est. reading time":"1 minute"},"schema":{"@context":"https:\/\/schema.org","@graph":[{"@type":"WebPage","@id":"https:\/\/am-sportpark.de\/sauna\/","url":"https:\/\/am-sportpark.de\/sauna\/","name":"- Sauna - Hotel am Sportpark","isPartOf":{"@id":"https:\/\/am-sportpark.de\/#website"},"datePublished":"2023-02-25T11:10:09+00:00","dateModified":"2025-06-20T08:48:52+00:00","description":"Our small sauna is a private area that our guests can book for just \u20ac15 per person. Only booked guests are allowed in.","breadcrumb":{"@id":"https:\/\/am-sportpark.de\/sauna\/#breadcrumb"},"inLanguage":"en-US","potentialAction":[{"@type":"ReadAction","target":["https:\/\/am-sportpark.de\/sauna\/"]}]},{"@type":"BreadcrumbList","@id":"https:\/\/am-sportpark.de\/sauna\/#breadcrumb","itemListElement":[{"@type":"ListItem","position":1,"name":"Startseite","item":"https:\/\/am-sportpark.de\/"},{"@type":"ListItem","position":2,"name":"&#8211; Sauna"}]},{"@type":"WebSite","@id":"https:\/\/am-sportpark.de\/#website","url":"https:\/\/am-sportpark.de\/","name":"Hotel at the sports park","description":"Family-hotel since 1974","publisher":{"@id":"https:\/\/am-sportpark.de\/#organization"},"potentialAction":[{"@type":"SearchAction","target":{"@type":"EntryPoint","urlTemplate":"https:\/\/am-sportpark.de\/?s={search_term_string}"},"query-input":{"@type":"PropertyValueSpecification","valueRequired":true,"valueName":"search_term_string"}}],"inLanguage":"en-US"},{"@type":"Organization","@id":"https:\/\/am-sportpark.de\/#organization","name":"Hotel at the sports park","url":"https:\/\/am-sportpark.de\/","logo":{"@type":"ImageObject","inLanguage":"en-US","@id":"https:\/\/am-sportpark.de\/#\/schema\/logo\/image\/","url":"https:\/\/am-sportpark.de\/wp-content\/uploads\/2023\/02\/hotel-am-sportpark.webp","contentUrl":"https:\/\/am-sportpark.de\/wp-content\/uploads\/2023\/02\/hotel-am-sportpark.webp","width":681,"height":228,"caption":"Hotel am Sportpark"},"image":{"@id":"https:\/\/am-sportpark.de\/#\/schema\/logo\/image\/"}}]}},"_links":{"self":[{"href":"https:\/\/am-sportpark.de\/en\/wp-json\/wp\/v2\/pages\/33","targetHints":{"allow":["GET"]}}],"collection":[{"href":"https:\/\/am-sportpark.de\/en\/wp-json\/wp\/v2\/pages"}],"about":[{"href":"https:\/\/am-sportpark.de\/en\/wp-json\/wp\/v2\/types\/page"}],"author":[{"embeddable":true,"href":"https:\/\/am-sportpark.de\/en\/wp-json\/wp\/v2\/users\/1"}],"replies":[{"embeddable":true,"href":"https:\/\/am-sportpark.de\/en\/wp-json\/wp\/v2\/comments?post=33"}],"version-history":[{"count":16,"href":"https:\/\/am-sportpark.de\/en\/wp-json\/wp\/v2\/pages\/33\/revisions"}],"predecessor-version":[{"id":1329,"href":"https:\/\/am-sportpark.de\/en\/wp-json\/wp\/v2\/pages\/33\/revisions\/1329"}],"wp:attachment":[{"href":"https:\/\/am-sportpark.de\/en\/wp-json\/wp\/v2\/media?parent=33"}],"curies":[{"name":"wp","href":"https:\/\/api.w.org\/{rel}","templated":true}]}}