{"id":23,"date":"2023-02-25T12:08:12","date_gmt":"2023-02-25T11:08:12","guid":{"rendered":"http:\/\/newsite.am-sportpark.de\/?page_id=23"},"modified":"2024-07-06T07:43:50","modified_gmt":"2024-07-06T05:43:50","slug":"dfb-sportschule-wedau","status":"publish","type":"page","link":"https:\/\/am-sportpark.de\/en\/dfb-sportschule-wedau\/","title":{"rendered":"The sports school in Wedau"},"content":{"rendered":"<div data-elementor-type=\"wp-page\" data-elementor-id=\"23\" class=\"elementor elementor-23\" data-elementor-settings=\"{&quot;ha_cmc_init_switcher&quot;:&quot;no&quot;}\" data-elementor-post-type=\"page\">\n\t\t\t\t\t\t<section class=\"elementor-section elementor-top-section elementor-element elementor-element-e5cedd3 elementor-section-boxed elementor-section-height-default elementor-section-height-default wpr-particle-no wpr-jarallax-no wpr-parallax-no wpr-sticky-section-no wpr-equal-height-no\" data-id=\"e5cedd3\" data-element_type=\"section\" data-e-type=\"section\" data-settings=\"{&quot;_ha_eqh_enable&quot;:false}\">\n\t\t\t\t\t\t<div class=\"elementor-container elementor-column-gap-default\">\n\t\t\t\t\t<div class=\"elementor-column elementor-col-100 elementor-top-column elementor-element elementor-element-19f50bb\" data-id=\"19f50bb\" data-element_type=\"column\" data-e-type=\"column\">\n\t\t\t<div class=\"elementor-widget-wrap elementor-element-populated\">\n\t\t\t\t\t\t<div class=\"elementor-element elementor-element-03365d4 elementor-widget elementor-widget-heading\" data-id=\"03365d4\" data-element_type=\"widget\" data-e-type=\"widget\" data-widget_type=\"heading.default\">\n\t\t\t\t<div class=\"elementor-widget-container\">\n\t\t\t\t\t<h2 class=\"elementor-heading-title elementor-size-default\">The sports school in Wedau<\/h2>\t\t\t\t<\/div>\n\t\t\t\t<\/div>\n\t\t\t\t\t<\/div>\n\t\t<\/div>\n\t\t\t\t\t<\/div>\n\t\t<\/section>\n\t\t\t\t<section class=\"elementor-section elementor-top-section elementor-element elementor-element-c83d0cb elementor-section-boxed elementor-section-height-default elementor-section-height-default wpr-particle-no wpr-jarallax-no wpr-parallax-no wpr-sticky-section-no wpr-equal-height-no\" data-id=\"c83d0cb\" data-element_type=\"section\" data-e-type=\"section\" data-settings=\"{&quot;_ha_eqh_enable&quot;:false}\">\n\t\t\t\t\t\t<div class=\"elementor-container elementor-column-gap-default\">\n\t\t\t\t\t<div class=\"elementor-column elementor-col-100 elementor-top-column elementor-element elementor-element-b0c813d\" data-id=\"b0c813d\" data-element_type=\"column\" data-e-type=\"column\">\n\t\t\t<div class=\"elementor-widget-wrap elementor-element-populated\">\n\t\t\t\t\t\t<div class=\"elementor-element elementor-element-db9c2c3 elementor-widget elementor-widget-text-editor\" data-id=\"db9c2c3\" data-element_type=\"widget\" data-e-type=\"widget\" data-widget_type=\"text-editor.default\">\n\t\t\t\t<div class=\"elementor-widget-container\">\n\t\t\t\t\t\t\t\t\t<p>Only 1,500 meters away from us is the sports school in Wedau, the state training center of the German Football Association DFB and the Football Association of the Lower Rhine e.V. In the largest sports school in Germany, the football professionals of the future are trained and sighted. Our hotel is a perfect location, especially for parents,\nbecause you can quickly reach one of the many places and you can also use our free bicycles.<\/p><p><a href=\"https:\/\/www.sportschule-wedau.de\/48-0-Die-Sportschule-Wedau---Trainings-Meetings-Events.html\">More information<\/a><\/p>\t\t\t\t\t\t\t\t<\/div>\n\t\t\t\t<\/div>\n\t\t\t\t\t<\/div>\n\t\t<\/div>\n\t\t\t\t\t<\/div>\n\t\t<\/section>\n\t\t\t\t<\/div>","protected":false},"excerpt":{"rendered":"<p>DFB Wedau Sports School Just 1,500 meters away from us is the Wedau Sports School, the regional performance center of the German Football Association DFB and the Niederrhein Football Association eV. The football professionals of the future are trained and scouted in Germany&#039;s largest sports school. Our hotel is a perfect location, especially for parents, as you can quickly reach one of the many pitches and use our free bicycles. You can find more information here<\/p>","protected":false},"author":1,"featured_media":0,"parent":0,"menu_order":0,"comment_status":"closed","ping_status":"closed","template":"","meta":{"footnotes":""},"class_list":["post-23","page","type-page","status-publish","hentry"],"yoast_head":"<!-- This site is optimized with the Yoast SEO plugin v27.4 - https:\/\/yoast.com\/product\/yoast-seo-wordpress\/ -->\n<title>DFB Sportschule Wedau - Hotel am Sportpark<\/title>\n<meta name=\"description\" content=\"Die Sportschule Wedau, mit dem gr\u00f6\u00dften Leistungszentrum des DFB und des Westdeutschen Fu\u00dfballverband WDFV liegt nur 5 Min. von uns entfernt\" \/>\n<meta name=\"robots\" content=\"index, follow, max-snippet:-1, max-image-preview:large, max-video-preview:-1\" \/>\n<link rel=\"canonical\" href=\"https:\/\/am-sportpark.de\/en\/dfb-sportschule-wedau\/\" \/>\n<meta property=\"og:locale\" content=\"en_US\" \/>\n<meta property=\"og:type\" content=\"article\" \/>\n<meta property=\"og:title\" content=\"DFB Sportschule Wedau - Hotel am Sportpark\" \/>\n<meta property=\"og:description\" content=\"Die Sportschule Wedau, mit dem gr\u00f6\u00dften Leistungszentrum des DFB und des Westdeutschen Fu\u00dfballverband WDFV liegt nur 5 Min. von uns entfernt\" \/>\n<meta property=\"og:url\" content=\"https:\/\/am-sportpark.de\/en\/dfb-sportschule-wedau\/\" \/>\n<meta property=\"og:site_name\" content=\"Hotel am Sportpark\" \/>\n<meta property=\"article:modified_time\" content=\"2024-07-06T05:43:50+00:00\" \/>\n<meta name=\"twitter:card\" content=\"summary_large_image\" \/>\n<meta name=\"twitter:label1\" content=\"Est. reading time\" \/>\n\t<meta name=\"twitter:data1\" content=\"1 minute\" \/>\n<script type=\"application\/ld+json\" class=\"yoast-schema-graph\">{\"@context\":\"https:\\\/\\\/schema.org\",\"@graph\":[{\"@type\":\"WebPage\",\"@id\":\"https:\\\/\\\/am-sportpark.de\\\/dfb-sportschule-wedau\\\/\",\"url\":\"https:\\\/\\\/am-sportpark.de\\\/dfb-sportschule-wedau\\\/\",\"name\":\"DFB Sportschule Wedau - Hotel am Sportpark\",\"isPartOf\":{\"@id\":\"https:\\\/\\\/am-sportpark.de\\\/#website\"},\"datePublished\":\"2023-02-25T11:08:12+00:00\",\"dateModified\":\"2024-07-06T05:43:50+00:00\",\"description\":\"Die Sportschule Wedau, mit dem gr\u00f6\u00dften Leistungszentrum des DFB und des Westdeutschen Fu\u00dfballverband WDFV liegt nur 5 Min. von uns entfernt\",\"breadcrumb\":{\"@id\":\"https:\\\/\\\/am-sportpark.de\\\/dfb-sportschule-wedau\\\/#breadcrumb\"},\"inLanguage\":\"en-US\",\"potentialAction\":[{\"@type\":\"ReadAction\",\"target\":[\"https:\\\/\\\/am-sportpark.de\\\/dfb-sportschule-wedau\\\/\"]}]},{\"@type\":\"BreadcrumbList\",\"@id\":\"https:\\\/\\\/am-sportpark.de\\\/dfb-sportschule-wedau\\\/#breadcrumb\",\"itemListElement\":[{\"@type\":\"ListItem\",\"position\":1,\"name\":\"Startseite\",\"item\":\"https:\\\/\\\/am-sportpark.de\\\/\"},{\"@type\":\"ListItem\",\"position\":2,\"name\":\"DFB Sportschule Wedau\"}]},{\"@type\":\"WebSite\",\"@id\":\"https:\\\/\\\/am-sportpark.de\\\/#website\",\"url\":\"https:\\\/\\\/am-sportpark.de\\\/\",\"name\":\"Hotel am Sportpark\",\"description\":\"Familienhotel seit 1974\",\"publisher\":{\"@id\":\"https:\\\/\\\/am-sportpark.de\\\/#organization\"},\"potentialAction\":[{\"@type\":\"SearchAction\",\"target\":{\"@type\":\"EntryPoint\",\"urlTemplate\":\"https:\\\/\\\/am-sportpark.de\\\/?s={search_term_string}\"},\"query-input\":{\"@type\":\"PropertyValueSpecification\",\"valueRequired\":true,\"valueName\":\"search_term_string\"}}],\"inLanguage\":\"en-US\"},{\"@type\":\"Organization\",\"@id\":\"https:\\\/\\\/am-sportpark.de\\\/#organization\",\"name\":\"Hotel am Sportpark\",\"url\":\"https:\\\/\\\/am-sportpark.de\\\/\",\"logo\":{\"@type\":\"ImageObject\",\"inLanguage\":\"en-US\",\"@id\":\"https:\\\/\\\/am-sportpark.de\\\/#\\\/schema\\\/logo\\\/image\\\/\",\"url\":\"https:\\\/\\\/am-sportpark.de\\\/wp-content\\\/uploads\\\/2023\\\/02\\\/hotel-am-sportpark.webp\",\"contentUrl\":\"https:\\\/\\\/am-sportpark.de\\\/wp-content\\\/uploads\\\/2023\\\/02\\\/hotel-am-sportpark.webp\",\"width\":681,\"height\":228,\"caption\":\"Hotel am Sportpark\"},\"image\":{\"@id\":\"https:\\\/\\\/am-sportpark.de\\\/#\\\/schema\\\/logo\\\/image\\\/\"}}]}<\/script>\n<!-- \/ Yoast SEO plugin. -->","yoast_head_json":{"title":"DFB Sports School Wedau - Hotel am Sportpark","description":"The Wedau Sports School, with the largest performance center of the DFB and the West German Football Association WDFV, is only 5 minutes away from us","robots":{"index":"index","follow":"follow","max-snippet":"max-snippet:-1","max-image-preview":"max-image-preview:large","max-video-preview":"max-video-preview:-1"},"canonical":"https:\/\/am-sportpark.de\/en\/dfb-sportschule-wedau\/","og_locale":"en_US","og_type":"article","og_title":"DFB Sportschule Wedau - Hotel am Sportpark","og_description":"Die Sportschule Wedau, mit dem gr\u00f6\u00dften Leistungszentrum des DFB und des Westdeutschen Fu\u00dfballverband WDFV liegt nur 5 Min. von uns entfernt","og_url":"https:\/\/am-sportpark.de\/en\/dfb-sportschule-wedau\/","og_site_name":"Hotel am Sportpark","article_modified_time":"2024-07-06T05:43:50+00:00","twitter_card":"summary_large_image","twitter_misc":{"Est. reading time":"1 minute"},"schema":{"@context":"https:\/\/schema.org","@graph":[{"@type":"WebPage","@id":"https:\/\/am-sportpark.de\/dfb-sportschule-wedau\/","url":"https:\/\/am-sportpark.de\/dfb-sportschule-wedau\/","name":"DFB Sports School Wedau - Hotel am Sportpark","isPartOf":{"@id":"https:\/\/am-sportpark.de\/#website"},"datePublished":"2023-02-25T11:08:12+00:00","dateModified":"2024-07-06T05:43:50+00:00","description":"The Wedau Sports School, with the largest performance center of the DFB and the West German Football Association WDFV, is only 5 minutes away from us","breadcrumb":{"@id":"https:\/\/am-sportpark.de\/dfb-sportschule-wedau\/#breadcrumb"},"inLanguage":"en-US","potentialAction":[{"@type":"ReadAction","target":["https:\/\/am-sportpark.de\/dfb-sportschule-wedau\/"]}]},{"@type":"BreadcrumbList","@id":"https:\/\/am-sportpark.de\/dfb-sportschule-wedau\/#breadcrumb","itemListElement":[{"@type":"ListItem","position":1,"name":"Startseite","item":"https:\/\/am-sportpark.de\/"},{"@type":"ListItem","position":2,"name":"DFB Sportschule Wedau"}]},{"@type":"WebSite","@id":"https:\/\/am-sportpark.de\/#website","url":"https:\/\/am-sportpark.de\/","name":"Hotel at the sports park","description":"Family-hotel since 1974","publisher":{"@id":"https:\/\/am-sportpark.de\/#organization"},"potentialAction":[{"@type":"SearchAction","target":{"@type":"EntryPoint","urlTemplate":"https:\/\/am-sportpark.de\/?s={search_term_string}"},"query-input":{"@type":"PropertyValueSpecification","valueRequired":true,"valueName":"search_term_string"}}],"inLanguage":"en-US"},{"@type":"Organization","@id":"https:\/\/am-sportpark.de\/#organization","name":"Hotel at the sports park","url":"https:\/\/am-sportpark.de\/","logo":{"@type":"ImageObject","inLanguage":"en-US","@id":"https:\/\/am-sportpark.de\/#\/schema\/logo\/image\/","url":"https:\/\/am-sportpark.de\/wp-content\/uploads\/2023\/02\/hotel-am-sportpark.webp","contentUrl":"https:\/\/am-sportpark.de\/wp-content\/uploads\/2023\/02\/hotel-am-sportpark.webp","width":681,"height":228,"caption":"Hotel am Sportpark"},"image":{"@id":"https:\/\/am-sportpark.de\/#\/schema\/logo\/image\/"}}]}},"_links":{"self":[{"href":"https:\/\/am-sportpark.de\/en\/wp-json\/wp\/v2\/pages\/23","targetHints":{"allow":["GET"]}}],"collection":[{"href":"https:\/\/am-sportpark.de\/en\/wp-json\/wp\/v2\/pages"}],"about":[{"href":"https:\/\/am-sportpark.de\/en\/wp-json\/wp\/v2\/types\/page"}],"author":[{"embeddable":true,"href":"https:\/\/am-sportpark.de\/en\/wp-json\/wp\/v2\/users\/1"}],"replies":[{"embeddable":true,"href":"https:\/\/am-sportpark.de\/en\/wp-json\/wp\/v2\/comments?post=23"}],"version-history":[{"count":9,"href":"https:\/\/am-sportpark.de\/en\/wp-json\/wp\/v2\/pages\/23\/revisions"}],"predecessor-version":[{"id":845,"href":"https:\/\/am-sportpark.de\/en\/wp-json\/wp\/v2\/pages\/23\/revisions\/845"}],"wp:attachment":[{"href":"https:\/\/am-sportpark.de\/en\/wp-json\/wp\/v2\/media?parent=23"}],"curies":[{"name":"wp","href":"https:\/\/api.w.org\/{rel}","templated":true}]}}