{"id":1756,"date":"2026-01-27T06:58:35","date_gmt":"2026-01-27T05:58:35","guid":{"rendered":"https:\/\/am-sportpark.de\/?page_id=1756"},"modified":"2026-03-08T06:36:58","modified_gmt":"2026-03-08T05:36:58","slug":"veranstaltungen","status":"publish","type":"page","link":"https:\/\/am-sportpark.de\/en\/digitale-hotelmappe\/veranstaltungen\/","title":{"rendered":"Events"},"content":{"rendered":"<div data-elementor-type=\"wp-page\" data-elementor-id=\"1756\" class=\"elementor elementor-1756\" data-elementor-settings=\"{&quot;ha_cmc_init_switcher&quot;:&quot;no&quot;}\" data-elementor-post-type=\"page\">\n\t\t\t\t\t\t<section class=\"elementor-section elementor-top-section elementor-element elementor-element-ab910b9 elementor-section-boxed elementor-section-height-default elementor-section-height-default wpr-particle-no wpr-jarallax-no wpr-parallax-no wpr-sticky-section-no\" data-id=\"ab910b9\" data-element_type=\"section\" data-e-type=\"section\" data-settings=\"{&quot;_ha_eqh_enable&quot;:false}\">\n\t\t\t\t\t\t<div class=\"elementor-container elementor-column-gap-default\">\n\t\t\t\t\t<div class=\"elementor-column elementor-col-100 elementor-top-column elementor-element elementor-element-6dee1d1\" data-id=\"6dee1d1\" data-element_type=\"column\" data-e-type=\"column\">\n\t\t\t<div class=\"elementor-widget-wrap elementor-element-populated\">\n\t\t\t\t\t\t<div class=\"elementor-element elementor-element-eb9e058 elementor-widget elementor-widget-heading\" data-id=\"eb9e058\" data-element_type=\"widget\" data-e-type=\"widget\" data-widget_type=\"heading.default\">\n\t\t\t\t<div class=\"elementor-widget-container\">\n\t\t\t\t\t<h1 class=\"elementor-heading-title elementor-size-default\">The events in 2026 in Duisburg and D\u00fcsseldorf<\/h1>\t\t\t\t<\/div>\n\t\t\t\t<\/div>\n\t\t\t\t\t<\/div>\n\t\t<\/div>\n\t\t\t\t\t<\/div>\n\t\t<\/section>\n\t\t\t\t<section class=\"elementor-section elementor-top-section elementor-element elementor-element-3b1f707 elementor-section-boxed elementor-section-height-default elementor-section-height-default wpr-particle-no wpr-jarallax-no wpr-parallax-no wpr-sticky-section-no\" data-id=\"3b1f707\" data-element_type=\"section\" data-e-type=\"section\" data-settings=\"{&quot;_ha_eqh_enable&quot;:false}\">\n\t\t\t\t\t\t<div class=\"elementor-container elementor-column-gap-default\">\n\t\t\t\t\t<div class=\"elementor-column elementor-col-100 elementor-top-column elementor-element elementor-element-ac4fe61\" data-id=\"ac4fe61\" data-element_type=\"column\" data-e-type=\"column\">\n\t\t\t<div class=\"elementor-widget-wrap elementor-element-populated\">\n\t\t\t\t\t\t<div class=\"elementor-element elementor-element-f737078 elementor-widget elementor-widget-text-editor\" data-id=\"f737078\" data-element_type=\"widget\" data-e-type=\"widget\" data-widget_type=\"text-editor.default\">\n\t\t\t\t<div class=\"elementor-widget-container\">\n\t\t\t\t\t\t\t\t\t<p>Duisburg itself boasts many wonderful and unique events in the city center and at the MSV Arena. Since our hotel is located in southern Duisburg, D\u00fcsseldorf, with its Mercure Arena, trade fair grounds, and historic city center, is also within easy reach. Here is a short list of exciting events this year.<\/p>\t\t\t\t\t\t\t\t<\/div>\n\t\t\t\t<\/div>\n\t\t\t\t\t<\/div>\n\t\t<\/div>\n\t\t\t\t\t<\/div>\n\t\t<\/section>\n\t\t\t\t<section class=\"elementor-section elementor-top-section elementor-element elementor-element-a3c5a46 elementor-section-boxed elementor-section-height-default elementor-section-height-default wpr-particle-no wpr-jarallax-no wpr-parallax-no wpr-sticky-section-no\" data-id=\"a3c5a46\" data-element_type=\"section\" data-e-type=\"section\" data-settings=\"{&quot;_ha_eqh_enable&quot;:false}\">\n\t\t\t\t\t\t<div class=\"elementor-container elementor-column-gap-default\">\n\t\t\t\t\t<div class=\"elementor-column elementor-col-100 elementor-top-column elementor-element elementor-element-80dba12\" data-id=\"80dba12\" data-element_type=\"column\" data-e-type=\"column\">\n\t\t\t<div class=\"elementor-widget-wrap elementor-element-populated\">\n\t\t\t\t\t\t<div class=\"elementor-element elementor-element-fbf2543 elementor-widget elementor-widget-heading\" data-id=\"fbf2543\" data-element_type=\"widget\" data-e-type=\"widget\" data-widget_type=\"heading.default\">\n\t\t\t\t<div class=\"elementor-widget-container\">\n\t\t\t\t\t<h2 class=\"elementor-heading-title elementor-size-default\">Events in Duisburg<\/h2>\t\t\t\t<\/div>\n\t\t\t\t<\/div>\n\t\t\t\t\t<\/div>\n\t\t<\/div>\n\t\t\t\t\t<\/div>\n\t\t<\/section>\n\t\t\t\t<section class=\"elementor-section elementor-top-section elementor-element elementor-element-d181764 elementor-section-boxed elementor-section-height-default elementor-section-height-default wpr-particle-no wpr-jarallax-no wpr-parallax-no wpr-sticky-section-no\" data-id=\"d181764\" data-element_type=\"section\" data-e-type=\"section\" data-settings=\"{&quot;_ha_eqh_enable&quot;:false}\">\n\t\t\t\t\t\t<div class=\"elementor-container elementor-column-gap-default\">\n\t\t\t\t\t<div class=\"elementor-column elementor-col-100 elementor-top-column elementor-element elementor-element-81a0807\" data-id=\"81a0807\" data-element_type=\"column\" data-e-type=\"column\">\n\t\t\t<div class=\"elementor-widget-wrap elementor-element-populated\">\n\t\t\t\t\t\t<div class=\"elementor-element elementor-element-29b501f elementor-widget elementor-widget-text-editor\" data-id=\"29b501f\" data-element_type=\"widget\" data-e-type=\"widget\" data-widget_type=\"text-editor.default\">\n\t\t\t\t<div class=\"elementor-widget-container\">\n\t\t\t\t\t\t\t\t\t<p><span style=\"color: #00ccff;\">Date Event<\/span><\/p>\n<p>February 12th \u2013 18th: Carnival in Duisburg with one of the largest parades in the Ruhr area<br>April 24-25: Beer Festival in Duisburg \u2013 Many small breweries present themselves in Duisburg Wanheimerort<br>April 26th: Spring festival with arts and crafts market in the city center, including Sunday shopping.<br>10.5.         Rhine-Ruhr Marathon<br>May 23rd: Japan Day in D\u00fcsseldorf with a large fireworks display.<br>June 12th \u2013 June 14th: Dragon Boat Fun Regatta in the inner harbor<br>June 19th \u2013 June 21st: The Traumzeit Festival in Duisburg<br>June 27th \u2013 28th: Extra shift in the inner harbor and the landscape park. Fireworks on Saturday in the inner harbor.<br>27.6.         Muddy Angel Run in the sports park<br>July 16th \u2013 July 19th: Duisburg City Festival in the city center<br>July 17th \u2013 July 26th: Largest Rhine fair in D\u00fcsseldorf with fireworks on Saturday<br>July 30 \u2013 August 2: Wine Festival in Duisburg City<br>1.8.          Hiking loop in the Duisburg sports park<br>August 16th: Ironman in Duisburg<br>August 21st \u2013 24th: Ruhrort Harbor Festival with a large fireworks display and funfair on the Rhine<br>September 19th \u2013 20th: Duisburg Auto Show in Paint and Chrome in the City Center with Sunday Shopping<br>September 25th \u2013 27th: Street Food Festival in Landschaftspark Nord<br>October 25th: Mystical Neum\u00fchl with medieval market<br>October 25th: Duisburg Pumpkin Festival in the city center with Sunday shopping<br>6.11. St. Martin&#039;s Day parade in the city center and districts<br>November 22nd \u2013 December 30th: Start of the Christmas market in Duisburg city center, including a Sunday shopping day on December 20th.<\/p>\n<p>In addition, there are the home games of MSV Duisburg ( <a href=\"https:\/\/www.msv-duisburg.de\" target=\"_blank\" rel=\"noopener\">https:\/\/www.msv-duisburg.de<\/a> ) and the Rhein-Fire football team ( <a href=\"https:\/\/www.rheinfire.eu\" target=\"_blank\" rel=\"noopener\">https:\/\/www.rheinfire.eu<\/a> ), which are held at the Schau ins Land Reisen Arena. This is only a 5-minute walk from the hotel. The West German Football Association (FVN) also hosts the DFB tournaments for the U14-U18 age groups for women and men. These take place at the sports school in Wedau.&nbsp;<\/p>\n<p><span style=\"text-decoration: underline; color: #00ccff;\"><strong>Recurring events:<\/strong><\/span><\/p>\n<ul>\n<li>The marina market returns to the inner harbor on April 5th. This market, held in a pleasant atmosphere, takes place on the second Sunday of each month from April to October.<\/li>\n<li>Starting May 7th, &quot;Jazz on the Square&quot; takes place every first Thursday of the month in the city center. A fantastic music event in front of the city theater and the Mercator Hall.<\/li>\n<\/ul>\n<p>You can find even more events on the Duisburg Tourist Information website at <a href=\"https:\/\/www.duisburgkontor.de\/events\/veranstaltungskalender\/\" target=\"_blank\" rel=\"noopener\">https:\/\/www.duisburgkontor.de\/events\/veranstaltungskalender\/<\/a><\/p>\t\t\t\t\t\t\t\t<\/div>\n\t\t\t\t<\/div>\n\t\t\t\t\t<\/div>\n\t\t<\/div>\n\t\t\t\t\t<\/div>\n\t\t<\/section>\n\t\t\t\t<\/div>","protected":false},"excerpt":{"rendered":"<p>Events in Duisburg and D\u00fcsseldorf in 2026: Duisburg itself has many beautiful and even unusual events in the city center and at the MSV Arena. Since our hotel is located in southern Duisburg, D\u00fcsseldorf, with its Mercury Arena, trade fair grounds, and historic old town, is also within easy reach. Here is a short list of exciting events from this year. Events in Duisburg: Date Event 12.2. \u2013 18.2. Carnival in Duisburg with one of the largest parades in the Ruhr area 24.4. \u2013 25.4. Beer Festival in Duisburg \u2013 Many small breweries present themselves in Duisburg Wanheimerort 26.4. Spring Festival with arts and crafts market in the city center with Sunday shopping 10.5. Rhine-Ruhr Marathon 23.5. Japan Day in D\u00fcsseldorf with a large fireworks display 12.6. \u2013 14.6. Dragon Boat Fun Regatta in the Inner Harbor 19.6. \u2013 21.6. The Traumzeit Festival in Duisburg 27.6. \u2013 28.6. Extra Shift in the Inner Harbor and the Landscape Park. Saturdays in the Inner Harbour with fireworks, June 27. Muddy Angel Run in the Sports Park, July 16-19. Duisburg City Festival in the city centre, July 17-26. Largest Rhine Fair in D\u00fcsseldorf with fireworks on Saturday, July 30-August 2. Wine Festival in Duisburg city centre, August 1. Hiking Loop in Duisburg Sports Park, August 16. Ironman in Duisburg, August 21-24. Ruhrort Harbour Festival with large fireworks and fair on the Rhine, September 19-20. Duisburg Auto Show in the city centre with Sunday shopping, September 25-27. Street Food Festival in Landschaftspark Nord, October 25. Mystical Neum\u00fchl with medieval market, October 25. Duisburg Pumpkin Festival in the city centre with Sunday shopping, November 6. St. Martin&#039;s Parade in the city centre and districts, November 22-December 30. The Christmas market in Duisburg city center opens on December 20th, coinciding with a Sunday shopping event. In addition, MSV Duisburg (https:\/\/www.msv-duisburg.de) and the Rhein-Fire football team (https:\/\/www.rheinfire.eu) will be playing their home games at the Schau ins Land Reisen Arena, just a 5-minute walk from the hotel. The West German Football Association (FVN) will also be hosting DFB tournaments for the U14-U18 age groups for both men and women at the sports school in Wedau. Recurring events include the Marina Market, which returns to the Inner Harbour on April 5th. This market, with its pleasant atmosphere, takes place on the second Sunday of each month from April to October. Starting May 7th, Jazz auf&#039;m Platz will be held in the city center on the first Thursday of every month, a fantastic music event in front of the Stadttheater and the Mercatorhalle. You can find even more events on the Duisburg Tourist Information website at https:\/\/www.duisburgkontor.de\/events\/veranstaltungskalender\/<\/p>","protected":false},"author":1,"featured_media":0,"parent":1702,"menu_order":6,"comment_status":"closed","ping_status":"closed","template":"","meta":{"footnotes":""},"class_list":["post-1756","page","type-page","status-publish","hentry"],"yoast_head":"<!-- This site is optimized with the Yoast SEO plugin v27.3 - https:\/\/yoast.com\/product\/yoast-seo-wordpress\/ -->\n<title>Veranstaltungen - Hotel am Sportpark<\/title>\n<meta name=\"robots\" content=\"index, follow, max-snippet:-1, max-image-preview:large, max-video-preview:-1\" \/>\n<link rel=\"canonical\" href=\"https:\/\/am-sportpark.de\/en\/digitale-hotelmappe\/veranstaltungen\/\" \/>\n<meta property=\"og:locale\" content=\"en_US\" \/>\n<meta property=\"og:type\" content=\"article\" \/>\n<meta property=\"og:title\" content=\"Veranstaltungen - Hotel am Sportpark\" \/>\n<meta property=\"og:description\" content=\"Die Veranstaltungen in 2026 in Duisburg und D\u00fcsseldorf Duisburg hat selber viele sch\u00f6ne und auch au\u00dfergew\u00f6hnliche Veranstaltungen in der City und der MSV Arena. Da unser Hotel im Duisburger S\u00fcden liegt, ist auch D\u00fcsseldorf mit der Mecure Spiel Arena, der Messe und der Altstadt auch nicht weit weg. Hier finden Sie nun eine kleine Liste mit spannenden Veranstaltungen aus diesem Jahr. Veranstaltungen in Duisburg Datum&nbsp; &nbsp; &nbsp; &nbsp; &nbsp; &nbsp;Veranstaltung 12.2. &#8211; 18.2.&nbsp; &nbsp; &nbsp;Karneval in Duisburg mit einem der gr\u00f6\u00dften Z\u00fcge im Pott24.4. -25.4.&nbsp; &nbsp; &nbsp;Bierfestival in Duisburg &#8211; Viele kleine Brauereien stellen sich vor in Duisburg Wanheimerort26.4.&nbsp; &nbsp; &nbsp; &nbsp; &nbsp; &nbsp; &nbsp; &nbsp; Fr\u00fchlingsfest mit Kunsthandwerkermarkt in der City mit verkaufsoffenem Sonntag10.5.&nbsp; &nbsp; &nbsp; &nbsp; &nbsp; &nbsp; &nbsp; &nbsp; &nbsp;Rhein-Ruhr Marathon23.5.&nbsp; &nbsp; &nbsp; &nbsp; &nbsp; &nbsp; &nbsp; &nbsp; Japan Tag in D\u00fcsseldorf mit gro\u00dfen Feuerwerk12.6. &#8211; 14.6.&nbsp; &nbsp; &nbsp; Drachenboot Fun Regatta im Innenhafen19.6. &#8211; 21.6.&nbsp; &nbsp; &nbsp; Das Traumzeit Festival in Duisburg27.6. &#8211; 28.6.&nbsp; &nbsp; &nbsp;Extra-Schicht im Innenhafen und im Landschaftspark. Samstags im Innenhafen mit Feuerwerk27.6.&nbsp; &nbsp; &nbsp; &nbsp; &nbsp; &nbsp; &nbsp; &nbsp; &nbsp;Muddy Angel Run im Sportpark16.7. &#8211; 19.7.&nbsp; &nbsp; &nbsp; &nbsp;Duisburger Stadtfest in der City17.7. &#8211; 26.7.&nbsp; &nbsp; &nbsp; &nbsp;Gr\u00f6\u00dfte Rheinkirmes in D\u00fcsseldorf mit Feuerwerk am Samstag30.7. &#8211; 2.8.&nbsp; &nbsp; &nbsp; &nbsp;Weinfest in der Duisburger City1.8.&nbsp; &nbsp; &nbsp; &nbsp; &nbsp; &nbsp; &nbsp; &nbsp; &nbsp; &nbsp;Hiking Loop im Duisburg Sportpark16.8.&nbsp; &nbsp; &nbsp; &nbsp; &nbsp; &nbsp; &nbsp; &nbsp; &nbsp;Ironman in Duisburg21.8. &#8211; 24.8.&nbsp; &nbsp; &nbsp;Ruhrorter Hafenfest mit gro\u00dfem Feuerwerk und Kirmes am Rhein19.9. &#8211; 20.9.&nbsp; &nbsp; Automesse Duisburg in Lack und Chrom in der City mit verkaufsoffenem Sonntag25.9. &#8211; 27.9.&nbsp; &nbsp; Streetfood Festival im Landschaftspark Nord25.10.&nbsp; &nbsp; &nbsp; &nbsp; &nbsp; &nbsp; &nbsp; Mystisches Neum\u00fchl mit Mittelaltermarkt25.10.&nbsp; &nbsp; &nbsp; &nbsp; &nbsp; &nbsp; &nbsp; Duisburger K\u00fcrbisfest in der City mit verkaufsoffenem Sonntag6.11.&nbsp; &nbsp; &nbsp; &nbsp; &nbsp; &nbsp; &nbsp; &nbsp; &nbsp;Sankt Martins Umzug in der City und den Stadtteilen22.11. &#8211; 30.12.&nbsp; Start des Weihnachtsmarkts in der Duisburger City und einem mit verkaufsoffenem Sonntag am 20.12. Dazu kommen noch die Heimspiele des MSV Duisburg ( https:\/\/www.msv-duisburg.de ) und der Football Mannschaft Rhein-Fire ( https:\/\/www.rheinfire.eu ), die in der Schau ins Land Reisen Arena ausgetragen werden. Diese ist nur 5 Minuten zu Fu\u00df vom Hotel entfernt. Auch gibt es beim Westdeutschen Fu\u00dfball Verband FVN noch die DFB-Tourniere f\u00fcr die U14-18 der Frauen und M\u00e4nner. Dies findet in der Sportschule in Wedau statt.&nbsp; Wiederkehrende Veranstaltungen: Im Innenhafen haben wir ab dem 5 April wieder den Marinamarkt. In netter Atmosph\u00e4re findet dieser Markt jeweils am 2. Sonntag der Monate April bis Oktober statt. In der City findet ab dem 7.5. immer am ersten Donnerstag im Monat in der City Jazz auf\u00b4m Platz statt. Vor dem Stadttheater und der Mercatorhalle eine tolle Musikveranstaltung. Noch mehr Veranstaltungen finden Sie auf der Webseite der Duisburger Touristen Information unter https:\/\/www.duisburgkontor.de\/events\/veranstaltungskalender\/\" \/>\n<meta property=\"og:url\" content=\"https:\/\/am-sportpark.de\/en\/digitale-hotelmappe\/veranstaltungen\/\" \/>\n<meta property=\"og:site_name\" content=\"Hotel am Sportpark\" \/>\n<meta property=\"article:modified_time\" content=\"2026-03-08T05:36:58+00:00\" \/>\n<meta name=\"twitter:card\" content=\"summary_large_image\" \/>\n<meta name=\"twitter:label1\" content=\"Est. reading time\" \/>\n\t<meta name=\"twitter:data1\" content=\"3 minutes\" \/>\n<script type=\"application\/ld+json\" class=\"yoast-schema-graph\">{\"@context\":\"https:\\\/\\\/schema.org\",\"@graph\":[{\"@type\":\"WebPage\",\"@id\":\"https:\\\/\\\/am-sportpark.de\\\/digitale-hotelmappe\\\/veranstaltungen\\\/\",\"url\":\"https:\\\/\\\/am-sportpark.de\\\/digitale-hotelmappe\\\/veranstaltungen\\\/\",\"name\":\"Veranstaltungen - Hotel am Sportpark\",\"isPartOf\":{\"@id\":\"https:\\\/\\\/am-sportpark.de\\\/#website\"},\"datePublished\":\"2026-01-27T05:58:35+00:00\",\"dateModified\":\"2026-03-08T05:36:58+00:00\",\"breadcrumb\":{\"@id\":\"https:\\\/\\\/am-sportpark.de\\\/digitale-hotelmappe\\\/veranstaltungen\\\/#breadcrumb\"},\"inLanguage\":\"en-US\",\"potentialAction\":[{\"@type\":\"ReadAction\",\"target\":[\"https:\\\/\\\/am-sportpark.de\\\/digitale-hotelmappe\\\/veranstaltungen\\\/\"]}]},{\"@type\":\"BreadcrumbList\",\"@id\":\"https:\\\/\\\/am-sportpark.de\\\/digitale-hotelmappe\\\/veranstaltungen\\\/#breadcrumb\",\"itemListElement\":[{\"@type\":\"ListItem\",\"position\":1,\"name\":\"Startseite\",\"item\":\"https:\\\/\\\/am-sportpark.de\\\/\"},{\"@type\":\"ListItem\",\"position\":2,\"name\":\"Digitale Hotelmappe\",\"item\":\"https:\\\/\\\/am-sportpark.de\\\/digitale-hotelmappe\\\/\"},{\"@type\":\"ListItem\",\"position\":3,\"name\":\"Veranstaltungen\"}]},{\"@type\":\"WebSite\",\"@id\":\"https:\\\/\\\/am-sportpark.de\\\/#website\",\"url\":\"https:\\\/\\\/am-sportpark.de\\\/\",\"name\":\"Hotel am Sportpark\",\"description\":\"Familienhotel seit 1974\",\"publisher\":{\"@id\":\"https:\\\/\\\/am-sportpark.de\\\/#organization\"},\"potentialAction\":[{\"@type\":\"SearchAction\",\"target\":{\"@type\":\"EntryPoint\",\"urlTemplate\":\"https:\\\/\\\/am-sportpark.de\\\/?s={search_term_string}\"},\"query-input\":{\"@type\":\"PropertyValueSpecification\",\"valueRequired\":true,\"valueName\":\"search_term_string\"}}],\"inLanguage\":\"en-US\"},{\"@type\":\"Organization\",\"@id\":\"https:\\\/\\\/am-sportpark.de\\\/#organization\",\"name\":\"Hotel am Sportpark\",\"url\":\"https:\\\/\\\/am-sportpark.de\\\/\",\"logo\":{\"@type\":\"ImageObject\",\"inLanguage\":\"en-US\",\"@id\":\"https:\\\/\\\/am-sportpark.de\\\/#\\\/schema\\\/logo\\\/image\\\/\",\"url\":\"https:\\\/\\\/am-sportpark.de\\\/wp-content\\\/uploads\\\/2023\\\/02\\\/hotel-am-sportpark.webp\",\"contentUrl\":\"https:\\\/\\\/am-sportpark.de\\\/wp-content\\\/uploads\\\/2023\\\/02\\\/hotel-am-sportpark.webp\",\"width\":681,\"height\":228,\"caption\":\"Hotel am Sportpark\"},\"image\":{\"@id\":\"https:\\\/\\\/am-sportpark.de\\\/#\\\/schema\\\/logo\\\/image\\\/\"}}]}<\/script>\n<!-- \/ Yoast SEO plugin. -->","yoast_head_json":{"title":"Events - Hotel am Sportpark","robots":{"index":"index","follow":"follow","max-snippet":"max-snippet:-1","max-image-preview":"max-image-preview:large","max-video-preview":"max-video-preview:-1"},"canonical":"https:\/\/am-sportpark.de\/en\/digitale-hotelmappe\/veranstaltungen\/","og_locale":"en_US","og_type":"article","og_title":"Veranstaltungen - Hotel am Sportpark","og_description":"Die Veranstaltungen in 2026 in Duisburg und D\u00fcsseldorf Duisburg hat selber viele sch\u00f6ne und auch au\u00dfergew\u00f6hnliche Veranstaltungen in der City und der MSV Arena. Da unser Hotel im Duisburger S\u00fcden liegt, ist auch D\u00fcsseldorf mit der Mecure Spiel Arena, der Messe und der Altstadt auch nicht weit weg. Hier finden Sie nun eine kleine Liste mit spannenden Veranstaltungen aus diesem Jahr. Veranstaltungen in Duisburg Datum&nbsp; &nbsp; &nbsp; &nbsp; &nbsp; &nbsp;Veranstaltung 12.2. &#8211; 18.2.&nbsp; &nbsp; &nbsp;Karneval in Duisburg mit einem der gr\u00f6\u00dften Z\u00fcge im Pott24.4. -25.4.&nbsp; &nbsp; &nbsp;Bierfestival in Duisburg &#8211; Viele kleine Brauereien stellen sich vor in Duisburg Wanheimerort26.4.&nbsp; &nbsp; &nbsp; &nbsp; &nbsp; &nbsp; &nbsp; &nbsp; Fr\u00fchlingsfest mit Kunsthandwerkermarkt in der City mit verkaufsoffenem Sonntag10.5.&nbsp; &nbsp; &nbsp; &nbsp; &nbsp; &nbsp; &nbsp; &nbsp; &nbsp;Rhein-Ruhr Marathon23.5.&nbsp; &nbsp; &nbsp; &nbsp; &nbsp; &nbsp; &nbsp; &nbsp; Japan Tag in D\u00fcsseldorf mit gro\u00dfen Feuerwerk12.6. &#8211; 14.6.&nbsp; &nbsp; &nbsp; Drachenboot Fun Regatta im Innenhafen19.6. &#8211; 21.6.&nbsp; &nbsp; &nbsp; Das Traumzeit Festival in Duisburg27.6. &#8211; 28.6.&nbsp; &nbsp; &nbsp;Extra-Schicht im Innenhafen und im Landschaftspark. Samstags im Innenhafen mit Feuerwerk27.6.&nbsp; &nbsp; &nbsp; &nbsp; &nbsp; &nbsp; &nbsp; &nbsp; &nbsp;Muddy Angel Run im Sportpark16.7. &#8211; 19.7.&nbsp; &nbsp; &nbsp; &nbsp;Duisburger Stadtfest in der City17.7. &#8211; 26.7.&nbsp; &nbsp; &nbsp; &nbsp;Gr\u00f6\u00dfte Rheinkirmes in D\u00fcsseldorf mit Feuerwerk am Samstag30.7. &#8211; 2.8.&nbsp; &nbsp; &nbsp; &nbsp;Weinfest in der Duisburger City1.8.&nbsp; &nbsp; &nbsp; &nbsp; &nbsp; &nbsp; &nbsp; &nbsp; &nbsp; &nbsp;Hiking Loop im Duisburg Sportpark16.8.&nbsp; &nbsp; &nbsp; &nbsp; &nbsp; &nbsp; &nbsp; &nbsp; &nbsp;Ironman in Duisburg21.8. &#8211; 24.8.&nbsp; &nbsp; &nbsp;Ruhrorter Hafenfest mit gro\u00dfem Feuerwerk und Kirmes am Rhein19.9. &#8211; 20.9.&nbsp; &nbsp; Automesse Duisburg in Lack und Chrom in der City mit verkaufsoffenem Sonntag25.9. &#8211; 27.9.&nbsp; &nbsp; Streetfood Festival im Landschaftspark Nord25.10.&nbsp; &nbsp; &nbsp; &nbsp; &nbsp; &nbsp; &nbsp; Mystisches Neum\u00fchl mit Mittelaltermarkt25.10.&nbsp; &nbsp; &nbsp; &nbsp; &nbsp; &nbsp; &nbsp; Duisburger K\u00fcrbisfest in der City mit verkaufsoffenem Sonntag6.11.&nbsp; &nbsp; &nbsp; &nbsp; &nbsp; &nbsp; &nbsp; &nbsp; &nbsp;Sankt Martins Umzug in der City und den Stadtteilen22.11. &#8211; 30.12.&nbsp; Start des Weihnachtsmarkts in der Duisburger City und einem mit verkaufsoffenem Sonntag am 20.12. Dazu kommen noch die Heimspiele des MSV Duisburg ( https:\/\/www.msv-duisburg.de ) und der Football Mannschaft Rhein-Fire ( https:\/\/www.rheinfire.eu ), die in der Schau ins Land Reisen Arena ausgetragen werden. Diese ist nur 5 Minuten zu Fu\u00df vom Hotel entfernt. Auch gibt es beim Westdeutschen Fu\u00dfball Verband FVN noch die DFB-Tourniere f\u00fcr die U14-18 der Frauen und M\u00e4nner. Dies findet in der Sportschule in Wedau statt.&nbsp; Wiederkehrende Veranstaltungen: Im Innenhafen haben wir ab dem 5 April wieder den Marinamarkt. In netter Atmosph\u00e4re findet dieser Markt jeweils am 2. Sonntag der Monate April bis Oktober statt. In der City findet ab dem 7.5. immer am ersten Donnerstag im Monat in der City Jazz auf\u00b4m Platz statt. Vor dem Stadttheater und der Mercatorhalle eine tolle Musikveranstaltung. Noch mehr Veranstaltungen finden Sie auf der Webseite der Duisburger Touristen Information unter https:\/\/www.duisburgkontor.de\/events\/veranstaltungskalender\/","og_url":"https:\/\/am-sportpark.de\/en\/digitale-hotelmappe\/veranstaltungen\/","og_site_name":"Hotel am Sportpark","article_modified_time":"2026-03-08T05:36:58+00:00","twitter_card":"summary_large_image","twitter_misc":{"Est. reading time":"3 minutes"},"schema":{"@context":"https:\/\/schema.org","@graph":[{"@type":"WebPage","@id":"https:\/\/am-sportpark.de\/digitale-hotelmappe\/veranstaltungen\/","url":"https:\/\/am-sportpark.de\/digitale-hotelmappe\/veranstaltungen\/","name":"Events - Hotel am Sportpark","isPartOf":{"@id":"https:\/\/am-sportpark.de\/#website"},"datePublished":"2026-01-27T05:58:35+00:00","dateModified":"2026-03-08T05:36:58+00:00","breadcrumb":{"@id":"https:\/\/am-sportpark.de\/digitale-hotelmappe\/veranstaltungen\/#breadcrumb"},"inLanguage":"en-US","potentialAction":[{"@type":"ReadAction","target":["https:\/\/am-sportpark.de\/digitale-hotelmappe\/veranstaltungen\/"]}]},{"@type":"BreadcrumbList","@id":"https:\/\/am-sportpark.de\/digitale-hotelmappe\/veranstaltungen\/#breadcrumb","itemListElement":[{"@type":"ListItem","position":1,"name":"Startseite","item":"https:\/\/am-sportpark.de\/"},{"@type":"ListItem","position":2,"name":"Digitale Hotelmappe","item":"https:\/\/am-sportpark.de\/digitale-hotelmappe\/"},{"@type":"ListItem","position":3,"name":"Veranstaltungen"}]},{"@type":"WebSite","@id":"https:\/\/am-sportpark.de\/#website","url":"https:\/\/am-sportpark.de\/","name":"Hotel at the sports park","description":"Family-hotel since 1974","publisher":{"@id":"https:\/\/am-sportpark.de\/#organization"},"potentialAction":[{"@type":"SearchAction","target":{"@type":"EntryPoint","urlTemplate":"https:\/\/am-sportpark.de\/?s={search_term_string}"},"query-input":{"@type":"PropertyValueSpecification","valueRequired":true,"valueName":"search_term_string"}}],"inLanguage":"en-US"},{"@type":"Organization","@id":"https:\/\/am-sportpark.de\/#organization","name":"Hotel at the sports park","url":"https:\/\/am-sportpark.de\/","logo":{"@type":"ImageObject","inLanguage":"en-US","@id":"https:\/\/am-sportpark.de\/#\/schema\/logo\/image\/","url":"https:\/\/am-sportpark.de\/wp-content\/uploads\/2023\/02\/hotel-am-sportpark.webp","contentUrl":"https:\/\/am-sportpark.de\/wp-content\/uploads\/2023\/02\/hotel-am-sportpark.webp","width":681,"height":228,"caption":"Hotel am Sportpark"},"image":{"@id":"https:\/\/am-sportpark.de\/#\/schema\/logo\/image\/"}}]}},"_links":{"self":[{"href":"https:\/\/am-sportpark.de\/en\/wp-json\/wp\/v2\/pages\/1756","targetHints":{"allow":["GET"]}}],"collection":[{"href":"https:\/\/am-sportpark.de\/en\/wp-json\/wp\/v2\/pages"}],"about":[{"href":"https:\/\/am-sportpark.de\/en\/wp-json\/wp\/v2\/types\/page"}],"author":[{"embeddable":true,"href":"https:\/\/am-sportpark.de\/en\/wp-json\/wp\/v2\/users\/1"}],"replies":[{"embeddable":true,"href":"https:\/\/am-sportpark.de\/en\/wp-json\/wp\/v2\/comments?post=1756"}],"version-history":[{"count":29,"href":"https:\/\/am-sportpark.de\/en\/wp-json\/wp\/v2\/pages\/1756\/revisions"}],"predecessor-version":[{"id":1994,"href":"https:\/\/am-sportpark.de\/en\/wp-json\/wp\/v2\/pages\/1756\/revisions\/1994"}],"up":[{"embeddable":true,"href":"https:\/\/am-sportpark.de\/en\/wp-json\/wp\/v2\/pages\/1702"}],"wp:attachment":[{"href":"https:\/\/am-sportpark.de\/en\/wp-json\/wp\/v2\/media?parent=1756"}],"curies":[{"name":"wp","href":"https:\/\/api.w.org\/{rel}","templated":true}]}}