{"id":1737,"date":"2026-01-26T06:47:22","date_gmt":"2026-01-26T05:47:22","guid":{"rendered":"https:\/\/am-sportpark.de\/?page_id=1737"},"modified":"2026-02-03T06:59:49","modified_gmt":"2026-02-03T05:59:49","slug":"das-fruehstueck","status":"publish","type":"page","link":"https:\/\/am-sportpark.de\/en\/digitale-hotelmappe\/das-fruehstueck\/","title":{"rendered":"Breakfast"},"content":{"rendered":"\t\t<div data-elementor-type=\"wp-page\" data-elementor-id=\"1737\" class=\"elementor elementor-1737\" data-elementor-settings=\"{&quot;ha_cmc_init_switcher&quot;:&quot;no&quot;}\" data-elementor-post-type=\"page\">\n\t\t\t\t\t\t<section class=\"elementor-section elementor-top-section elementor-element elementor-element-174121e elementor-section-boxed elementor-section-height-default elementor-section-height-default wpr-particle-no wpr-jarallax-no wpr-parallax-no wpr-sticky-section-no\" data-id=\"174121e\" data-element_type=\"section\" data-e-type=\"section\" data-settings=\"{&quot;_ha_eqh_enable&quot;:false}\">\n\t\t\t\t\t\t<div class=\"elementor-container elementor-column-gap-default\">\n\t\t\t\t\t<div class=\"elementor-column elementor-col-100 elementor-top-column elementor-element elementor-element-407fb61\" data-id=\"407fb61\" data-element_type=\"column\" data-e-type=\"column\">\n\t\t\t<div class=\"elementor-widget-wrap elementor-element-populated\">\n\t\t\t\t\t\t<div class=\"elementor-element elementor-element-091e0c4 elementor-widget elementor-widget-heading\" data-id=\"091e0c4\" data-element_type=\"widget\" data-e-type=\"widget\" data-widget_type=\"heading.default\">\n\t\t\t\t<div class=\"elementor-widget-container\">\n\t\t\t\t\t<h1 class=\"elementor-heading-title elementor-size-default\">Fr\u00fchst\u00fcck im Hotel<\/h1>\t\t\t\t<\/div>\n\t\t\t\t<\/div>\n\t\t\t\t\t<\/div>\n\t\t<\/div>\n\t\t\t\t\t<\/div>\n\t\t<\/section>\n\t\t\t\t<section class=\"elementor-section elementor-top-section elementor-element elementor-element-6e85409 elementor-section-boxed elementor-section-height-default elementor-section-height-default wpr-particle-no wpr-jarallax-no wpr-parallax-no wpr-sticky-section-no\" data-id=\"6e85409\" data-element_type=\"section\" data-e-type=\"section\" data-settings=\"{&quot;_ha_eqh_enable&quot;:false}\">\n\t\t\t\t\t\t<div class=\"elementor-container elementor-column-gap-default\">\n\t\t\t\t\t<div class=\"elementor-column elementor-col-100 elementor-top-column elementor-element elementor-element-db06db0\" data-id=\"db06db0\" data-element_type=\"column\" data-e-type=\"column\">\n\t\t\t<div class=\"elementor-widget-wrap elementor-element-populated\">\n\t\t\t\t\t\t<div class=\"elementor-element elementor-element-0fab5e9 elementor-widget elementor-widget-text-editor\" data-id=\"0fab5e9\" data-element_type=\"widget\" data-e-type=\"widget\" data-widget_type=\"text-editor.default\">\n\t\t\t\t<div class=\"elementor-widget-container\">\n\t\t\t\t\t\t\t\t\t<p>Damit Ihr Tag entspannt beginnt, haben wir f\u00fcr Ihr Fr\u00fchst\u00fcck nur die frischesten Zutaten und beste Backwaren ausgesucht und wechseln die Auswahl t\u00e4glich, damit keine Langeweile aufkommt. Das meiste davon bringen wir Ihnen direkt an den Tisch, ein anderer Teil liegt f\u00fcr Sie am Buffet bereit.<\/p><p>Ihr Fr\u00fchst\u00fcck besteht aus verschiedenen Brot und Br\u00f6tchen Sorten sowie franz\u00f6sischen Butter Croissant \u2013 frisch von der B\u00e4ckerei Vormann \u2013, gekochte Bio-Eier, Butter, verschiedene Bio Marmelade, verschiedene Bio Honige, Frischk\u00e4se,\u00a0verschiedenen K\u00e4seaufschnitt,\u00a0Leberwurst und Teewurst, frisch Wurst sowie Dauerwurst \u2013 von einem der besten Metzger Deutschlands laut dem Feinschmeckermagazins. Nat\u00fcrlich gibt es am Buffet auch\u00a0M\u00fcsli, Cornflakes, Joghurt und frisches Obst.\u00a0Als Kaltgetr\u00e4nke bieten wir zum Fr\u00fchst\u00fcck Orangensaft, Multivitaminsaft, Mineralwasser und Bio-Milch.<\/p><p>Dazu servieren wir Ihnen frischen Jakobs-Filterkaffee, kalten oder hei\u00dfen Kakao und 18 verschiedene Tee-Spezialit\u00e4ten der Teemanufaktur Althaus. Als Abschluss bieten wir Ihnen Ristretto und Espresso von Nespresso an.<\/p><p>Leider d\u00fcrfen wir keine R\u00fchr- oder Spiegeleier servieren, da unsere K\u00fcche f\u00fcr frische Eierspeisen nicht lizenziert ist. Gerne k\u00f6nnen Sie sich ein Lunchpaket machen \u2013 eine T\u00fcte daf\u00fcr liegt am Buffet bereit. Bitte beachten Sie, dass unser Fr\u00fchst\u00fcck Allergene enthalten k\u00f6nnen. Sollten Sie hier Fragen haben, wenden Sie sich bitte an unseren Service.<\/p><p>Wir servieren das Fr\u00fchst\u00fcck von montags bis freitags immer ab 6.00 Uhr bis 10.00 Uhr und am Wochenende von 7.00 Uhr bis 10.00 Uhr. Gerade am Wochenende kann es vorkommen, dass ab 8.45 Uhr es sehr voll ist &#8211; somit kann es zu kurzen Wartezeiten kommen. Bitte gr\u00e4men Sie sich nicht &#8211; nehmen Sie w\u00e4hrend Sie warten einen Kaffee auf die Hand &#8211; es dauert nicht sehr lange.<\/p>\t\t\t\t\t\t\t\t<\/div>\n\t\t\t\t<\/div>\n\t\t\t\t\t<\/div>\n\t\t<\/div>\n\t\t\t\t\t<\/div>\n\t\t<\/section>\n\t\t\t\t<section class=\"elementor-section elementor-top-section elementor-element elementor-element-065a11c elementor-section-boxed elementor-section-height-default elementor-section-height-default wpr-particle-no wpr-jarallax-no wpr-parallax-no wpr-sticky-section-no\" data-id=\"065a11c\" data-element_type=\"section\" data-e-type=\"section\" data-settings=\"{&quot;_ha_eqh_enable&quot;:false}\">\n\t\t\t\t\t\t<div class=\"elementor-container elementor-column-gap-default\">\n\t\t\t\t\t<div class=\"elementor-column elementor-col-100 elementor-top-column elementor-element elementor-element-2ad14ec\" data-id=\"2ad14ec\" data-element_type=\"column\" data-e-type=\"column\">\n\t\t\t<div class=\"elementor-widget-wrap elementor-element-populated\">\n\t\t\t\t\t\t<div class=\"elementor-element elementor-element-e0658a4 elementor-widget elementor-widget-heading\" data-id=\"e0658a4\" data-element_type=\"widget\" data-e-type=\"widget\" data-widget_type=\"heading.default\">\n\t\t\t\t<div class=\"elementor-widget-container\">\n\t\t\t\t\t<h2 class=\"elementor-heading-title elementor-size-default\">W\u00fcnsche f\u00fcr das Fr\u00fchst\u00fcck<\/h2>\t\t\t\t<\/div>\n\t\t\t\t<\/div>\n\t\t\t\t\t<\/div>\n\t\t<\/div>\n\t\t\t\t\t<\/div>\n\t\t<\/section>\n\t\t\t\t<section class=\"elementor-section elementor-top-section elementor-element elementor-element-e6b91b7 elementor-section-boxed elementor-section-height-default elementor-section-height-default wpr-particle-no wpr-jarallax-no wpr-parallax-no wpr-sticky-section-no\" data-id=\"e6b91b7\" data-element_type=\"section\" data-e-type=\"section\" data-settings=\"{&quot;_ha_eqh_enable&quot;:false}\">\n\t\t\t\t\t\t<div class=\"elementor-container elementor-column-gap-default\">\n\t\t\t\t\t<div class=\"elementor-column elementor-col-100 elementor-top-column elementor-element elementor-element-9e811b2\" data-id=\"9e811b2\" data-element_type=\"column\" data-e-type=\"column\">\n\t\t\t<div class=\"elementor-widget-wrap elementor-element-populated\">\n\t\t\t\t\t\t<div class=\"elementor-element elementor-element-e8a4b97 elementor-button-align-stretch elementor-widget elementor-widget-form\" data-id=\"e8a4b97\" data-element_type=\"widget\" data-e-type=\"widget\" data-settings=\"{&quot;step_next_label&quot;:&quot;N\\u00e4chster&quot;,&quot;step_previous_label&quot;:&quot;Voriger&quot;,&quot;button_width&quot;:&quot;100&quot;,&quot;step_type&quot;:&quot;number_text&quot;,&quot;step_icon_shape&quot;:&quot;circle&quot;}\" data-widget_type=\"form.default\">\n\t\t\t\t<div class=\"elementor-widget-container\">\n\t\t\t\t\t\t\t<form class=\"elementor-form\" method=\"post\" name=\"Neues Formular\" aria-label=\"Neues Formular\">\n\t\t\t<input type=\"hidden\" name=\"post_id\" value=\"1737\"\/>\n\t\t\t<input type=\"hidden\" name=\"form_id\" value=\"e8a4b97\"\/>\n\t\t\t<input type=\"hidden\" name=\"referer_title\" value=\"Hotel am Sportpark\" \/>\n\n\t\t\t\n\t\t\t<div class=\"elementor-form-fields-wrapper elementor-labels-above\">\n\t\t\t\t\t\t\t\t<div class=\"elementor-field-type-text elementor-field-group elementor-column elementor-field-group-name elementor-col-100\">\n\t\t\t\t\t\t\t\t\t\t\t\t<label for=\"form-field-name\" class=\"elementor-field-label\">\n\t\t\t\t\t\t\t\tName\t\t\t\t\t\t\t<\/label>\n\t\t\t\t\t\t\t\t\t\t\t\t\t\t<input size=\"1\" type=\"text\" name=\"form_fields[name]\" id=\"form-field-name\" class=\"elementor-field elementor-size-sm  elementor-field-textual\" placeholder=\"Name\">\n\t\t\t\t\t\t\t\t\t\t\t<\/div>\n\t\t\t\t\t\t\t\t<div class=\"elementor-field-type-email elementor-field-group elementor-column elementor-field-group-email elementor-col-100 elementor-field-required\">\n\t\t\t\t\t\t\t\t\t\t\t\t<label for=\"form-field-email\" class=\"elementor-field-label\">\n\t\t\t\t\t\t\t\tE-Mail\t\t\t\t\t\t\t<\/label>\n\t\t\t\t\t\t\t\t\t\t\t\t\t\t<input size=\"1\" type=\"email\" name=\"form_fields[email]\" id=\"form-field-email\" class=\"elementor-field elementor-size-sm  elementor-field-textual\" placeholder=\"E-Mail\" required=\"required\">\n\t\t\t\t\t\t\t\t\t\t\t<\/div>\n\t\t\t\t\t\t\t\t<div class=\"elementor-field-type-text elementor-field-group elementor-column elementor-field-group-field_a74f562 elementor-col-100\">\n\t\t\t\t\t\t\t\t\t\t\t\t<label for=\"form-field-field_a74f562\" class=\"elementor-field-label\">\n\t\t\t\t\t\t\t\tZimmer Nummer\t\t\t\t\t\t\t<\/label>\n\t\t\t\t\t\t\t\t\t\t\t\t\t\t<input size=\"1\" type=\"text\" name=\"form_fields[field_a74f562]\" id=\"form-field-field_a74f562\" class=\"elementor-field elementor-size-sm  elementor-field-textual\" placeholder=\"1 - 21 und Apartments\">\n\t\t\t\t\t\t\t\t\t\t\t<\/div>\n\t\t\t\t\t\t\t\t<div class=\"elementor-field-type-textarea elementor-field-group elementor-column elementor-field-group-message elementor-col-100\">\n\t\t\t\t\t\t\t\t\t\t\t\t<label for=\"form-field-message\" class=\"elementor-field-label\">\n\t\t\t\t\t\t\t\tNachricht\t\t\t\t\t\t\t<\/label>\n\t\t\t\t\t\t<textarea class=\"elementor-field-textual elementor-field  elementor-size-sm\" name=\"form_fields[message]\" id=\"form-field-message\" rows=\"4\" placeholder=\"Nachricht\"><\/textarea>\t\t\t\t<\/div>\n\t\t\t\t\t\t\t\t<div class=\"elementor-field-group elementor-column elementor-field-type-submit elementor-col-100 e-form__buttons\">\n\t\t\t\t\t<button class=\"elementor-button elementor-size-sm\" type=\"submit\">\n\t\t\t\t\t\t<span class=\"elementor-button-content-wrapper\">\n\t\t\t\t\t\t\t\t\t\t\t\t\t\t\t\t\t\t\t\t\t\t<span class=\"elementor-button-text\">Senden<\/span>\n\t\t\t\t\t\t\t\t\t\t\t\t\t<\/span>\n\t\t\t\t\t<\/button>\n\t\t\t\t<\/div>\n\t\t\t<\/div>\n\t\t<\/form>\n\t\t\t\t\t\t<\/div>\n\t\t\t\t<\/div>\n\t\t\t\t\t<\/div>\n\t\t<\/div>\n\t\t\t\t\t<\/div>\n\t\t<\/section>\n\t\t\t\t<\/div>\n\t\t","protected":false},"excerpt":{"rendered":"<p>Breakfast at the Hotel: To ensure your day starts off relaxed, we&#039;ve selected only the freshest ingredients and finest baked goods for your breakfast, and we change the selection daily to keep things interesting. Most of it is brought directly to your table, while the rest is available at the buffet. Your breakfast includes various types of bread and rolls, as well as French butter croissants \u2013 fresh from the Vormann bakery \u2013 boiled organic eggs, butter, a variety of organic jams and honeys, cream cheese, a selection of sliced cheeses, liverwurst and tea sausage, fresh sausage, and cured sausage \u2013 from one of Germany&#039;s best butchers, according to the gourmet magazine. Of course, the buffet also offers muesli, cornflakes, yogurt, and fresh fruit. For cold drinks, we offer orange juice, multivitamin juice, mineral water, and organic milk. We also serve fresh Jacobs filter coffee, hot or cold cocoa, and 18 different tea specialties from the Althaus tea manufactory. To finish, we offer ristretto and espresso from Nespresso. Unfortunately, we are unable to serve scrambled or fried eggs, as our kitchen is not licensed to prepare fresh egg dishes. You are welcome to pack a lunch \u2013 a bag is available at the buffet. Please note that our breakfast may contain allergens. Should you have any questions, please ask our staff. We serve breakfast from 6:00 a.m. to 10:00 a.m. Monday to Friday and from 7:00 a.m. to 10:00 a.m. on weekends. Especially on weekends, it can get very busy from 8:45 a.m. onwards, so there may be a short wait. Please don&#039;t worry \u2013 grab a coffee while you wait \u2013 it won&#039;t take long. Breakfast requests<\/p>","protected":false},"author":1,"featured_media":0,"parent":1702,"menu_order":5,"comment_status":"closed","ping_status":"closed","template":"","meta":{"footnotes":""},"class_list":["post-1737","page","type-page","status-publish","hentry"],"yoast_head":"<!-- This site is optimized with the Yoast SEO plugin v27.3 - https:\/\/yoast.com\/product\/yoast-seo-wordpress\/ -->\n<title>Das Fr\u00fchst\u00fcck - Hotel am Sportpark<\/title>\n<meta name=\"robots\" content=\"index, follow, max-snippet:-1, max-image-preview:large, max-video-preview:-1\" \/>\n<link rel=\"canonical\" href=\"https:\/\/am-sportpark.de\/en\/digitale-hotelmappe\/das-fruehstueck\/\" \/>\n<meta property=\"og:locale\" content=\"en_US\" \/>\n<meta property=\"og:type\" content=\"article\" \/>\n<meta property=\"og:title\" content=\"Das Fr\u00fchst\u00fcck - Hotel am Sportpark\" \/>\n<meta property=\"og:description\" content=\"Fr\u00fchst\u00fcck im Hotel Damit Ihr Tag entspannt beginnt, haben wir f\u00fcr Ihr Fr\u00fchst\u00fcck nur die frischesten Zutaten und beste Backwaren ausgesucht und wechseln die Auswahl t\u00e4glich, damit keine Langeweile aufkommt. Das meiste davon bringen wir Ihnen direkt an den Tisch, ein anderer Teil liegt f\u00fcr Sie am Buffet bereit. Ihr Fr\u00fchst\u00fcck besteht aus verschiedenen Brot und Br\u00f6tchen Sorten sowie franz\u00f6sischen Butter Croissant \u2013 frisch von der B\u00e4ckerei Vormann \u2013, gekochte Bio-Eier, Butter, verschiedene Bio Marmelade, verschiedene Bio Honige, Frischk\u00e4se,\u00a0verschiedenen K\u00e4seaufschnitt,\u00a0Leberwurst und Teewurst, frisch Wurst sowie Dauerwurst \u2013 von einem der besten Metzger Deutschlands laut dem Feinschmeckermagazins. Nat\u00fcrlich gibt es am Buffet auch\u00a0M\u00fcsli, Cornflakes, Joghurt und frisches Obst.\u00a0Als Kaltgetr\u00e4nke bieten wir zum Fr\u00fchst\u00fcck Orangensaft, Multivitaminsaft, Mineralwasser und Bio-Milch. Dazu servieren wir Ihnen frischen Jakobs-Filterkaffee, kalten oder hei\u00dfen Kakao und 18 verschiedene Tee-Spezialit\u00e4ten der Teemanufaktur Althaus. Als Abschluss bieten wir Ihnen Ristretto und Espresso von Nespresso an. Leider d\u00fcrfen wir keine R\u00fchr- oder Spiegeleier servieren, da unsere K\u00fcche f\u00fcr frische Eierspeisen nicht lizenziert ist. Gerne k\u00f6nnen Sie sich ein Lunchpaket machen \u2013 eine T\u00fcte daf\u00fcr liegt am Buffet bereit. Bitte beachten Sie, dass unser Fr\u00fchst\u00fcck Allergene enthalten k\u00f6nnen. Sollten Sie hier Fragen haben, wenden Sie sich bitte an unseren Service. Wir servieren das Fr\u00fchst\u00fcck von montags bis freitags immer ab 6.00 Uhr bis 10.00 Uhr und am Wochenende von 7.00 Uhr bis 10.00 Uhr. Gerade am Wochenende kann es vorkommen, dass ab 8.45 Uhr es sehr voll ist &#8211; somit kann es zu kurzen Wartezeiten kommen. Bitte gr\u00e4men Sie sich nicht &#8211; nehmen Sie w\u00e4hrend Sie warten einen Kaffee auf die Hand &#8211; es dauert nicht sehr lange. W\u00fcnsche f\u00fcr das Fr\u00fchst\u00fcck\" \/>\n<meta property=\"og:url\" content=\"https:\/\/am-sportpark.de\/en\/digitale-hotelmappe\/das-fruehstueck\/\" \/>\n<meta property=\"og:site_name\" content=\"Hotel am Sportpark\" \/>\n<meta property=\"article:modified_time\" content=\"2026-02-03T05:59:49+00:00\" \/>\n<meta name=\"twitter:card\" content=\"summary_large_image\" \/>\n<meta name=\"twitter:label1\" content=\"Est. reading time\" \/>\n\t<meta name=\"twitter:data1\" content=\"2 minutes\" \/>\n<script type=\"application\/ld+json\" class=\"yoast-schema-graph\">{\"@context\":\"https:\\\/\\\/schema.org\",\"@graph\":[{\"@type\":\"WebPage\",\"@id\":\"https:\\\/\\\/am-sportpark.de\\\/digitale-hotelmappe\\\/das-fruehstueck\\\/\",\"url\":\"https:\\\/\\\/am-sportpark.de\\\/digitale-hotelmappe\\\/das-fruehstueck\\\/\",\"name\":\"Das Fr\u00fchst\u00fcck - Hotel am Sportpark\",\"isPartOf\":{\"@id\":\"https:\\\/\\\/am-sportpark.de\\\/#website\"},\"datePublished\":\"2026-01-26T05:47:22+00:00\",\"dateModified\":\"2026-02-03T05:59:49+00:00\",\"breadcrumb\":{\"@id\":\"https:\\\/\\\/am-sportpark.de\\\/digitale-hotelmappe\\\/das-fruehstueck\\\/#breadcrumb\"},\"inLanguage\":\"en-US\",\"potentialAction\":[{\"@type\":\"ReadAction\",\"target\":[\"https:\\\/\\\/am-sportpark.de\\\/digitale-hotelmappe\\\/das-fruehstueck\\\/\"]}]},{\"@type\":\"BreadcrumbList\",\"@id\":\"https:\\\/\\\/am-sportpark.de\\\/digitale-hotelmappe\\\/das-fruehstueck\\\/#breadcrumb\",\"itemListElement\":[{\"@type\":\"ListItem\",\"position\":1,\"name\":\"Startseite\",\"item\":\"https:\\\/\\\/am-sportpark.de\\\/\"},{\"@type\":\"ListItem\",\"position\":2,\"name\":\"Digitale Hotelmappe\",\"item\":\"https:\\\/\\\/am-sportpark.de\\\/digitale-hotelmappe\\\/\"},{\"@type\":\"ListItem\",\"position\":3,\"name\":\"Das Fr\u00fchst\u00fcck\"}]},{\"@type\":\"WebSite\",\"@id\":\"https:\\\/\\\/am-sportpark.de\\\/#website\",\"url\":\"https:\\\/\\\/am-sportpark.de\\\/\",\"name\":\"Hotel am Sportpark\",\"description\":\"Familienhotel seit 1974\",\"publisher\":{\"@id\":\"https:\\\/\\\/am-sportpark.de\\\/#organization\"},\"potentialAction\":[{\"@type\":\"SearchAction\",\"target\":{\"@type\":\"EntryPoint\",\"urlTemplate\":\"https:\\\/\\\/am-sportpark.de\\\/?s={search_term_string}\"},\"query-input\":{\"@type\":\"PropertyValueSpecification\",\"valueRequired\":true,\"valueName\":\"search_term_string\"}}],\"inLanguage\":\"en-US\"},{\"@type\":\"Organization\",\"@id\":\"https:\\\/\\\/am-sportpark.de\\\/#organization\",\"name\":\"Hotel am Sportpark\",\"url\":\"https:\\\/\\\/am-sportpark.de\\\/\",\"logo\":{\"@type\":\"ImageObject\",\"inLanguage\":\"en-US\",\"@id\":\"https:\\\/\\\/am-sportpark.de\\\/#\\\/schema\\\/logo\\\/image\\\/\",\"url\":\"https:\\\/\\\/am-sportpark.de\\\/wp-content\\\/uploads\\\/2023\\\/02\\\/hotel-am-sportpark.webp\",\"contentUrl\":\"https:\\\/\\\/am-sportpark.de\\\/wp-content\\\/uploads\\\/2023\\\/02\\\/hotel-am-sportpark.webp\",\"width\":681,\"height\":228,\"caption\":\"Hotel am Sportpark\"},\"image\":{\"@id\":\"https:\\\/\\\/am-sportpark.de\\\/#\\\/schema\\\/logo\\\/image\\\/\"}}]}<\/script>\n<!-- \/ Yoast SEO plugin. -->","yoast_head_json":{"title":"Breakfast - Hotel am Sportpark","robots":{"index":"index","follow":"follow","max-snippet":"max-snippet:-1","max-image-preview":"max-image-preview:large","max-video-preview":"max-video-preview:-1"},"canonical":"https:\/\/am-sportpark.de\/en\/digitale-hotelmappe\/das-fruehstueck\/","og_locale":"en_US","og_type":"article","og_title":"Das Fr\u00fchst\u00fcck - Hotel am Sportpark","og_description":"Fr\u00fchst\u00fcck im Hotel Damit Ihr Tag entspannt beginnt, haben wir f\u00fcr Ihr Fr\u00fchst\u00fcck nur die frischesten Zutaten und beste Backwaren ausgesucht und wechseln die Auswahl t\u00e4glich, damit keine Langeweile aufkommt. Das meiste davon bringen wir Ihnen direkt an den Tisch, ein anderer Teil liegt f\u00fcr Sie am Buffet bereit. Ihr Fr\u00fchst\u00fcck besteht aus verschiedenen Brot und Br\u00f6tchen Sorten sowie franz\u00f6sischen Butter Croissant \u2013 frisch von der B\u00e4ckerei Vormann \u2013, gekochte Bio-Eier, Butter, verschiedene Bio Marmelade, verschiedene Bio Honige, Frischk\u00e4se,\u00a0verschiedenen K\u00e4seaufschnitt,\u00a0Leberwurst und Teewurst, frisch Wurst sowie Dauerwurst \u2013 von einem der besten Metzger Deutschlands laut dem Feinschmeckermagazins. Nat\u00fcrlich gibt es am Buffet auch\u00a0M\u00fcsli, Cornflakes, Joghurt und frisches Obst.\u00a0Als Kaltgetr\u00e4nke bieten wir zum Fr\u00fchst\u00fcck Orangensaft, Multivitaminsaft, Mineralwasser und Bio-Milch. Dazu servieren wir Ihnen frischen Jakobs-Filterkaffee, kalten oder hei\u00dfen Kakao und 18 verschiedene Tee-Spezialit\u00e4ten der Teemanufaktur Althaus. Als Abschluss bieten wir Ihnen Ristretto und Espresso von Nespresso an. Leider d\u00fcrfen wir keine R\u00fchr- oder Spiegeleier servieren, da unsere K\u00fcche f\u00fcr frische Eierspeisen nicht lizenziert ist. Gerne k\u00f6nnen Sie sich ein Lunchpaket machen \u2013 eine T\u00fcte daf\u00fcr liegt am Buffet bereit. Bitte beachten Sie, dass unser Fr\u00fchst\u00fcck Allergene enthalten k\u00f6nnen. Sollten Sie hier Fragen haben, wenden Sie sich bitte an unseren Service. Wir servieren das Fr\u00fchst\u00fcck von montags bis freitags immer ab 6.00 Uhr bis 10.00 Uhr und am Wochenende von 7.00 Uhr bis 10.00 Uhr. Gerade am Wochenende kann es vorkommen, dass ab 8.45 Uhr es sehr voll ist &#8211; somit kann es zu kurzen Wartezeiten kommen. Bitte gr\u00e4men Sie sich nicht &#8211; nehmen Sie w\u00e4hrend Sie warten einen Kaffee auf die Hand &#8211; es dauert nicht sehr lange. W\u00fcnsche f\u00fcr das Fr\u00fchst\u00fcck","og_url":"https:\/\/am-sportpark.de\/en\/digitale-hotelmappe\/das-fruehstueck\/","og_site_name":"Hotel am Sportpark","article_modified_time":"2026-02-03T05:59:49+00:00","twitter_card":"summary_large_image","twitter_misc":{"Est. reading time":"2 minutes"},"schema":{"@context":"https:\/\/schema.org","@graph":[{"@type":"WebPage","@id":"https:\/\/am-sportpark.de\/digitale-hotelmappe\/das-fruehstueck\/","url":"https:\/\/am-sportpark.de\/digitale-hotelmappe\/das-fruehstueck\/","name":"Breakfast - Hotel am Sportpark","isPartOf":{"@id":"https:\/\/am-sportpark.de\/#website"},"datePublished":"2026-01-26T05:47:22+00:00","dateModified":"2026-02-03T05:59:49+00:00","breadcrumb":{"@id":"https:\/\/am-sportpark.de\/digitale-hotelmappe\/das-fruehstueck\/#breadcrumb"},"inLanguage":"en-US","potentialAction":[{"@type":"ReadAction","target":["https:\/\/am-sportpark.de\/digitale-hotelmappe\/das-fruehstueck\/"]}]},{"@type":"BreadcrumbList","@id":"https:\/\/am-sportpark.de\/digitale-hotelmappe\/das-fruehstueck\/#breadcrumb","itemListElement":[{"@type":"ListItem","position":1,"name":"Startseite","item":"https:\/\/am-sportpark.de\/"},{"@type":"ListItem","position":2,"name":"Digitale Hotelmappe","item":"https:\/\/am-sportpark.de\/digitale-hotelmappe\/"},{"@type":"ListItem","position":3,"name":"Das Fr\u00fchst\u00fcck"}]},{"@type":"WebSite","@id":"https:\/\/am-sportpark.de\/#website","url":"https:\/\/am-sportpark.de\/","name":"Hotel at the sports park","description":"Family-hotel since 1974","publisher":{"@id":"https:\/\/am-sportpark.de\/#organization"},"potentialAction":[{"@type":"SearchAction","target":{"@type":"EntryPoint","urlTemplate":"https:\/\/am-sportpark.de\/?s={search_term_string}"},"query-input":{"@type":"PropertyValueSpecification","valueRequired":true,"valueName":"search_term_string"}}],"inLanguage":"en-US"},{"@type":"Organization","@id":"https:\/\/am-sportpark.de\/#organization","name":"Hotel at the sports park","url":"https:\/\/am-sportpark.de\/","logo":{"@type":"ImageObject","inLanguage":"en-US","@id":"https:\/\/am-sportpark.de\/#\/schema\/logo\/image\/","url":"https:\/\/am-sportpark.de\/wp-content\/uploads\/2023\/02\/hotel-am-sportpark.webp","contentUrl":"https:\/\/am-sportpark.de\/wp-content\/uploads\/2023\/02\/hotel-am-sportpark.webp","width":681,"height":228,"caption":"Hotel am Sportpark"},"image":{"@id":"https:\/\/am-sportpark.de\/#\/schema\/logo\/image\/"}}]}},"_links":{"self":[{"href":"https:\/\/am-sportpark.de\/en\/wp-json\/wp\/v2\/pages\/1737","targetHints":{"allow":["GET"]}}],"collection":[{"href":"https:\/\/am-sportpark.de\/en\/wp-json\/wp\/v2\/pages"}],"about":[{"href":"https:\/\/am-sportpark.de\/en\/wp-json\/wp\/v2\/types\/page"}],"author":[{"embeddable":true,"href":"https:\/\/am-sportpark.de\/en\/wp-json\/wp\/v2\/users\/1"}],"replies":[{"embeddable":true,"href":"https:\/\/am-sportpark.de\/en\/wp-json\/wp\/v2\/comments?post=1737"}],"version-history":[{"count":29,"href":"https:\/\/am-sportpark.de\/en\/wp-json\/wp\/v2\/pages\/1737\/revisions"}],"predecessor-version":[{"id":1893,"href":"https:\/\/am-sportpark.de\/en\/wp-json\/wp\/v2\/pages\/1737\/revisions\/1893"}],"up":[{"embeddable":true,"href":"https:\/\/am-sportpark.de\/en\/wp-json\/wp\/v2\/pages\/1702"}],"wp:attachment":[{"href":"https:\/\/am-sportpark.de\/en\/wp-json\/wp\/v2\/media?parent=1737"}],"curies":[{"name":"wp","href":"https:\/\/api.w.org\/{rel}","templated":true}]}}