{"id":1567,"date":"2025-08-22T07:11:22","date_gmt":"2025-08-22T05:11:22","guid":{"rendered":"https:\/\/am-sportpark.de\/?page_id=1567"},"modified":"2025-08-22T10:43:15","modified_gmt":"2025-08-22T08:43:15","slug":"oeffentlicher-nahverkehr","status":"publish","type":"page","link":"https:\/\/am-sportpark.de\/en\/oeffentlicher-nahverkehr\/","title":{"rendered":"Public transport"},"content":{"rendered":"<div data-elementor-type=\"wp-page\" data-elementor-id=\"1567\" class=\"elementor elementor-1567\" data-elementor-settings=\"{&quot;ha_cmc_init_switcher&quot;:&quot;no&quot;}\" data-elementor-post-type=\"page\">\n\t\t\t\t\t\t<section class=\"elementor-section elementor-top-section elementor-element elementor-element-2eeb3c3 elementor-section-boxed elementor-section-height-default elementor-section-height-default wpr-particle-no wpr-jarallax-no wpr-parallax-no wpr-sticky-section-no\" data-id=\"2eeb3c3\" data-element_type=\"section\" data-e-type=\"section\" data-settings=\"{&quot;_ha_eqh_enable&quot;:false}\">\n\t\t\t\t\t\t<div class=\"elementor-container elementor-column-gap-default\">\n\t\t\t\t\t<div class=\"elementor-column elementor-col-100 elementor-top-column elementor-element elementor-element-0f44eab\" data-id=\"0f44eab\" data-element_type=\"column\" data-e-type=\"column\">\n\t\t\t<div class=\"elementor-widget-wrap elementor-element-populated\">\n\t\t\t\t\t\t<div class=\"elementor-element elementor-element-46481ad elementor-widget elementor-widget-heading\" data-id=\"46481ad\" data-element_type=\"widget\" data-e-type=\"widget\" data-widget_type=\"heading.default\">\n\t\t\t\t<div class=\"elementor-widget-container\">\n\t\t\t\t\t<h2 class=\"elementor-heading-title elementor-size-default\">Public transport in Duisburg<\/h2>\t\t\t\t<\/div>\n\t\t\t\t<\/div>\n\t\t\t\t\t<\/div>\n\t\t<\/div>\n\t\t\t\t\t<\/div>\n\t\t<\/section>\n\t\t\t\t<section class=\"elementor-section elementor-top-section elementor-element elementor-element-818b540 elementor-section-boxed elementor-section-height-default elementor-section-height-default wpr-particle-no wpr-jarallax-no wpr-parallax-no wpr-sticky-section-no\" data-id=\"818b540\" data-element_type=\"section\" data-e-type=\"section\" data-settings=\"{&quot;_ha_eqh_enable&quot;:false}\">\n\t\t\t\t\t\t<div class=\"elementor-container elementor-column-gap-default\">\n\t\t\t\t\t<div class=\"elementor-column elementor-col-100 elementor-top-column elementor-element elementor-element-95cfd69\" data-id=\"95cfd69\" data-element_type=\"column\" data-e-type=\"column\">\n\t\t\t<div class=\"elementor-widget-wrap elementor-element-populated\">\n\t\t\t\t\t\t<div class=\"elementor-element elementor-element-84b81fc elementor-widget elementor-widget-text-editor\" data-id=\"84b81fc\" data-element_type=\"widget\" data-e-type=\"widget\" data-widget_type=\"text-editor.default\">\n\t\t\t\t<div class=\"elementor-widget-container\">\n\t\t\t\t\t\t\t\t\t<p>Public transport in Duisburg is organized by the DVG (German Transport Company). It transports a good 142,000 people daily by bus and train, not only through Duisburg but also to neighboring cities. In addition, Deutsche Bahn operates the S-Bahn (commuter rail) trains. These provide rapid connections within the city to other cities such as D\u00fcsseldorf, D\u00fcsseldorf Airport, Essen, Gelsenkirchen, and Dortmund.<\/p><p>Our hotel is approximately 250 meters from the Kulturstra\u00dfe stop. From there, you can take the U79 tram to Duisburg City Center, the main train station, and D\u00fcsseldorf. The tram also goes directly to the D\u00fcsseldorf Trade Fair Center. Tram tickets can be purchased from the ticket machine at the station. This accepts cards and cash. Tickets cannot be purchased from the driver.<\/p><p>Bus 934E also stops here and takes you to the south of Duisburg and the main train station. You can get bus tickets from the driver and pay in cash or by card.<\/p><p>The S1 train stops at the Schlenk station, approximately 350 meters away. From this station, you can quickly get to the hotel from the main train station\u2014a journey of about 2 minutes\u2014or from or to D\u00fcsseldorf Airport.<\/p>\t\t\t\t\t\t\t\t<\/div>\n\t\t\t\t<\/div>\n\t\t\t\t\t<\/div>\n\t\t<\/div>\n\t\t\t\t\t<\/div>\n\t\t<\/section>\n\t\t\t\t<\/div>","protected":false},"excerpt":{"rendered":"<p>Public transport in Duisburg Public transport in Duisburg is organized by the DVG (German Railways). It transports around 142,000 people daily by bus and train, not only through Duisburg but also to neighboring cities. In addition, Deutsche Bahn operates the S-Bahn (commuter train). These provide rapid connections within the city to other cities such as D\u00fcsseldorf, D\u00fcsseldorf Airport, Essen, Gelsenkirchen, and Dortmund. Our hotel is about 250 meters from the Kulturstra\u00dfe stop. From there, you can take the U79 tram to Duisburg City Center, the main train station, and to D\u00fcsseldorf. The tram also goes directly to the D\u00fcsseldorf Trade Fair Center. You can buy tram tickets from the machine at the station. These accept cards and cash. You cannot buy tickets from the driver. Bus 934E also stops here and takes you to the south of Duisburg and to the main train station. You can get bus tickets from the driver and pay with cash or card. The S1 stops at the Schlenk station and is about 350 meters away. From this station you can quickly get to the hotel from the main train station \u2013 about a 2-minute ride \u2013 or from or to D\u00fcsseldorf Airport.<\/p>","protected":false},"author":1,"featured_media":0,"parent":0,"menu_order":0,"comment_status":"closed","ping_status":"closed","template":"","meta":{"footnotes":""},"class_list":["post-1567","page","type-page","status-publish","hentry"],"yoast_head":"<!-- This site is optimized with the Yoast SEO plugin v27.3 - https:\/\/yoast.com\/product\/yoast-seo-wordpress\/ -->\n<title>\u00d6ffentlicher Nahverkehr - Hotel am Sportpark<\/title>\n<meta name=\"robots\" content=\"index, follow, max-snippet:-1, max-image-preview:large, max-video-preview:-1\" \/>\n<link rel=\"canonical\" href=\"https:\/\/am-sportpark.de\/en\/oeffentlicher-nahverkehr\/\" \/>\n<meta property=\"og:locale\" content=\"en_US\" \/>\n<meta property=\"og:type\" content=\"article\" \/>\n<meta property=\"og:title\" content=\"\u00d6ffentlicher Nahverkehr - Hotel am Sportpark\" \/>\n<meta property=\"og:description\" content=\"\u00d6ffentlicher Nahverkehr in Duisburg Der \u00f6ffentliche Nahverkehr wird in Duisburg durch die DVG organisiert. Sie transportiert t\u00e4glich gut 142.000 Menschen mit Bus und Bahn nicht nur durch Duisburg, sondern auch in die Nachbarst\u00e4dte. Dazu kommt noch ide Deutsche Bahn, die die S-Bahnen betreibt. Das sind dann Schnellverbindungen in der Stadt zu anderen St\u00e4dten wie D\u00fcsseldorf, D\u00fcsseldorf Flughafen oder auch Essen, Gelsenkirchen und Dortmund. Unser Hotel liegt von der Haltestelle Kulturstra\u00dfe ca. 250 Meter entfernt. Dort k\u00f6nnen Sie in die Stra\u00dfenbahn U79 nach Duisburg City und Hauptbahnhof sowie nach D\u00fcsseldorf einsteigen. Die Bahn f\u00e4hrt auch direkt zur Messe D\u00fcsseldorf. Die Tickets f\u00fcr die Stra\u00dfenbahn k\u00f6nnen Sie am Automaten an der Station kaufen. Dieser nimmt Karte und Bargeld. Beim Fahrer k\u00f6nnen sie keine Tickets kaufen. Der Bus 934E h\u00e4lt hier ebenfalls und bringt Sie in den Duisburger S\u00fcden und auch zum Hauptbahnhof. Die Tickets f\u00fcr den Bus bekommen Sie beim Fahrer. Diese k\u00f6nnen Sie bar oder mit Karte bezahlen. Die S1 h\u00e4lt an der Station Schlenk und ist ca. 350 Meter entfernt. Von dieser Station k\u00f6nnen Sie schnell vom Hauptbahnhof zum Hotel kommen &#8211; ca.2 Min. Fahrt &#8211; oder auch vom oder zum Flughafen D\u00fcsseldorf.\" \/>\n<meta property=\"og:url\" content=\"https:\/\/am-sportpark.de\/en\/oeffentlicher-nahverkehr\/\" \/>\n<meta property=\"og:site_name\" content=\"Hotel am Sportpark\" \/>\n<meta property=\"article:modified_time\" content=\"2025-08-22T08:43:15+00:00\" \/>\n<meta name=\"twitter:card\" content=\"summary_large_image\" \/>\n<meta name=\"twitter:label1\" content=\"Est. reading time\" \/>\n\t<meta name=\"twitter:data1\" content=\"2 minutes\" \/>\n<script type=\"application\/ld+json\" class=\"yoast-schema-graph\">{\"@context\":\"https:\\\/\\\/schema.org\",\"@graph\":[{\"@type\":\"WebPage\",\"@id\":\"https:\\\/\\\/am-sportpark.de\\\/oeffentlicher-nahverkehr\\\/\",\"url\":\"https:\\\/\\\/am-sportpark.de\\\/oeffentlicher-nahverkehr\\\/\",\"name\":\"\u00d6ffentlicher Nahverkehr - Hotel am Sportpark\",\"isPartOf\":{\"@id\":\"https:\\\/\\\/am-sportpark.de\\\/#website\"},\"datePublished\":\"2025-08-22T05:11:22+00:00\",\"dateModified\":\"2025-08-22T08:43:15+00:00\",\"breadcrumb\":{\"@id\":\"https:\\\/\\\/am-sportpark.de\\\/oeffentlicher-nahverkehr\\\/#breadcrumb\"},\"inLanguage\":\"en-US\",\"potentialAction\":[{\"@type\":\"ReadAction\",\"target\":[\"https:\\\/\\\/am-sportpark.de\\\/oeffentlicher-nahverkehr\\\/\"]}]},{\"@type\":\"BreadcrumbList\",\"@id\":\"https:\\\/\\\/am-sportpark.de\\\/oeffentlicher-nahverkehr\\\/#breadcrumb\",\"itemListElement\":[{\"@type\":\"ListItem\",\"position\":1,\"name\":\"Startseite\",\"item\":\"https:\\\/\\\/am-sportpark.de\\\/\"},{\"@type\":\"ListItem\",\"position\":2,\"name\":\"\u00d6ffentlicher Nahverkehr\"}]},{\"@type\":\"WebSite\",\"@id\":\"https:\\\/\\\/am-sportpark.de\\\/#website\",\"url\":\"https:\\\/\\\/am-sportpark.de\\\/\",\"name\":\"Hotel am Sportpark\",\"description\":\"Familienhotel seit 1974\",\"publisher\":{\"@id\":\"https:\\\/\\\/am-sportpark.de\\\/#organization\"},\"potentialAction\":[{\"@type\":\"SearchAction\",\"target\":{\"@type\":\"EntryPoint\",\"urlTemplate\":\"https:\\\/\\\/am-sportpark.de\\\/?s={search_term_string}\"},\"query-input\":{\"@type\":\"PropertyValueSpecification\",\"valueRequired\":true,\"valueName\":\"search_term_string\"}}],\"inLanguage\":\"en-US\"},{\"@type\":\"Organization\",\"@id\":\"https:\\\/\\\/am-sportpark.de\\\/#organization\",\"name\":\"Hotel am Sportpark\",\"url\":\"https:\\\/\\\/am-sportpark.de\\\/\",\"logo\":{\"@type\":\"ImageObject\",\"inLanguage\":\"en-US\",\"@id\":\"https:\\\/\\\/am-sportpark.de\\\/#\\\/schema\\\/logo\\\/image\\\/\",\"url\":\"https:\\\/\\\/am-sportpark.de\\\/wp-content\\\/uploads\\\/2023\\\/02\\\/hotel-am-sportpark.webp\",\"contentUrl\":\"https:\\\/\\\/am-sportpark.de\\\/wp-content\\\/uploads\\\/2023\\\/02\\\/hotel-am-sportpark.webp\",\"width\":681,\"height\":228,\"caption\":\"Hotel am Sportpark\"},\"image\":{\"@id\":\"https:\\\/\\\/am-sportpark.de\\\/#\\\/schema\\\/logo\\\/image\\\/\"}}]}<\/script>\n<!-- \/ Yoast SEO plugin. -->","yoast_head_json":{"title":"Public transport - Hotel am Sportpark","robots":{"index":"index","follow":"follow","max-snippet":"max-snippet:-1","max-image-preview":"max-image-preview:large","max-video-preview":"max-video-preview:-1"},"canonical":"https:\/\/am-sportpark.de\/en\/oeffentlicher-nahverkehr\/","og_locale":"en_US","og_type":"article","og_title":"\u00d6ffentlicher Nahverkehr - Hotel am Sportpark","og_description":"\u00d6ffentlicher Nahverkehr in Duisburg Der \u00f6ffentliche Nahverkehr wird in Duisburg durch die DVG organisiert. Sie transportiert t\u00e4glich gut 142.000 Menschen mit Bus und Bahn nicht nur durch Duisburg, sondern auch in die Nachbarst\u00e4dte. Dazu kommt noch ide Deutsche Bahn, die die S-Bahnen betreibt. Das sind dann Schnellverbindungen in der Stadt zu anderen St\u00e4dten wie D\u00fcsseldorf, D\u00fcsseldorf Flughafen oder auch Essen, Gelsenkirchen und Dortmund. Unser Hotel liegt von der Haltestelle Kulturstra\u00dfe ca. 250 Meter entfernt. Dort k\u00f6nnen Sie in die Stra\u00dfenbahn U79 nach Duisburg City und Hauptbahnhof sowie nach D\u00fcsseldorf einsteigen. Die Bahn f\u00e4hrt auch direkt zur Messe D\u00fcsseldorf. Die Tickets f\u00fcr die Stra\u00dfenbahn k\u00f6nnen Sie am Automaten an der Station kaufen. Dieser nimmt Karte und Bargeld. Beim Fahrer k\u00f6nnen sie keine Tickets kaufen. Der Bus 934E h\u00e4lt hier ebenfalls und bringt Sie in den Duisburger S\u00fcden und auch zum Hauptbahnhof. Die Tickets f\u00fcr den Bus bekommen Sie beim Fahrer. Diese k\u00f6nnen Sie bar oder mit Karte bezahlen. Die S1 h\u00e4lt an der Station Schlenk und ist ca. 350 Meter entfernt. Von dieser Station k\u00f6nnen Sie schnell vom Hauptbahnhof zum Hotel kommen &#8211; ca.2 Min. Fahrt &#8211; oder auch vom oder zum Flughafen D\u00fcsseldorf.","og_url":"https:\/\/am-sportpark.de\/en\/oeffentlicher-nahverkehr\/","og_site_name":"Hotel am Sportpark","article_modified_time":"2025-08-22T08:43:15+00:00","twitter_card":"summary_large_image","twitter_misc":{"Est. reading time":"2 minutes"},"schema":{"@context":"https:\/\/schema.org","@graph":[{"@type":"WebPage","@id":"https:\/\/am-sportpark.de\/oeffentlicher-nahverkehr\/","url":"https:\/\/am-sportpark.de\/oeffentlicher-nahverkehr\/","name":"Public transport - Hotel am Sportpark","isPartOf":{"@id":"https:\/\/am-sportpark.de\/#website"},"datePublished":"2025-08-22T05:11:22+00:00","dateModified":"2025-08-22T08:43:15+00:00","breadcrumb":{"@id":"https:\/\/am-sportpark.de\/oeffentlicher-nahverkehr\/#breadcrumb"},"inLanguage":"en-US","potentialAction":[{"@type":"ReadAction","target":["https:\/\/am-sportpark.de\/oeffentlicher-nahverkehr\/"]}]},{"@type":"BreadcrumbList","@id":"https:\/\/am-sportpark.de\/oeffentlicher-nahverkehr\/#breadcrumb","itemListElement":[{"@type":"ListItem","position":1,"name":"Startseite","item":"https:\/\/am-sportpark.de\/"},{"@type":"ListItem","position":2,"name":"\u00d6ffentlicher Nahverkehr"}]},{"@type":"WebSite","@id":"https:\/\/am-sportpark.de\/#website","url":"https:\/\/am-sportpark.de\/","name":"Hotel at the sports park","description":"Family-hotel since 1974","publisher":{"@id":"https:\/\/am-sportpark.de\/#organization"},"potentialAction":[{"@type":"SearchAction","target":{"@type":"EntryPoint","urlTemplate":"https:\/\/am-sportpark.de\/?s={search_term_string}"},"query-input":{"@type":"PropertyValueSpecification","valueRequired":true,"valueName":"search_term_string"}}],"inLanguage":"en-US"},{"@type":"Organization","@id":"https:\/\/am-sportpark.de\/#organization","name":"Hotel at the sports park","url":"https:\/\/am-sportpark.de\/","logo":{"@type":"ImageObject","inLanguage":"en-US","@id":"https:\/\/am-sportpark.de\/#\/schema\/logo\/image\/","url":"https:\/\/am-sportpark.de\/wp-content\/uploads\/2023\/02\/hotel-am-sportpark.webp","contentUrl":"https:\/\/am-sportpark.de\/wp-content\/uploads\/2023\/02\/hotel-am-sportpark.webp","width":681,"height":228,"caption":"Hotel am Sportpark"},"image":{"@id":"https:\/\/am-sportpark.de\/#\/schema\/logo\/image\/"}}]}},"_links":{"self":[{"href":"https:\/\/am-sportpark.de\/en\/wp-json\/wp\/v2\/pages\/1567","targetHints":{"allow":["GET"]}}],"collection":[{"href":"https:\/\/am-sportpark.de\/en\/wp-json\/wp\/v2\/pages"}],"about":[{"href":"https:\/\/am-sportpark.de\/en\/wp-json\/wp\/v2\/types\/page"}],"author":[{"embeddable":true,"href":"https:\/\/am-sportpark.de\/en\/wp-json\/wp\/v2\/users\/1"}],"replies":[{"embeddable":true,"href":"https:\/\/am-sportpark.de\/en\/wp-json\/wp\/v2\/comments?post=1567"}],"version-history":[{"count":13,"href":"https:\/\/am-sportpark.de\/en\/wp-json\/wp\/v2\/pages\/1567\/revisions"}],"predecessor-version":[{"id":1582,"href":"https:\/\/am-sportpark.de\/en\/wp-json\/wp\/v2\/pages\/1567\/revisions\/1582"}],"wp:attachment":[{"href":"https:\/\/am-sportpark.de\/en\/wp-json\/wp\/v2\/media?parent=1567"}],"curies":[{"name":"wp","href":"https:\/\/api.w.org\/{rel}","templated":true}]}}