{"id":1560,"date":"2025-08-22T07:03:52","date_gmt":"2025-08-22T05:03:52","guid":{"rendered":"https:\/\/am-sportpark.de\/?page_id=1560"},"modified":"2025-08-22T10:43:58","modified_gmt":"2025-08-22T08:43:58","slug":"hauptbahnhof","status":"publish","type":"page","link":"https:\/\/am-sportpark.de\/en\/hauptbahnhof\/","title":{"rendered":"Main station"},"content":{"rendered":"<div data-elementor-type=\"wp-page\" data-elementor-id=\"1560\" class=\"elementor elementor-1560\" data-elementor-settings=\"{&quot;ha_cmc_init_switcher&quot;:&quot;no&quot;}\" data-elementor-post-type=\"page\">\n\t\t\t\t\t\t<section class=\"elementor-section elementor-top-section elementor-element elementor-element-b05223e elementor-section-boxed elementor-section-height-default elementor-section-height-default wpr-particle-no wpr-jarallax-no wpr-parallax-no wpr-sticky-section-no\" data-id=\"b05223e\" data-element_type=\"section\" data-e-type=\"section\" data-settings=\"{&quot;_ha_eqh_enable&quot;:false}\">\n\t\t\t\t\t\t<div class=\"elementor-container elementor-column-gap-default\">\n\t\t\t\t\t<div class=\"elementor-column elementor-col-100 elementor-top-column elementor-element elementor-element-3022931\" data-id=\"3022931\" data-element_type=\"column\" data-e-type=\"column\">\n\t\t\t<div class=\"elementor-widget-wrap elementor-element-populated\">\n\t\t\t\t\t\t<div class=\"elementor-element elementor-element-08c0ed8 elementor-widget elementor-widget-heading\" data-id=\"08c0ed8\" data-element_type=\"widget\" data-e-type=\"widget\" data-widget_type=\"heading.default\">\n\t\t\t\t<div class=\"elementor-widget-container\">\n\t\t\t\t\t<h2 class=\"elementor-heading-title elementor-size-default\">Duisburg Central Station<\/h2>\t\t\t\t<\/div>\n\t\t\t\t<\/div>\n\t\t\t\t\t<\/div>\n\t\t<\/div>\n\t\t\t\t\t<\/div>\n\t\t<\/section>\n\t\t\t\t<section class=\"elementor-section elementor-top-section elementor-element elementor-element-d4a4c26 elementor-section-boxed elementor-section-height-default elementor-section-height-default wpr-particle-no wpr-jarallax-no wpr-parallax-no wpr-sticky-section-no\" data-id=\"d4a4c26\" data-element_type=\"section\" data-e-type=\"section\" data-settings=\"{&quot;_ha_eqh_enable&quot;:false}\">\n\t\t\t\t\t\t<div class=\"elementor-container elementor-column-gap-default\">\n\t\t\t\t\t<div class=\"elementor-column elementor-col-100 elementor-top-column elementor-element elementor-element-f262a0b\" data-id=\"f262a0b\" data-element_type=\"column\" data-e-type=\"column\">\n\t\t\t<div class=\"elementor-widget-wrap elementor-element-populated\">\n\t\t\t\t\t\t<div class=\"elementor-element elementor-element-997b023 elementor-widget elementor-widget-text-editor\" data-id=\"997b023\" data-element_type=\"widget\" data-e-type=\"widget\" data-widget_type=\"text-editor.default\">\n\t\t\t\t<div class=\"elementor-widget-container\">\n\t\t\t\t\t\t\t\t\t<p>Duisburg Central Station opened in 1862 and, with over 125,000 travelers annually, is one of the busiest train stations in Germany. As a major hub in the Lower Rhine and Ruhr region, Duisburg is a gateway to the world. The station is approximately 3 km from the hotel and is easily accessible by public transport.<\/p><p>You can choose between taking the U79 to the Kulturstra\u00dfe stop \u2013 then another 250 meters walk to the hotel \u2013 or the S1 to Schlenk \u2013 then another 350 meters walk to the hotel.<\/p><p>Our hotel shuttle can take you to the train station. We charge \u20ac10 for a maximum of seven people.<\/p>\t\t\t\t\t\t\t\t<\/div>\n\t\t\t\t<\/div>\n\t\t\t\t\t<\/div>\n\t\t<\/div>\n\t\t\t\t\t<\/div>\n\t\t<\/section>\n\t\t\t\t<\/div>","protected":false},"excerpt":{"rendered":"<p>Duisburg Central Station. Duisburg Central Station opened in 1862 and, with over 125,000 travelers annually, is one of the busiest stations in Germany. As the main hub in the Lower Rhine and Ruhr region, Duisburg is the gateway to the world. The station is approximately 3 km from the hotel and is easily accessible by public transport. You can take the U79 to the Kulturstra\u00dfe stop\u2014then walk another 250 meters to the hotel\u2014or the S1 to Schlenk station\u2014then walk another 350 meters to the hotel. Our hotel shuttle can take you to the station. The charge is \u20ac10 for a maximum of 7 people.<\/p>","protected":false},"author":1,"featured_media":0,"parent":0,"menu_order":0,"comment_status":"closed","ping_status":"closed","template":"","meta":{"footnotes":""},"class_list":["post-1560","page","type-page","status-publish","hentry"],"yoast_head":"<!-- This site is optimized with the Yoast SEO plugin v27.3 - https:\/\/yoast.com\/product\/yoast-seo-wordpress\/ -->\n<title>Hauptbahnhof - Hotel am Sportpark<\/title>\n<meta name=\"robots\" content=\"index, follow, max-snippet:-1, max-image-preview:large, max-video-preview:-1\" \/>\n<link rel=\"canonical\" href=\"https:\/\/am-sportpark.de\/en\/hauptbahnhof\/\" \/>\n<meta property=\"og:locale\" content=\"en_US\" \/>\n<meta property=\"og:type\" content=\"article\" \/>\n<meta property=\"og:title\" content=\"Hauptbahnhof - Hotel am Sportpark\" \/>\n<meta property=\"og:description\" content=\"Der Hauptbahnhof Duisburg Der Duisburger Hauptbahnhof wurde 1862 er\u00f6ffnet und geh\u00f6rt mit \u00fcber 125.000 Reisenden pro Jahr zu den meist frequentierten Bahnh\u00f6fen Deutschlands. Als Hauptknotenpunkt am Niederrhein und im Ruhrgebiet kommen Sie von Duisburg aus in die Welt. Der Bahnhof ist vom Hotel ca. 3 Km entfernt und gut mit den \u00f6ffentlichen Verkehrsmitteln zu erreichen. Sie haben die Wahl zwischen der U79 bis Haltestelle Kulturstra\u00dfe &#8211; dann nochmal 250 Meter zu Fu\u00df zum Hotel &#8211; oder der S1 bis Schlenk &#8211; dann nochmal 350 Meter zu Fu\u00df zum Hotel. Unser Hotel Shuttle kann Sie gerne zum Bahnhof bringen. Daf\u00fcr berechnen wir 10 \u20ac f\u00fcr max. 7 Personen.\" \/>\n<meta property=\"og:url\" content=\"https:\/\/am-sportpark.de\/en\/hauptbahnhof\/\" \/>\n<meta property=\"og:site_name\" content=\"Hotel am Sportpark\" \/>\n<meta property=\"article:modified_time\" content=\"2025-08-22T08:43:58+00:00\" \/>\n<meta name=\"twitter:card\" content=\"summary_large_image\" \/>\n<meta name=\"twitter:label1\" content=\"Est. reading time\" \/>\n\t<meta name=\"twitter:data1\" content=\"1 minute\" \/>\n<script type=\"application\/ld+json\" class=\"yoast-schema-graph\">{\"@context\":\"https:\\\/\\\/schema.org\",\"@graph\":[{\"@type\":\"WebPage\",\"@id\":\"https:\\\/\\\/am-sportpark.de\\\/hauptbahnhof\\\/\",\"url\":\"https:\\\/\\\/am-sportpark.de\\\/hauptbahnhof\\\/\",\"name\":\"Hauptbahnhof - Hotel am Sportpark\",\"isPartOf\":{\"@id\":\"https:\\\/\\\/am-sportpark.de\\\/#website\"},\"datePublished\":\"2025-08-22T05:03:52+00:00\",\"dateModified\":\"2025-08-22T08:43:58+00:00\",\"breadcrumb\":{\"@id\":\"https:\\\/\\\/am-sportpark.de\\\/hauptbahnhof\\\/#breadcrumb\"},\"inLanguage\":\"en-US\",\"potentialAction\":[{\"@type\":\"ReadAction\",\"target\":[\"https:\\\/\\\/am-sportpark.de\\\/hauptbahnhof\\\/\"]}]},{\"@type\":\"BreadcrumbList\",\"@id\":\"https:\\\/\\\/am-sportpark.de\\\/hauptbahnhof\\\/#breadcrumb\",\"itemListElement\":[{\"@type\":\"ListItem\",\"position\":1,\"name\":\"Startseite\",\"item\":\"https:\\\/\\\/am-sportpark.de\\\/\"},{\"@type\":\"ListItem\",\"position\":2,\"name\":\"Hauptbahnhof\"}]},{\"@type\":\"WebSite\",\"@id\":\"https:\\\/\\\/am-sportpark.de\\\/#website\",\"url\":\"https:\\\/\\\/am-sportpark.de\\\/\",\"name\":\"Hotel am Sportpark\",\"description\":\"Familienhotel seit 1974\",\"publisher\":{\"@id\":\"https:\\\/\\\/am-sportpark.de\\\/#organization\"},\"potentialAction\":[{\"@type\":\"SearchAction\",\"target\":{\"@type\":\"EntryPoint\",\"urlTemplate\":\"https:\\\/\\\/am-sportpark.de\\\/?s={search_term_string}\"},\"query-input\":{\"@type\":\"PropertyValueSpecification\",\"valueRequired\":true,\"valueName\":\"search_term_string\"}}],\"inLanguage\":\"en-US\"},{\"@type\":\"Organization\",\"@id\":\"https:\\\/\\\/am-sportpark.de\\\/#organization\",\"name\":\"Hotel am Sportpark\",\"url\":\"https:\\\/\\\/am-sportpark.de\\\/\",\"logo\":{\"@type\":\"ImageObject\",\"inLanguage\":\"en-US\",\"@id\":\"https:\\\/\\\/am-sportpark.de\\\/#\\\/schema\\\/logo\\\/image\\\/\",\"url\":\"https:\\\/\\\/am-sportpark.de\\\/wp-content\\\/uploads\\\/2023\\\/02\\\/hotel-am-sportpark.webp\",\"contentUrl\":\"https:\\\/\\\/am-sportpark.de\\\/wp-content\\\/uploads\\\/2023\\\/02\\\/hotel-am-sportpark.webp\",\"width\":681,\"height\":228,\"caption\":\"Hotel am Sportpark\"},\"image\":{\"@id\":\"https:\\\/\\\/am-sportpark.de\\\/#\\\/schema\\\/logo\\\/image\\\/\"}}]}<\/script>\n<!-- \/ Yoast SEO plugin. -->","yoast_head_json":{"title":"Main Station - Hotel am Sportpark","robots":{"index":"index","follow":"follow","max-snippet":"max-snippet:-1","max-image-preview":"max-image-preview:large","max-video-preview":"max-video-preview:-1"},"canonical":"https:\/\/am-sportpark.de\/en\/hauptbahnhof\/","og_locale":"en_US","og_type":"article","og_title":"Hauptbahnhof - Hotel am Sportpark","og_description":"Der Hauptbahnhof Duisburg Der Duisburger Hauptbahnhof wurde 1862 er\u00f6ffnet und geh\u00f6rt mit \u00fcber 125.000 Reisenden pro Jahr zu den meist frequentierten Bahnh\u00f6fen Deutschlands. Als Hauptknotenpunkt am Niederrhein und im Ruhrgebiet kommen Sie von Duisburg aus in die Welt. Der Bahnhof ist vom Hotel ca. 3 Km entfernt und gut mit den \u00f6ffentlichen Verkehrsmitteln zu erreichen. Sie haben die Wahl zwischen der U79 bis Haltestelle Kulturstra\u00dfe &#8211; dann nochmal 250 Meter zu Fu\u00df zum Hotel &#8211; oder der S1 bis Schlenk &#8211; dann nochmal 350 Meter zu Fu\u00df zum Hotel. Unser Hotel Shuttle kann Sie gerne zum Bahnhof bringen. Daf\u00fcr berechnen wir 10 \u20ac f\u00fcr max. 7 Personen.","og_url":"https:\/\/am-sportpark.de\/en\/hauptbahnhof\/","og_site_name":"Hotel am Sportpark","article_modified_time":"2025-08-22T08:43:58+00:00","twitter_card":"summary_large_image","twitter_misc":{"Est. reading time":"1 minute"},"schema":{"@context":"https:\/\/schema.org","@graph":[{"@type":"WebPage","@id":"https:\/\/am-sportpark.de\/hauptbahnhof\/","url":"https:\/\/am-sportpark.de\/hauptbahnhof\/","name":"Main Station - Hotel am Sportpark","isPartOf":{"@id":"https:\/\/am-sportpark.de\/#website"},"datePublished":"2025-08-22T05:03:52+00:00","dateModified":"2025-08-22T08:43:58+00:00","breadcrumb":{"@id":"https:\/\/am-sportpark.de\/hauptbahnhof\/#breadcrumb"},"inLanguage":"en-US","potentialAction":[{"@type":"ReadAction","target":["https:\/\/am-sportpark.de\/hauptbahnhof\/"]}]},{"@type":"BreadcrumbList","@id":"https:\/\/am-sportpark.de\/hauptbahnhof\/#breadcrumb","itemListElement":[{"@type":"ListItem","position":1,"name":"Startseite","item":"https:\/\/am-sportpark.de\/"},{"@type":"ListItem","position":2,"name":"Hauptbahnhof"}]},{"@type":"WebSite","@id":"https:\/\/am-sportpark.de\/#website","url":"https:\/\/am-sportpark.de\/","name":"Hotel at the sports park","description":"Family-hotel since 1974","publisher":{"@id":"https:\/\/am-sportpark.de\/#organization"},"potentialAction":[{"@type":"SearchAction","target":{"@type":"EntryPoint","urlTemplate":"https:\/\/am-sportpark.de\/?s={search_term_string}"},"query-input":{"@type":"PropertyValueSpecification","valueRequired":true,"valueName":"search_term_string"}}],"inLanguage":"en-US"},{"@type":"Organization","@id":"https:\/\/am-sportpark.de\/#organization","name":"Hotel at the sports park","url":"https:\/\/am-sportpark.de\/","logo":{"@type":"ImageObject","inLanguage":"en-US","@id":"https:\/\/am-sportpark.de\/#\/schema\/logo\/image\/","url":"https:\/\/am-sportpark.de\/wp-content\/uploads\/2023\/02\/hotel-am-sportpark.webp","contentUrl":"https:\/\/am-sportpark.de\/wp-content\/uploads\/2023\/02\/hotel-am-sportpark.webp","width":681,"height":228,"caption":"Hotel am Sportpark"},"image":{"@id":"https:\/\/am-sportpark.de\/#\/schema\/logo\/image\/"}}]}},"_links":{"self":[{"href":"https:\/\/am-sportpark.de\/en\/wp-json\/wp\/v2\/pages\/1560","targetHints":{"allow":["GET"]}}],"collection":[{"href":"https:\/\/am-sportpark.de\/en\/wp-json\/wp\/v2\/pages"}],"about":[{"href":"https:\/\/am-sportpark.de\/en\/wp-json\/wp\/v2\/types\/page"}],"author":[{"embeddable":true,"href":"https:\/\/am-sportpark.de\/en\/wp-json\/wp\/v2\/users\/1"}],"replies":[{"embeddable":true,"href":"https:\/\/am-sportpark.de\/en\/wp-json\/wp\/v2\/comments?post=1560"}],"version-history":[{"count":7,"href":"https:\/\/am-sportpark.de\/en\/wp-json\/wp\/v2\/pages\/1560\/revisions"}],"predecessor-version":[{"id":1586,"href":"https:\/\/am-sportpark.de\/en\/wp-json\/wp\/v2\/pages\/1560\/revisions\/1586"}],"wp:attachment":[{"href":"https:\/\/am-sportpark.de\/en\/wp-json\/wp\/v2\/media?parent=1560"}],"curies":[{"name":"wp","href":"https:\/\/api.w.org\/{rel}","templated":true}]}}