{"id":1432,"date":"2025-07-24T06:16:37","date_gmt":"2025-07-24T04:16:37","guid":{"rendered":"https:\/\/am-sportpark.de\/?page_id=1432"},"modified":"2026-03-04T05:55:27","modified_gmt":"2026-03-04T04:55:27","slug":"aprtment-team","status":"publish","type":"page","link":"https:\/\/am-sportpark.de\/en\/zimmer\/aprtment-team\/","title":{"rendered":"Apartment Team"},"content":{"rendered":"<div data-elementor-type=\"wp-page\" data-elementor-id=\"1432\" class=\"elementor elementor-1432\" data-elementor-settings=\"{&quot;ha_cmc_init_switcher&quot;:&quot;no&quot;}\" data-elementor-post-type=\"page\">\n\t\t\t\t\t\t<section class=\"elementor-section elementor-top-section elementor-element elementor-element-42d632a elementor-section-boxed elementor-section-height-default elementor-section-height-default wpr-particle-no wpr-jarallax-no wpr-parallax-no wpr-sticky-section-no wpr-equal-height-no\" data-id=\"42d632a\" data-element_type=\"section\" data-e-type=\"section\" data-settings=\"{&quot;_ha_eqh_enable&quot;:false}\">\n\t\t\t\t\t\t<div class=\"elementor-container elementor-column-gap-default\">\n\t\t\t\t\t<div class=\"elementor-column elementor-col-100 elementor-top-column elementor-element elementor-element-9321814\" data-id=\"9321814\" data-element_type=\"column\" data-e-type=\"column\">\n\t\t\t<div class=\"elementor-widget-wrap elementor-element-populated\">\n\t\t\t\t\t\t<div class=\"elementor-element elementor-element-fab31f3 elementor-widget elementor-widget-heading\" data-id=\"fab31f3\" data-element_type=\"widget\" data-e-type=\"widget\" data-widget_type=\"heading.default\">\n\t\t\t\t<div class=\"elementor-widget-container\">\n\t\t\t\t\t<h2 class=\"elementor-heading-title elementor-size-default\">Apartment Team<\/h2>\t\t\t\t<\/div>\n\t\t\t\t<\/div>\n\t\t\t\t\t<\/div>\n\t\t<\/div>\n\t\t\t\t\t<\/div>\n\t\t<\/section>\n\t\t\t\t<section class=\"elementor-section elementor-top-section elementor-element elementor-element-18751da elementor-section-boxed elementor-section-height-default elementor-section-height-default wpr-particle-no wpr-jarallax-no wpr-parallax-no wpr-sticky-section-no wpr-equal-height-no\" data-id=\"18751da\" data-element_type=\"section\" data-e-type=\"section\" data-settings=\"{&quot;_ha_eqh_enable&quot;:false}\">\n\t\t\t\t\t\t<div class=\"elementor-container elementor-column-gap-default\">\n\t\t\t\t\t<div class=\"elementor-column elementor-col-100 elementor-top-column elementor-element elementor-element-8b9fd9b\" data-id=\"8b9fd9b\" data-element_type=\"column\" data-e-type=\"column\">\n\t\t\t<div class=\"elementor-widget-wrap elementor-element-populated\">\n\t\t\t\t\t\t<div class=\"elementor-element elementor-element-623f32e elementor-widget elementor-widget-text-editor\" data-id=\"623f32e\" data-element_type=\"widget\" data-e-type=\"widget\" data-widget_type=\"text-editor.default\">\n\t\t\t\t<div class=\"elementor-widget-container\">\n\t\t\t\t\t\t\t\t\t<p>The Apartment Team is located on the ground floor and can be accessed without stairs. It features a very large shower, oversized doors, and air-conditioned bedrooms.<\/p><p>The Apartment Team corresponds to the 3-star superior rating of the Hotel and Restaurant Association and has the following amenities:<\/p><ul><li>The Apartment Team is 95 sqm<\/li><li>The two beds each measure 90 x 200 cm without foot end and can be separated<\/li><li>Air-conditioned bedroom<\/li><li>Newly renovated bathroom with large shower \/ toilet \/ hairdryer<\/li><li>65&quot; LCD TV in the living room and 55&quot; LCD TV in the bedroom. All with satellite TV and 35 channels.<\/li><li>WLAN reception with a performance of 35 MBit<\/li><li>Information folder with information about restaurants and sightseeing tips<\/li><li>Walk-in wardrobe<\/li><li>guest toilet<\/li><li>Large seating area<\/li><li>Nintendo Wii including games in the living room<\/li><li>Fully equipped kitchen<\/li><li>LED light throughout the room<\/li><li>Our bedding is \u00d6K\u00d6-Tex certified and suitable for allergy sufferers<\/li><\/ul>\t\t\t\t\t\t\t\t<\/div>\n\t\t\t\t<\/div>\n\t\t\t\t\t<\/div>\n\t\t<\/div>\n\t\t\t\t\t<\/div>\n\t\t<\/section>\n\t\t\t\t<section class=\"elementor-section elementor-top-section elementor-element elementor-element-07adba8 elementor-section-boxed elementor-section-height-default elementor-section-height-default wpr-particle-no wpr-jarallax-no wpr-parallax-no wpr-sticky-section-no wpr-equal-height-no\" data-id=\"07adba8\" data-element_type=\"section\" data-e-type=\"section\" data-settings=\"{&quot;_ha_eqh_enable&quot;:false}\">\n\t\t\t\t\t\t<div class=\"elementor-container elementor-column-gap-default\">\n\t\t\t\t\t<div class=\"elementor-column elementor-col-100 elementor-top-column elementor-element elementor-element-e143d4a\" data-id=\"e143d4a\" data-element_type=\"column\" data-e-type=\"column\">\n\t\t\t<div class=\"elementor-widget-wrap elementor-element-populated\">\n\t\t\t\t\t\t<div class=\"elementor-element elementor-element-3b65719 elementor-widget elementor-widget-gallery\" data-id=\"3b65719\" data-element_type=\"widget\" data-e-type=\"widget\" data-settings=\"{&quot;lazyload&quot;:&quot;yes&quot;,&quot;gallery_layout&quot;:&quot;grid&quot;,&quot;columns&quot;:4,&quot;columns_tablet&quot;:2,&quot;columns_mobile&quot;:1,&quot;gap&quot;:{&quot;unit&quot;:&quot;px&quot;,&quot;size&quot;:10,&quot;sizes&quot;:[]},&quot;gap_tablet&quot;:{&quot;unit&quot;:&quot;px&quot;,&quot;size&quot;:10,&quot;sizes&quot;:[]},&quot;gap_mobile&quot;:{&quot;unit&quot;:&quot;px&quot;,&quot;size&quot;:10,&quot;sizes&quot;:[]},&quot;link_to&quot;:&quot;file&quot;,&quot;aspect_ratio&quot;:&quot;3:2&quot;,&quot;show_all_galleries&quot;:&quot;yes&quot;,&quot;overlay_background&quot;:&quot;yes&quot;,&quot;content_hover_animation&quot;:&quot;fade-in&quot;}\" data-widget_type=\"gallery.default\">\n\t\t\t\t<div class=\"elementor-widget-container\">\n\t\t\t\t\t\t\t\t<div class=\"elementor-gallery__titles-container e--pointer-underline e--animation-fade\" aria-label=\"Gallery filter\">\n\t\t\t\t\t\t\t\t\t<a class=\"elementor-item elementor-gallery-title\" role=\"button\" tabindex=\"0\" data-gallery-index=\"all\">\n\t\t\t\t\t\tAll\t\t\t\t\t<\/a>\n\t\t\t\t\n\t\t\t\t\t\t\t\t\t<a class=\"elementor-item elementor-gallery-title\" role=\"button\" tabindex=\"0\" data-gallery-index=\"0\">\n\t\t\t\t\t\tThe Apartment Team\t\t\t\t\t<\/a>\n\t\t\t\t\t\t\t\t<\/div>\n\t\t\t\t\t<div class=\"elementor-gallery__container\">\n\t\t\t\t\t\t\t<a class=\"e-gallery-item elementor-gallery-item elementor-animated-content\" data-e-gallery-tags=\"0\" href=\"https:\/\/am-sportpark.de\/wp-content\/uploads\/2025\/08\/Team3197.jpg\" data-elementor-open-lightbox=\"yes\" data-elementor-lightbox-slideshow=\"3b65719\" data-elementor-lightbox-title=\"Apartment Team-Essecke\" data-e-action-hash=\"#elementor-action%3Aaction%3Dlightbox%26settings%3DeyJpZCI6MTQ4NCwidXJsIjoiaHR0cHM6XC9cL2FtLXNwb3J0cGFyay5kZVwvd3AtY29udGVudFwvdXBsb2Fkc1wvMjAyNVwvMDhcL1RlYW0zMTk3LmpwZyIsInNsaWRlc2hvdyI6IjNiNjU3MTkifQ%3D%3D\">\n\t\t\t\t\t<div class=\"e-gallery-image elementor-gallery-item__image\" data-thumbnail=\"https:\/\/am-sportpark.de\/wp-content\/uploads\/2025\/08\/Team3197-300x225.jpg\" data-width=\"300\" data-height=\"225\" aria-label=\"dining area\" role=\"img\" ><\/div>\n\t\t\t\t\t\t\t\t\t\t\t<div class=\"elementor-gallery-item__overlay\"><\/div>\n\t\t\t\t\t\t\t\t\t\t\t\t\t\t<\/a>\n\t\t\t\t\t\t\t<a class=\"e-gallery-item elementor-gallery-item elementor-animated-content\" data-e-gallery-tags=\"0\" href=\"https:\/\/am-sportpark.de\/wp-content\/uploads\/2025\/08\/Team3198.jpg\" data-elementor-open-lightbox=\"yes\" data-elementor-lightbox-slideshow=\"3b65719\" data-elementor-lightbox-title=\"Apartment Team-K\u00fcche\" data-e-action-hash=\"#elementor-action%3Aaction%3Dlightbox%26settings%3DeyJpZCI6MTQ4NiwidXJsIjoiaHR0cHM6XC9cL2FtLXNwb3J0cGFyay5kZVwvd3AtY29udGVudFwvdXBsb2Fkc1wvMjAyNVwvMDhcL1RlYW0zMTk4LmpwZyIsInNsaWRlc2hvdyI6IjNiNjU3MTkifQ%3D%3D\">\n\t\t\t\t\t<div class=\"e-gallery-image elementor-gallery-item__image\" data-thumbnail=\"https:\/\/am-sportpark.de\/wp-content\/uploads\/2025\/08\/Team3198-300x225.jpg\" data-width=\"300\" data-height=\"225\" aria-label=\"Kitchen\" role=\"img\" ><\/div>\n\t\t\t\t\t\t\t\t\t\t\t<div class=\"elementor-gallery-item__overlay\"><\/div>\n\t\t\t\t\t\t\t\t\t\t\t\t\t\t<\/a>\n\t\t\t\t\t\t\t<a class=\"e-gallery-item elementor-gallery-item elementor-animated-content\" data-e-gallery-tags=\"0\" href=\"https:\/\/am-sportpark.de\/wp-content\/uploads\/2025\/08\/Team3201.jpg\" data-elementor-open-lightbox=\"yes\" data-elementor-lightbox-slideshow=\"3b65719\" data-elementor-lightbox-title=\"Apartment Team-Schlafzimmer4\" data-e-action-hash=\"#elementor-action%3Aaction%3Dlightbox%26settings%3DeyJpZCI6MTQ4NywidXJsIjoiaHR0cHM6XC9cL2FtLXNwb3J0cGFyay5kZVwvd3AtY29udGVudFwvdXBsb2Fkc1wvMjAyNVwvMDhcL1RlYW0zMjAxLmpwZyIsInNsaWRlc2hvdyI6IjNiNjU3MTkifQ%3D%3D\">\n\t\t\t\t\t<div class=\"e-gallery-image elementor-gallery-item__image\" data-thumbnail=\"https:\/\/am-sportpark.de\/wp-content\/uploads\/2025\/08\/Team3201-300x225.jpg\" data-width=\"300\" data-height=\"225\" aria-label=\"bedroom\" role=\"img\" ><\/div>\n\t\t\t\t\t\t\t\t\t\t\t<div class=\"elementor-gallery-item__overlay\"><\/div>\n\t\t\t\t\t\t\t\t\t\t\t\t\t\t<\/a>\n\t\t\t\t\t\t\t<a class=\"e-gallery-item elementor-gallery-item elementor-animated-content\" data-e-gallery-tags=\"0\" href=\"https:\/\/am-sportpark.de\/wp-content\/uploads\/2025\/08\/Team3206.jpg\" data-elementor-open-lightbox=\"yes\" data-elementor-lightbox-slideshow=\"3b65719\" data-elementor-lightbox-title=\"Apartment Team-Bad\" data-e-action-hash=\"#elementor-action%3Aaction%3Dlightbox%26settings%3DeyJpZCI6MTQ5NywidXJsIjoiaHR0cHM6XC9cL2FtLXNwb3J0cGFyay5kZVwvd3AtY29udGVudFwvdXBsb2Fkc1wvMjAyNVwvMDhcL1RlYW0zMjA2LmpwZyIsInNsaWRlc2hvdyI6IjNiNjU3MTkifQ%3D%3D\">\n\t\t\t\t\t<div class=\"e-gallery-image elementor-gallery-item__image\" data-thumbnail=\"https:\/\/am-sportpark.de\/wp-content\/uploads\/2025\/08\/Team3206-300x225.jpg\" data-width=\"300\" data-height=\"225\" aria-label=\"bathroom\" role=\"img\" ><\/div>\n\t\t\t\t\t\t\t\t\t\t\t<div class=\"elementor-gallery-item__overlay\"><\/div>\n\t\t\t\t\t\t\t\t\t\t\t\t\t\t<\/a>\n\t\t\t\t\t\t\t<a class=\"e-gallery-item elementor-gallery-item elementor-animated-content\" data-e-gallery-tags=\"0\" href=\"https:\/\/am-sportpark.de\/wp-content\/uploads\/2025\/08\/Team3208-rotated.jpg\" data-elementor-open-lightbox=\"yes\" data-elementor-lightbox-slideshow=\"3b65719\" data-elementor-lightbox-title=\"Apartment Team-Ankleidezimmer\" data-e-action-hash=\"#elementor-action%3Aaction%3Dlightbox%26settings%3DeyJpZCI6MTUwMCwidXJsIjoiaHR0cHM6XC9cL2FtLXNwb3J0cGFyay5kZVwvd3AtY29udGVudFwvdXBsb2Fkc1wvMjAyNVwvMDhcL1RlYW0zMjA4LXJvdGF0ZWQuanBnIiwic2xpZGVzaG93IjoiM2I2NTcxOSJ9\">\n\t\t\t\t\t<div class=\"e-gallery-image elementor-gallery-item__image\" data-thumbnail=\"https:\/\/am-sportpark.de\/wp-content\/uploads\/2025\/08\/Team3208-225x300.jpg\" data-width=\"225\" data-height=\"300\" aria-label=\"dressing room\" role=\"img\" ><\/div>\n\t\t\t\t\t\t\t\t\t\t\t<div class=\"elementor-gallery-item__overlay\"><\/div>\n\t\t\t\t\t\t\t\t\t\t\t\t\t\t<\/a>\n\t\t\t\t\t\t\t<a class=\"e-gallery-item elementor-gallery-item elementor-animated-content\" data-e-gallery-tags=\"0\" href=\"https:\/\/am-sportpark.de\/wp-content\/uploads\/2025\/08\/Team3209.jpg\" data-elementor-open-lightbox=\"yes\" data-elementor-lightbox-slideshow=\"3b65719\" data-elementor-lightbox-title=\"Apartment Team-Wohnzimmer5\" data-e-action-hash=\"#elementor-action%3Aaction%3Dlightbox%26settings%3DeyJpZCI6MTUwMywidXJsIjoiaHR0cHM6XC9cL2FtLXNwb3J0cGFyay5kZVwvd3AtY29udGVudFwvdXBsb2Fkc1wvMjAyNVwvMDhcL1RlYW0zMjA5LmpwZyIsInNsaWRlc2hvdyI6IjNiNjU3MTkifQ%3D%3D\">\n\t\t\t\t\t<div class=\"e-gallery-image elementor-gallery-item__image\" data-thumbnail=\"https:\/\/am-sportpark.de\/wp-content\/uploads\/2025\/08\/Team3209-300x225.jpg\" data-width=\"300\" data-height=\"225\" aria-label=\"Living room\" role=\"img\" ><\/div>\n\t\t\t\t\t\t\t\t\t\t\t<div class=\"elementor-gallery-item__overlay\"><\/div>\n\t\t\t\t\t\t\t\t\t\t\t\t\t\t<\/a>\n\t\t\t\t\t\t\t<a class=\"e-gallery-item elementor-gallery-item elementor-animated-content\" data-e-gallery-tags=\"0\" href=\"https:\/\/am-sportpark.de\/wp-content\/uploads\/2025\/08\/Team3210.jpg\" data-elementor-open-lightbox=\"yes\" data-elementor-lightbox-slideshow=\"3b65719\" data-elementor-lightbox-title=\"Apartment Team-Wohnzimmer4\" data-e-action-hash=\"#elementor-action%3Aaction%3Dlightbox%26settings%3DeyJpZCI6MTUwNCwidXJsIjoiaHR0cHM6XC9cL2FtLXNwb3J0cGFyay5kZVwvd3AtY29udGVudFwvdXBsb2Fkc1wvMjAyNVwvMDhcL1RlYW0zMjEwLmpwZyIsInNsaWRlc2hvdyI6IjNiNjU3MTkifQ%3D%3D\">\n\t\t\t\t\t<div class=\"e-gallery-image elementor-gallery-item__image\" data-thumbnail=\"https:\/\/am-sportpark.de\/wp-content\/uploads\/2025\/08\/Team3210-300x225.jpg\" data-width=\"300\" data-height=\"225\" aria-label=\"Living room\" role=\"img\" ><\/div>\n\t\t\t\t\t\t\t\t\t\t\t<div class=\"elementor-gallery-item__overlay\"><\/div>\n\t\t\t\t\t\t\t\t\t\t\t\t\t\t<\/a>\n\t\t\t\t\t\t\t<a class=\"e-gallery-item elementor-gallery-item elementor-animated-content\" data-e-gallery-tags=\"0\" href=\"https:\/\/am-sportpark.de\/wp-content\/uploads\/2025\/08\/Team3211.jpg\" data-elementor-open-lightbox=\"yes\" data-elementor-lightbox-slideshow=\"3b65719\" data-elementor-lightbox-title=\"Apartment Team-Wohnzimmer3\" data-e-action-hash=\"#elementor-action%3Aaction%3Dlightbox%26settings%3DeyJpZCI6MTUwNiwidXJsIjoiaHR0cHM6XC9cL2FtLXNwb3J0cGFyay5kZVwvd3AtY29udGVudFwvdXBsb2Fkc1wvMjAyNVwvMDhcL1RlYW0zMjExLmpwZyIsInNsaWRlc2hvdyI6IjNiNjU3MTkifQ%3D%3D\">\n\t\t\t\t\t<div class=\"e-gallery-image elementor-gallery-item__image\" data-thumbnail=\"https:\/\/am-sportpark.de\/wp-content\/uploads\/2025\/08\/Team3211-300x225.jpg\" data-width=\"300\" data-height=\"225\" aria-label=\"Living room\" role=\"img\" ><\/div>\n\t\t\t\t\t\t\t\t\t\t\t<div class=\"elementor-gallery-item__overlay\"><\/div>\n\t\t\t\t\t\t\t\t\t\t\t\t\t\t<\/a>\n\t\t\t\t\t\t\t<a class=\"e-gallery-item elementor-gallery-item elementor-animated-content\" data-e-gallery-tags=\"0\" href=\"https:\/\/am-sportpark.de\/wp-content\/uploads\/2025\/08\/Team3212.jpg\" data-elementor-open-lightbox=\"yes\" data-elementor-lightbox-slideshow=\"3b65719\" data-elementor-lightbox-title=\"Apartment Team-Wohnzimmer2\" data-e-action-hash=\"#elementor-action%3Aaction%3Dlightbox%26settings%3DeyJpZCI6MTUwOCwidXJsIjoiaHR0cHM6XC9cL2FtLXNwb3J0cGFyay5kZVwvd3AtY29udGVudFwvdXBsb2Fkc1wvMjAyNVwvMDhcL1RlYW0zMjEyLmpwZyIsInNsaWRlc2hvdyI6IjNiNjU3MTkifQ%3D%3D\">\n\t\t\t\t\t<div class=\"e-gallery-image elementor-gallery-item__image\" data-thumbnail=\"https:\/\/am-sportpark.de\/wp-content\/uploads\/2025\/08\/Team3212-300x225.jpg\" data-width=\"300\" data-height=\"225\" aria-label=\"Living room\" role=\"img\" ><\/div>\n\t\t\t\t\t\t\t\t\t\t\t<div class=\"elementor-gallery-item__overlay\"><\/div>\n\t\t\t\t\t\t\t\t\t\t\t\t\t\t<\/a>\n\t\t\t\t\t\t\t<a class=\"e-gallery-item elementor-gallery-item elementor-animated-content\" data-e-gallery-tags=\"0\" href=\"https:\/\/am-sportpark.de\/wp-content\/uploads\/2025\/08\/Team3213.jpg\" data-elementor-open-lightbox=\"yes\" data-elementor-lightbox-slideshow=\"3b65719\" data-elementor-lightbox-title=\"Apartment Team-Wohnzimmer1\" data-e-action-hash=\"#elementor-action%3Aaction%3Dlightbox%26settings%3DeyJpZCI6MTUwOSwidXJsIjoiaHR0cHM6XC9cL2FtLXNwb3J0cGFyay5kZVwvd3AtY29udGVudFwvdXBsb2Fkc1wvMjAyNVwvMDhcL1RlYW0zMjEzLmpwZyIsInNsaWRlc2hvdyI6IjNiNjU3MTkifQ%3D%3D\">\n\t\t\t\t\t<div class=\"e-gallery-image elementor-gallery-item__image\" data-thumbnail=\"https:\/\/am-sportpark.de\/wp-content\/uploads\/2025\/08\/Team3213-300x225.jpg\" data-width=\"300\" data-height=\"225\" aria-label=\"Living room\" role=\"img\" ><\/div>\n\t\t\t\t\t\t\t\t\t\t\t<div class=\"elementor-gallery-item__overlay\"><\/div>\n\t\t\t\t\t\t\t\t\t\t\t\t\t\t<\/a>\n\t\t\t\t\t\t\t<a class=\"e-gallery-item elementor-gallery-item elementor-animated-content\" data-e-gallery-tags=\"0\" href=\"https:\/\/am-sportpark.de\/wp-content\/uploads\/2025\/08\/Team3214.jpg\" data-elementor-open-lightbox=\"yes\" data-elementor-lightbox-slideshow=\"3b65719\" data-elementor-lightbox-title=\"Apartment Team-K\u00fcche\" data-e-action-hash=\"#elementor-action%3Aaction%3Dlightbox%26settings%3DeyJpZCI6MTUxMCwidXJsIjoiaHR0cHM6XC9cL2FtLXNwb3J0cGFyay5kZVwvd3AtY29udGVudFwvdXBsb2Fkc1wvMjAyNVwvMDhcL1RlYW0zMjE0LmpwZyIsInNsaWRlc2hvdyI6IjNiNjU3MTkifQ%3D%3D\">\n\t\t\t\t\t<div class=\"e-gallery-image elementor-gallery-item__image\" data-thumbnail=\"https:\/\/am-sportpark.de\/wp-content\/uploads\/2025\/08\/Team3214-300x225.jpg\" data-width=\"300\" data-height=\"225\" aria-label=\"Kitchen\" role=\"img\" ><\/div>\n\t\t\t\t\t\t\t\t\t\t\t<div class=\"elementor-gallery-item__overlay\"><\/div>\n\t\t\t\t\t\t\t\t\t\t\t\t\t\t<\/a>\n\t\t\t\t\t<\/div>\n\t\t\t\t\t<\/div>\n\t\t\t\t<\/div>\n\t\t\t\t\t<\/div>\n\t\t<\/div>\n\t\t\t\t\t<\/div>\n\t\t<\/section>\n\t\t\t\t<\/div>","protected":false},"excerpt":{"rendered":"<p>Apartment Team The Apartment Team is located on the ground floor and can be reached without stairs. It features a very large shower, oversized doors, and air-conditioned bedrooms. The Apartment Team corresponds to the 3-star superior rating of the German Hotel and Restaurant Association and has the following features: The Apartment Team is 95 sqm in size The two beds each measure 90 x 200 cm without the footboard and can be separated Air-conditioned bedroom Newly renovated bathroom with a large shower \/ toilet \/ hairdryer 65&quot; LCD TV in the living room and 55&quot; LCD TV in the bedroom. All with satellite TV and 35 channels Wi-Fi with a speed of 35 MBit Information folder with information on restaurants and sightseeing tips Walk-in closet Guest toilet Large seating area Dining area for 6 people Fully equipped kitchen LED lighting throughout the apartment Our bedding is OEKO-Tex certified and suitable for allergy sufferers All The Apartment Team<\/p>","protected":false},"author":1,"featured_media":0,"parent":82,"menu_order":0,"comment_status":"closed","ping_status":"closed","template":"","meta":{"footnotes":""},"class_list":["post-1432","page","type-page","status-publish","hentry"],"yoast_head":"<!-- This site is optimized with the Yoast SEO plugin v27.4 - https:\/\/yoast.com\/product\/yoast-seo-wordpress\/ -->\n<title>Apartment-Team - Hotel am Sportpark<\/title>\n<meta name=\"robots\" content=\"index, follow, max-snippet:-1, max-image-preview:large, max-video-preview:-1\" \/>\n<link rel=\"canonical\" href=\"https:\/\/am-sportpark.de\/en\/zimmer\/aprtment-team\/\" \/>\n<meta property=\"og:locale\" content=\"en_US\" \/>\n<meta property=\"og:type\" content=\"article\" \/>\n<meta property=\"og:title\" content=\"Apartment-Team - Hotel am Sportpark\" \/>\n<meta property=\"og:description\" content=\"Apartment Team Das Apartment Team liegt im Erdgeschoss und kann ohne Treppe erreicht werden. Mit einer sehr gro\u00dfen Dusche, \u00fcbergro\u00dfen T\u00fcren und klimatisierten Schlafzimmer. Das Apartment Team entspricht der 3-Sterne Superior Bewertung des Hotel- und Gastst\u00e4ttenverbandes und hat die folgende Ausstattung: Das Apartment Team ist 95 qm gro\u00df Die zwei Betten haben jeweils die Ma\u00dfe 90 x 200 cm ohne Fu\u00dfende und k\u00f6nnen getrennt werden Klimatisiertes Schlafzimmer Neu renoviertes Badezimmer mit gro\u00dfer Dusche \/ WC \/ Haartrockner 65&#8243; LCD-Fernseher im Wohnzimmer und 55&#8243; LCD Fernseher im Schlafzimmer. Alle mit Sat-TV und 35 Sendern WLAN-Empfang mit einer Leistung von 35 MBit Infomappe mit Informationen \u00fcber Restaurants und Sightseeing Tipps Begehbarer Kleiderschrank G\u00e4ste Toilette Gro\u00dfe Sitzecke Essecke f\u00fcr 6 Personen Voll ausgestattet K\u00fcche LED-Licht im ganzen Apartment Unsere Bettwaren sind \u00d6K\u00d6-Tex zertifiziert und f\u00fcr Allergiker geeignet Alle Das Apartment Team\" \/>\n<meta property=\"og:url\" content=\"https:\/\/am-sportpark.de\/en\/zimmer\/aprtment-team\/\" \/>\n<meta property=\"og:site_name\" content=\"Hotel am Sportpark\" \/>\n<meta property=\"article:modified_time\" content=\"2026-03-04T04:55:27+00:00\" \/>\n<meta name=\"twitter:card\" content=\"summary_large_image\" \/>\n<meta name=\"twitter:label1\" content=\"Est. reading time\" \/>\n\t<meta name=\"twitter:data1\" content=\"1 minute\" \/>\n<script type=\"application\/ld+json\" class=\"yoast-schema-graph\">{\"@context\":\"https:\\\/\\\/schema.org\",\"@graph\":[{\"@type\":\"WebPage\",\"@id\":\"https:\\\/\\\/am-sportpark.de\\\/zimmer\\\/aprtment-team\\\/\",\"url\":\"https:\\\/\\\/am-sportpark.de\\\/zimmer\\\/aprtment-team\\\/\",\"name\":\"Apartment-Team - Hotel am Sportpark\",\"isPartOf\":{\"@id\":\"https:\\\/\\\/am-sportpark.de\\\/#website\"},\"datePublished\":\"2025-07-24T04:16:37+00:00\",\"dateModified\":\"2026-03-04T04:55:27+00:00\",\"breadcrumb\":{\"@id\":\"https:\\\/\\\/am-sportpark.de\\\/zimmer\\\/aprtment-team\\\/#breadcrumb\"},\"inLanguage\":\"en-US\",\"potentialAction\":[{\"@type\":\"ReadAction\",\"target\":[\"https:\\\/\\\/am-sportpark.de\\\/zimmer\\\/aprtment-team\\\/\"]}]},{\"@type\":\"BreadcrumbList\",\"@id\":\"https:\\\/\\\/am-sportpark.de\\\/zimmer\\\/aprtment-team\\\/#breadcrumb\",\"itemListElement\":[{\"@type\":\"ListItem\",\"position\":1,\"name\":\"Startseite\",\"item\":\"https:\\\/\\\/am-sportpark.de\\\/\"},{\"@type\":\"ListItem\",\"position\":2,\"name\":\"Zimmer\",\"item\":\"https:\\\/\\\/am-sportpark.de\\\/zimmer\\\/\"},{\"@type\":\"ListItem\",\"position\":3,\"name\":\"Apartment-Team\"}]},{\"@type\":\"WebSite\",\"@id\":\"https:\\\/\\\/am-sportpark.de\\\/#website\",\"url\":\"https:\\\/\\\/am-sportpark.de\\\/\",\"name\":\"Hotel am Sportpark\",\"description\":\"Familienhotel seit 1974\",\"publisher\":{\"@id\":\"https:\\\/\\\/am-sportpark.de\\\/#organization\"},\"potentialAction\":[{\"@type\":\"SearchAction\",\"target\":{\"@type\":\"EntryPoint\",\"urlTemplate\":\"https:\\\/\\\/am-sportpark.de\\\/?s={search_term_string}\"},\"query-input\":{\"@type\":\"PropertyValueSpecification\",\"valueRequired\":true,\"valueName\":\"search_term_string\"}}],\"inLanguage\":\"en-US\"},{\"@type\":\"Organization\",\"@id\":\"https:\\\/\\\/am-sportpark.de\\\/#organization\",\"name\":\"Hotel am Sportpark\",\"url\":\"https:\\\/\\\/am-sportpark.de\\\/\",\"logo\":{\"@type\":\"ImageObject\",\"inLanguage\":\"en-US\",\"@id\":\"https:\\\/\\\/am-sportpark.de\\\/#\\\/schema\\\/logo\\\/image\\\/\",\"url\":\"https:\\\/\\\/am-sportpark.de\\\/wp-content\\\/uploads\\\/2023\\\/02\\\/hotel-am-sportpark.webp\",\"contentUrl\":\"https:\\\/\\\/am-sportpark.de\\\/wp-content\\\/uploads\\\/2023\\\/02\\\/hotel-am-sportpark.webp\",\"width\":681,\"height\":228,\"caption\":\"Hotel am Sportpark\"},\"image\":{\"@id\":\"https:\\\/\\\/am-sportpark.de\\\/#\\\/schema\\\/logo\\\/image\\\/\"}}]}<\/script>\n<!-- \/ Yoast SEO plugin. -->","yoast_head_json":{"title":"Apartment team - hotel at the sports park","robots":{"index":"index","follow":"follow","max-snippet":"max-snippet:-1","max-image-preview":"max-image-preview:large","max-video-preview":"max-video-preview:-1"},"canonical":"https:\/\/am-sportpark.de\/en\/zimmer\/aprtment-team\/","og_locale":"en_US","og_type":"article","og_title":"Apartment-Team - Hotel am Sportpark","og_description":"Apartment Team Das Apartment Team liegt im Erdgeschoss und kann ohne Treppe erreicht werden. Mit einer sehr gro\u00dfen Dusche, \u00fcbergro\u00dfen T\u00fcren und klimatisierten Schlafzimmer. Das Apartment Team entspricht der 3-Sterne Superior Bewertung des Hotel- und Gastst\u00e4ttenverbandes und hat die folgende Ausstattung: Das Apartment Team ist 95 qm gro\u00df Die zwei Betten haben jeweils die Ma\u00dfe 90 x 200 cm ohne Fu\u00dfende und k\u00f6nnen getrennt werden Klimatisiertes Schlafzimmer Neu renoviertes Badezimmer mit gro\u00dfer Dusche \/ WC \/ Haartrockner 65&#8243; LCD-Fernseher im Wohnzimmer und 55&#8243; LCD Fernseher im Schlafzimmer. Alle mit Sat-TV und 35 Sendern WLAN-Empfang mit einer Leistung von 35 MBit Infomappe mit Informationen \u00fcber Restaurants und Sightseeing Tipps Begehbarer Kleiderschrank G\u00e4ste Toilette Gro\u00dfe Sitzecke Essecke f\u00fcr 6 Personen Voll ausgestattet K\u00fcche LED-Licht im ganzen Apartment Unsere Bettwaren sind \u00d6K\u00d6-Tex zertifiziert und f\u00fcr Allergiker geeignet Alle Das Apartment Team","og_url":"https:\/\/am-sportpark.de\/en\/zimmer\/aprtment-team\/","og_site_name":"Hotel am Sportpark","article_modified_time":"2026-03-04T04:55:27+00:00","twitter_card":"summary_large_image","twitter_misc":{"Est. reading time":"1 minute"},"schema":{"@context":"https:\/\/schema.org","@graph":[{"@type":"WebPage","@id":"https:\/\/am-sportpark.de\/zimmer\/aprtment-team\/","url":"https:\/\/am-sportpark.de\/zimmer\/aprtment-team\/","name":"Apartment team - hotel at the sports park","isPartOf":{"@id":"https:\/\/am-sportpark.de\/#website"},"datePublished":"2025-07-24T04:16:37+00:00","dateModified":"2026-03-04T04:55:27+00:00","breadcrumb":{"@id":"https:\/\/am-sportpark.de\/zimmer\/aprtment-team\/#breadcrumb"},"inLanguage":"en-US","potentialAction":[{"@type":"ReadAction","target":["https:\/\/am-sportpark.de\/zimmer\/aprtment-team\/"]}]},{"@type":"BreadcrumbList","@id":"https:\/\/am-sportpark.de\/zimmer\/aprtment-team\/#breadcrumb","itemListElement":[{"@type":"ListItem","position":1,"name":"Startseite","item":"https:\/\/am-sportpark.de\/"},{"@type":"ListItem","position":2,"name":"Zimmer","item":"https:\/\/am-sportpark.de\/zimmer\/"},{"@type":"ListItem","position":3,"name":"Apartment-Team"}]},{"@type":"WebSite","@id":"https:\/\/am-sportpark.de\/#website","url":"https:\/\/am-sportpark.de\/","name":"Hotel at the sports park","description":"Family-hotel since 1974","publisher":{"@id":"https:\/\/am-sportpark.de\/#organization"},"potentialAction":[{"@type":"SearchAction","target":{"@type":"EntryPoint","urlTemplate":"https:\/\/am-sportpark.de\/?s={search_term_string}"},"query-input":{"@type":"PropertyValueSpecification","valueRequired":true,"valueName":"search_term_string"}}],"inLanguage":"en-US"},{"@type":"Organization","@id":"https:\/\/am-sportpark.de\/#organization","name":"Hotel at the sports park","url":"https:\/\/am-sportpark.de\/","logo":{"@type":"ImageObject","inLanguage":"en-US","@id":"https:\/\/am-sportpark.de\/#\/schema\/logo\/image\/","url":"https:\/\/am-sportpark.de\/wp-content\/uploads\/2023\/02\/hotel-am-sportpark.webp","contentUrl":"https:\/\/am-sportpark.de\/wp-content\/uploads\/2023\/02\/hotel-am-sportpark.webp","width":681,"height":228,"caption":"Hotel am Sportpark"},"image":{"@id":"https:\/\/am-sportpark.de\/#\/schema\/logo\/image\/"}}]}},"_links":{"self":[{"href":"https:\/\/am-sportpark.de\/en\/wp-json\/wp\/v2\/pages\/1432","targetHints":{"allow":["GET"]}}],"collection":[{"href":"https:\/\/am-sportpark.de\/en\/wp-json\/wp\/v2\/pages"}],"about":[{"href":"https:\/\/am-sportpark.de\/en\/wp-json\/wp\/v2\/types\/page"}],"author":[{"embeddable":true,"href":"https:\/\/am-sportpark.de\/en\/wp-json\/wp\/v2\/users\/1"}],"replies":[{"embeddable":true,"href":"https:\/\/am-sportpark.de\/en\/wp-json\/wp\/v2\/comments?post=1432"}],"version-history":[{"count":21,"href":"https:\/\/am-sportpark.de\/en\/wp-json\/wp\/v2\/pages\/1432\/revisions"}],"predecessor-version":[{"id":1513,"href":"https:\/\/am-sportpark.de\/en\/wp-json\/wp\/v2\/pages\/1432\/revisions\/1513"}],"up":[{"embeddable":true,"href":"https:\/\/am-sportpark.de\/en\/wp-json\/wp\/v2\/pages\/82"}],"wp:attachment":[{"href":"https:\/\/am-sportpark.de\/en\/wp-json\/wp\/v2\/media?parent=1432"}],"curies":[{"name":"wp","href":"https:\/\/api.w.org\/{rel}","templated":true}]}}