{"id":1183,"date":"2024-10-11T12:39:58","date_gmt":"2024-10-11T10:39:58","guid":{"rendered":"https:\/\/am-sportpark.de\/?page_id=1183"},"modified":"2024-10-11T12:40:02","modified_gmt":"2024-10-11T10:40:02","slug":"rhein-ruhr-marathon","status":"publish","type":"page","link":"https:\/\/am-sportpark.de\/en\/rhein-ruhr-marathon\/","title":{"rendered":"Rhine-Ruhr Marathon"},"content":{"rendered":"<h1 class=\"wp-block-heading\">Rhine-Ruhr Marathon<\/h1>\n\n\n\n<p>The Rhine-Ruhr Marathon is one of the oldest city marathon events in Germany and regularly attracts over 5,000 participants. As we are only 10 minutes (for marathon runners - and 5 minutes inside) from the start, we are quickly booked up. The beautiful location is also perfect for preparing for the run. On Sundays, from 7 a.m., there is a breakfast tailored to the run so that you can get off to a successful start. The companions can accompany their loved ones and friends on our free bikes and cheer and motivate them at key points. We are also happy to use our modern e-bikes.<\/p>","protected":false},"excerpt":{"rendered":"<p>Rhine-Ruhr Marathon The Rhine-Ruhr Marathon is one of the oldest city marathon events in Germany and regularly attracts over 5,000 participants. As we are only 10 minutes (for marathon runners - and 5 minutes inside) from the start, we are quickly booked up. The beautiful location on the outskirts is also perfect for preparing for the run. On Sundays, from 7 a.m., there is a breakfast tailored to the run so that you can get off to a successful start. The companions can accompany their loved ones and friends on our free bikes and cheer and motivate them at key points. We are also happy to use our modern e-bikes.<\/p>","protected":false},"author":1,"featured_media":0,"parent":0,"menu_order":0,"comment_status":"closed","ping_status":"closed","template":"","meta":{"footnotes":""},"class_list":["post-1183","page","type-page","status-publish","hentry"],"yoast_head":"<!-- This site is optimized with the Yoast SEO plugin v27.4 - https:\/\/yoast.com\/product\/yoast-seo-wordpress\/ -->\n<title>Rhein-Ruhr Marathon - Hotel am Sportpark<\/title>\n<meta name=\"description\" content=\"Von uns aus ist der Startpunkt zu Fu\u00df nur 10 Minuten entfernt und somit sind wir f\u00fcr Sie das Ideal Hotel f\u00fcr die Teilnahme am Marathon.\" \/>\n<meta name=\"robots\" content=\"index, follow, max-snippet:-1, max-image-preview:large, max-video-preview:-1\" \/>\n<link rel=\"canonical\" href=\"https:\/\/am-sportpark.de\/en\/rhein-ruhr-marathon\/\" \/>\n<meta property=\"og:locale\" content=\"en_US\" \/>\n<meta property=\"og:type\" content=\"article\" \/>\n<meta property=\"og:title\" content=\"Rhein-Ruhr Marathon - Hotel am Sportpark\" \/>\n<meta property=\"og:description\" content=\"Von uns aus ist der Startpunkt zu Fu\u00df nur 10 Minuten entfernt und somit sind wir f\u00fcr Sie das Ideal Hotel f\u00fcr die Teilnahme am Marathon.\" \/>\n<meta property=\"og:url\" content=\"https:\/\/am-sportpark.de\/en\/rhein-ruhr-marathon\/\" \/>\n<meta property=\"og:site_name\" content=\"Hotel am Sportpark\" \/>\n<meta property=\"article:modified_time\" content=\"2024-10-11T10:40:02+00:00\" \/>\n<meta name=\"twitter:card\" content=\"summary_large_image\" \/>\n<meta name=\"twitter:label1\" content=\"Est. reading time\" \/>\n\t<meta name=\"twitter:data1\" content=\"1 minute\" \/>\n<script type=\"application\/ld+json\" class=\"yoast-schema-graph\">{\"@context\":\"https:\\\/\\\/schema.org\",\"@graph\":[{\"@type\":\"WebPage\",\"@id\":\"https:\\\/\\\/am-sportpark.de\\\/rhein-ruhr-marathon\\\/\",\"url\":\"https:\\\/\\\/am-sportpark.de\\\/rhein-ruhr-marathon\\\/\",\"name\":\"Rhein-Ruhr Marathon - Hotel am Sportpark\",\"isPartOf\":{\"@id\":\"https:\\\/\\\/am-sportpark.de\\\/#website\"},\"datePublished\":\"2024-10-11T10:39:58+00:00\",\"dateModified\":\"2024-10-11T10:40:02+00:00\",\"description\":\"Von uns aus ist der Startpunkt zu Fu\u00df nur 10 Minuten entfernt und somit sind wir f\u00fcr Sie das Ideal Hotel f\u00fcr die Teilnahme am Marathon.\",\"breadcrumb\":{\"@id\":\"https:\\\/\\\/am-sportpark.de\\\/rhein-ruhr-marathon\\\/#breadcrumb\"},\"inLanguage\":\"en-US\",\"potentialAction\":[{\"@type\":\"ReadAction\",\"target\":[\"https:\\\/\\\/am-sportpark.de\\\/rhein-ruhr-marathon\\\/\"]}]},{\"@type\":\"BreadcrumbList\",\"@id\":\"https:\\\/\\\/am-sportpark.de\\\/rhein-ruhr-marathon\\\/#breadcrumb\",\"itemListElement\":[{\"@type\":\"ListItem\",\"position\":1,\"name\":\"Startseite\",\"item\":\"https:\\\/\\\/am-sportpark.de\\\/\"},{\"@type\":\"ListItem\",\"position\":2,\"name\":\"Rhein-Ruhr Marathon\"}]},{\"@type\":\"WebSite\",\"@id\":\"https:\\\/\\\/am-sportpark.de\\\/#website\",\"url\":\"https:\\\/\\\/am-sportpark.de\\\/\",\"name\":\"Hotel am Sportpark\",\"description\":\"Familienhotel seit 1974\",\"publisher\":{\"@id\":\"https:\\\/\\\/am-sportpark.de\\\/#organization\"},\"potentialAction\":[{\"@type\":\"SearchAction\",\"target\":{\"@type\":\"EntryPoint\",\"urlTemplate\":\"https:\\\/\\\/am-sportpark.de\\\/?s={search_term_string}\"},\"query-input\":{\"@type\":\"PropertyValueSpecification\",\"valueRequired\":true,\"valueName\":\"search_term_string\"}}],\"inLanguage\":\"en-US\"},{\"@type\":\"Organization\",\"@id\":\"https:\\\/\\\/am-sportpark.de\\\/#organization\",\"name\":\"Hotel am Sportpark\",\"url\":\"https:\\\/\\\/am-sportpark.de\\\/\",\"logo\":{\"@type\":\"ImageObject\",\"inLanguage\":\"en-US\",\"@id\":\"https:\\\/\\\/am-sportpark.de\\\/#\\\/schema\\\/logo\\\/image\\\/\",\"url\":\"https:\\\/\\\/am-sportpark.de\\\/wp-content\\\/uploads\\\/2023\\\/02\\\/hotel-am-sportpark.webp\",\"contentUrl\":\"https:\\\/\\\/am-sportpark.de\\\/wp-content\\\/uploads\\\/2023\\\/02\\\/hotel-am-sportpark.webp\",\"width\":681,\"height\":228,\"caption\":\"Hotel am Sportpark\"},\"image\":{\"@id\":\"https:\\\/\\\/am-sportpark.de\\\/#\\\/schema\\\/logo\\\/image\\\/\"}}]}<\/script>\n<!-- \/ Yoast SEO plugin. -->","yoast_head_json":{"title":"Rhine-Ruhr Marathon - Hotel at the Sports Park","description":"The starting point is only a 10-minute walk from our hotel, making us the ideal hotel for you to participate in the marathon.","robots":{"index":"index","follow":"follow","max-snippet":"max-snippet:-1","max-image-preview":"max-image-preview:large","max-video-preview":"max-video-preview:-1"},"canonical":"https:\/\/am-sportpark.de\/en\/rhein-ruhr-marathon\/","og_locale":"en_US","og_type":"article","og_title":"Rhein-Ruhr Marathon - Hotel am Sportpark","og_description":"Von uns aus ist der Startpunkt zu Fu\u00df nur 10 Minuten entfernt und somit sind wir f\u00fcr Sie das Ideal Hotel f\u00fcr die Teilnahme am Marathon.","og_url":"https:\/\/am-sportpark.de\/en\/rhein-ruhr-marathon\/","og_site_name":"Hotel am Sportpark","article_modified_time":"2024-10-11T10:40:02+00:00","twitter_card":"summary_large_image","twitter_misc":{"Est. reading time":"1 minute"},"schema":{"@context":"https:\/\/schema.org","@graph":[{"@type":"WebPage","@id":"https:\/\/am-sportpark.de\/rhein-ruhr-marathon\/","url":"https:\/\/am-sportpark.de\/rhein-ruhr-marathon\/","name":"Rhine-Ruhr Marathon - Hotel at the Sports Park","isPartOf":{"@id":"https:\/\/am-sportpark.de\/#website"},"datePublished":"2024-10-11T10:39:58+00:00","dateModified":"2024-10-11T10:40:02+00:00","description":"The starting point is only a 10-minute walk from our hotel, making us the ideal hotel for you to participate in the marathon.","breadcrumb":{"@id":"https:\/\/am-sportpark.de\/rhein-ruhr-marathon\/#breadcrumb"},"inLanguage":"en-US","potentialAction":[{"@type":"ReadAction","target":["https:\/\/am-sportpark.de\/rhein-ruhr-marathon\/"]}]},{"@type":"BreadcrumbList","@id":"https:\/\/am-sportpark.de\/rhein-ruhr-marathon\/#breadcrumb","itemListElement":[{"@type":"ListItem","position":1,"name":"Startseite","item":"https:\/\/am-sportpark.de\/"},{"@type":"ListItem","position":2,"name":"Rhein-Ruhr Marathon"}]},{"@type":"WebSite","@id":"https:\/\/am-sportpark.de\/#website","url":"https:\/\/am-sportpark.de\/","name":"Hotel at the sports park","description":"Family-hotel since 1974","publisher":{"@id":"https:\/\/am-sportpark.de\/#organization"},"potentialAction":[{"@type":"SearchAction","target":{"@type":"EntryPoint","urlTemplate":"https:\/\/am-sportpark.de\/?s={search_term_string}"},"query-input":{"@type":"PropertyValueSpecification","valueRequired":true,"valueName":"search_term_string"}}],"inLanguage":"en-US"},{"@type":"Organization","@id":"https:\/\/am-sportpark.de\/#organization","name":"Hotel at the sports park","url":"https:\/\/am-sportpark.de\/","logo":{"@type":"ImageObject","inLanguage":"en-US","@id":"https:\/\/am-sportpark.de\/#\/schema\/logo\/image\/","url":"https:\/\/am-sportpark.de\/wp-content\/uploads\/2023\/02\/hotel-am-sportpark.webp","contentUrl":"https:\/\/am-sportpark.de\/wp-content\/uploads\/2023\/02\/hotel-am-sportpark.webp","width":681,"height":228,"caption":"Hotel am Sportpark"},"image":{"@id":"https:\/\/am-sportpark.de\/#\/schema\/logo\/image\/"}}]}},"_links":{"self":[{"href":"https:\/\/am-sportpark.de\/en\/wp-json\/wp\/v2\/pages\/1183","targetHints":{"allow":["GET"]}}],"collection":[{"href":"https:\/\/am-sportpark.de\/en\/wp-json\/wp\/v2\/pages"}],"about":[{"href":"https:\/\/am-sportpark.de\/en\/wp-json\/wp\/v2\/types\/page"}],"author":[{"embeddable":true,"href":"https:\/\/am-sportpark.de\/en\/wp-json\/wp\/v2\/users\/1"}],"replies":[{"embeddable":true,"href":"https:\/\/am-sportpark.de\/en\/wp-json\/wp\/v2\/comments?post=1183"}],"version-history":[{"count":1,"href":"https:\/\/am-sportpark.de\/en\/wp-json\/wp\/v2\/pages\/1183\/revisions"}],"predecessor-version":[{"id":1184,"href":"https:\/\/am-sportpark.de\/en\/wp-json\/wp\/v2\/pages\/1183\/revisions\/1184"}],"wp:attachment":[{"href":"https:\/\/am-sportpark.de\/en\/wp-json\/wp\/v2\/media?parent=1183"}],"curies":[{"name":"wp","href":"https:\/\/api.w.org\/{rel}","templated":true}]}}