{"id":1180,"date":"2024-10-11T12:26:45","date_gmt":"2024-10-11T10:26:45","guid":{"rendered":"https:\/\/am-sportpark.de\/?page_id=1180"},"modified":"2025-08-22T06:18:24","modified_gmt":"2025-08-22T04:18:24","slug":"ironman-duisburg","status":"publish","type":"page","link":"https:\/\/am-sportpark.de\/en\/ironman-duisburg\/","title":{"rendered":"Ironman"},"content":{"rendered":"<div data-elementor-type=\"wp-page\" data-elementor-id=\"1180\" class=\"elementor elementor-1180\" data-elementor-settings=\"{&quot;ha_cmc_init_switcher&quot;:&quot;no&quot;}\" data-elementor-post-type=\"page\">\n\t\t\t\t\t\t<section class=\"elementor-section elementor-top-section elementor-element elementor-element-1cd8ec3d elementor-section-boxed elementor-section-height-default elementor-section-height-default wpr-particle-no wpr-jarallax-no wpr-parallax-no wpr-sticky-section-no\" data-id=\"1cd8ec3d\" data-element_type=\"section\" data-e-type=\"section\" data-settings=\"{&quot;_ha_eqh_enable&quot;:false}\">\n\t\t\t\t\t\t<div class=\"elementor-container elementor-column-gap-default\">\n\t\t\t\t\t<div class=\"elementor-column elementor-col-100 elementor-top-column elementor-element elementor-element-47c0ade6\" data-id=\"47c0ade6\" data-element_type=\"column\" data-e-type=\"column\">\n\t\t\t<div class=\"elementor-widget-wrap elementor-element-populated\">\n\t\t\t\t\t\t<div class=\"elementor-element elementor-element-247306c0 elementor-widget elementor-widget-text-editor\" data-id=\"247306c0\" data-element_type=\"widget\" data-e-type=\"widget\" data-widget_type=\"text-editor.default\">\n\t\t\t\t<div class=\"elementor-widget-container\">\n\t\t\t\t\t\t\t\t\t<p><\/p>\n<h1 class=\"wp-block-heading\">Ironman 70.3<\/h1>\n<p><\/p>\n<p>The Ironman Duisburg has been running since 2021 and is held annually at the end of August and beginning of September. Since 2025, the start has been at the Sportpark, which is only 10 minutes away (Iron women and Iron men can do it in 5 minutes) from us. As a service, we offer a guarded bicycle garage where you can park your bikes safely and securely. Our Sunday breakfast starts at 4 a.m. so you can start the race well-rested. We also offer all hotel guests the opportunity to shower after the race, even if you no longer have a room with us. The companions can accompany their loved ones and friends on our free bicycles and cheer and encourage them at key points. We are also happy to provide our modern e-bikes.<\/p>\n<p>More information about the Ironman in Duisburg can be found on the <a href=\"https:\/\/www.ironman.com\/races\/im703-duisburg\" target=\"_blank\" rel=\"noopener\">Organizer&#039;s website.<\/a><\/p>\n<p><\/p>\t\t\t\t\t\t\t\t<\/div>\n\t\t\t\t<\/div>\n\t\t\t\t\t<\/div>\n\t\t<\/div>\n\t\t\t\t\t<\/div>\n\t\t<\/section>\n\t\t\t\t<\/div>","protected":false},"excerpt":{"rendered":"<p>Ironman 70.3 The Ironman in Duisburg has been running since 2021 and is held annually at the end of August and beginning of September. Since 2025, the start has been at the Sportpark, which is only 10 minutes away (Iron women and Iron men manage it in 5 minutes) from us. As a service, we offer a guarded bicycle garage where you can park your bikes safely and securely. Our Sunday breakfast starts at 4 a.m. so you can start your day well-rested. We also offer all hotel guests the opportunity to shower after the race, even if you no longer have a room with us. The companions can accompany their loved ones and friends on our free bicycles and cheer and motivate them at key points. We are also happy to provide our modern e-bikes. More information about the Ironman in Duisburg can be found on the organizer&#039;s website.<\/p>","protected":false},"author":1,"featured_media":0,"parent":0,"menu_order":0,"comment_status":"closed","ping_status":"closed","template":"","meta":{"footnotes":""},"class_list":["post-1180","page","type-page","status-publish","hentry"],"yoast_head":"<!-- This site is optimized with the Yoast SEO plugin v27.3 - https:\/\/yoast.com\/product\/yoast-seo-wordpress\/ -->\n<title>Ironman - Hotel am Sportpark<\/title>\n<meta name=\"description\" content=\"Wir sind Ihr perfektes Hotel f\u00fcr den Ironman in Duisburg. Mit Schwimmbad, kostenlosen Leihr\u00e4dern und Fr\u00fchst\u00fcck ab 4 Uhr der perfekte Start\" \/>\n<meta name=\"robots\" content=\"index, follow, max-snippet:-1, max-image-preview:large, max-video-preview:-1\" \/>\n<link rel=\"canonical\" href=\"https:\/\/am-sportpark.de\/en\/ironman-duisburg\/\" \/>\n<meta property=\"og:locale\" content=\"en_US\" \/>\n<meta property=\"og:type\" content=\"article\" \/>\n<meta property=\"og:title\" content=\"Ironman - Hotel am Sportpark\" \/>\n<meta property=\"og:description\" content=\"Wir sind Ihr perfektes Hotel f\u00fcr den Ironman in Duisburg. Mit Schwimmbad, kostenlosen Leihr\u00e4dern und Fr\u00fchst\u00fcck ab 4 Uhr der perfekte Start\" \/>\n<meta property=\"og:url\" content=\"https:\/\/am-sportpark.de\/en\/ironman-duisburg\/\" \/>\n<meta property=\"og:site_name\" content=\"Hotel am Sportpark\" \/>\n<meta property=\"article:modified_time\" content=\"2025-08-22T04:18:24+00:00\" \/>\n<meta name=\"twitter:card\" content=\"summary_large_image\" \/>\n<meta name=\"twitter:label1\" content=\"Est. reading time\" \/>\n\t<meta name=\"twitter:data1\" content=\"1 minute\" \/>\n<script type=\"application\/ld+json\" class=\"yoast-schema-graph\">{\"@context\":\"https:\\\/\\\/schema.org\",\"@graph\":[{\"@type\":\"WebPage\",\"@id\":\"https:\\\/\\\/am-sportpark.de\\\/ironman-duisburg\\\/\",\"url\":\"https:\\\/\\\/am-sportpark.de\\\/ironman-duisburg\\\/\",\"name\":\"Ironman - Hotel am Sportpark\",\"isPartOf\":{\"@id\":\"https:\\\/\\\/am-sportpark.de\\\/#website\"},\"datePublished\":\"2024-10-11T10:26:45+00:00\",\"dateModified\":\"2025-08-22T04:18:24+00:00\",\"description\":\"Wir sind Ihr perfektes Hotel f\u00fcr den Ironman in Duisburg. Mit Schwimmbad, kostenlosen Leihr\u00e4dern und Fr\u00fchst\u00fcck ab 4 Uhr der perfekte Start\",\"breadcrumb\":{\"@id\":\"https:\\\/\\\/am-sportpark.de\\\/ironman-duisburg\\\/#breadcrumb\"},\"inLanguage\":\"en-US\",\"potentialAction\":[{\"@type\":\"ReadAction\",\"target\":[\"https:\\\/\\\/am-sportpark.de\\\/ironman-duisburg\\\/\"]}]},{\"@type\":\"BreadcrumbList\",\"@id\":\"https:\\\/\\\/am-sportpark.de\\\/ironman-duisburg\\\/#breadcrumb\",\"itemListElement\":[{\"@type\":\"ListItem\",\"position\":1,\"name\":\"Startseite\",\"item\":\"https:\\\/\\\/am-sportpark.de\\\/\"},{\"@type\":\"ListItem\",\"position\":2,\"name\":\"Ironman\"}]},{\"@type\":\"WebSite\",\"@id\":\"https:\\\/\\\/am-sportpark.de\\\/#website\",\"url\":\"https:\\\/\\\/am-sportpark.de\\\/\",\"name\":\"Hotel am Sportpark\",\"description\":\"Familienhotel seit 1974\",\"publisher\":{\"@id\":\"https:\\\/\\\/am-sportpark.de\\\/#organization\"},\"potentialAction\":[{\"@type\":\"SearchAction\",\"target\":{\"@type\":\"EntryPoint\",\"urlTemplate\":\"https:\\\/\\\/am-sportpark.de\\\/?s={search_term_string}\"},\"query-input\":{\"@type\":\"PropertyValueSpecification\",\"valueRequired\":true,\"valueName\":\"search_term_string\"}}],\"inLanguage\":\"en-US\"},{\"@type\":\"Organization\",\"@id\":\"https:\\\/\\\/am-sportpark.de\\\/#organization\",\"name\":\"Hotel am Sportpark\",\"url\":\"https:\\\/\\\/am-sportpark.de\\\/\",\"logo\":{\"@type\":\"ImageObject\",\"inLanguage\":\"en-US\",\"@id\":\"https:\\\/\\\/am-sportpark.de\\\/#\\\/schema\\\/logo\\\/image\\\/\",\"url\":\"https:\\\/\\\/am-sportpark.de\\\/wp-content\\\/uploads\\\/2023\\\/02\\\/hotel-am-sportpark.webp\",\"contentUrl\":\"https:\\\/\\\/am-sportpark.de\\\/wp-content\\\/uploads\\\/2023\\\/02\\\/hotel-am-sportpark.webp\",\"width\":681,\"height\":228,\"caption\":\"Hotel am Sportpark\"},\"image\":{\"@id\":\"https:\\\/\\\/am-sportpark.de\\\/#\\\/schema\\\/logo\\\/image\\\/\"}}]}<\/script>\n<!-- \/ Yoast SEO plugin. -->","yoast_head_json":{"title":"Ironman - Hotel at the sports park","description":"We are your perfect hotel for the Ironman in Duisburg. With a swimming pool, free rental bikes and breakfast from 4 a.m., it&#039;s the perfect start.","robots":{"index":"index","follow":"follow","max-snippet":"max-snippet:-1","max-image-preview":"max-image-preview:large","max-video-preview":"max-video-preview:-1"},"canonical":"https:\/\/am-sportpark.de\/en\/ironman-duisburg\/","og_locale":"en_US","og_type":"article","og_title":"Ironman - Hotel am Sportpark","og_description":"Wir sind Ihr perfektes Hotel f\u00fcr den Ironman in Duisburg. Mit Schwimmbad, kostenlosen Leihr\u00e4dern und Fr\u00fchst\u00fcck ab 4 Uhr der perfekte Start","og_url":"https:\/\/am-sportpark.de\/en\/ironman-duisburg\/","og_site_name":"Hotel am Sportpark","article_modified_time":"2025-08-22T04:18:24+00:00","twitter_card":"summary_large_image","twitter_misc":{"Est. reading time":"1 minute"},"schema":{"@context":"https:\/\/schema.org","@graph":[{"@type":"WebPage","@id":"https:\/\/am-sportpark.de\/ironman-duisburg\/","url":"https:\/\/am-sportpark.de\/ironman-duisburg\/","name":"Ironman - Hotel at the sports park","isPartOf":{"@id":"https:\/\/am-sportpark.de\/#website"},"datePublished":"2024-10-11T10:26:45+00:00","dateModified":"2025-08-22T04:18:24+00:00","description":"We are your perfect hotel for the Ironman in Duisburg. With a swimming pool, free rental bikes and breakfast from 4 a.m., it&#039;s the perfect start.","breadcrumb":{"@id":"https:\/\/am-sportpark.de\/ironman-duisburg\/#breadcrumb"},"inLanguage":"en-US","potentialAction":[{"@type":"ReadAction","target":["https:\/\/am-sportpark.de\/ironman-duisburg\/"]}]},{"@type":"BreadcrumbList","@id":"https:\/\/am-sportpark.de\/ironman-duisburg\/#breadcrumb","itemListElement":[{"@type":"ListItem","position":1,"name":"Startseite","item":"https:\/\/am-sportpark.de\/"},{"@type":"ListItem","position":2,"name":"Ironman"}]},{"@type":"WebSite","@id":"https:\/\/am-sportpark.de\/#website","url":"https:\/\/am-sportpark.de\/","name":"Hotel at the sports park","description":"Family-hotel since 1974","publisher":{"@id":"https:\/\/am-sportpark.de\/#organization"},"potentialAction":[{"@type":"SearchAction","target":{"@type":"EntryPoint","urlTemplate":"https:\/\/am-sportpark.de\/?s={search_term_string}"},"query-input":{"@type":"PropertyValueSpecification","valueRequired":true,"valueName":"search_term_string"}}],"inLanguage":"en-US"},{"@type":"Organization","@id":"https:\/\/am-sportpark.de\/#organization","name":"Hotel at the sports park","url":"https:\/\/am-sportpark.de\/","logo":{"@type":"ImageObject","inLanguage":"en-US","@id":"https:\/\/am-sportpark.de\/#\/schema\/logo\/image\/","url":"https:\/\/am-sportpark.de\/wp-content\/uploads\/2023\/02\/hotel-am-sportpark.webp","contentUrl":"https:\/\/am-sportpark.de\/wp-content\/uploads\/2023\/02\/hotel-am-sportpark.webp","width":681,"height":228,"caption":"Hotel am Sportpark"},"image":{"@id":"https:\/\/am-sportpark.de\/#\/schema\/logo\/image\/"}}]}},"_links":{"self":[{"href":"https:\/\/am-sportpark.de\/en\/wp-json\/wp\/v2\/pages\/1180","targetHints":{"allow":["GET"]}}],"collection":[{"href":"https:\/\/am-sportpark.de\/en\/wp-json\/wp\/v2\/pages"}],"about":[{"href":"https:\/\/am-sportpark.de\/en\/wp-json\/wp\/v2\/types\/page"}],"author":[{"embeddable":true,"href":"https:\/\/am-sportpark.de\/en\/wp-json\/wp\/v2\/users\/1"}],"replies":[{"embeddable":true,"href":"https:\/\/am-sportpark.de\/en\/wp-json\/wp\/v2\/comments?post=1180"}],"version-history":[{"count":5,"href":"https:\/\/am-sportpark.de\/en\/wp-json\/wp\/v2\/pages\/1180\/revisions"}],"predecessor-version":[{"id":1524,"href":"https:\/\/am-sportpark.de\/en\/wp-json\/wp\/v2\/pages\/1180\/revisions\/1524"}],"wp:attachment":[{"href":"https:\/\/am-sportpark.de\/en\/wp-json\/wp\/v2\/media?parent=1180"}],"curies":[{"name":"wp","href":"https:\/\/api.w.org\/{rel}","templated":true}]}}