{"id":1175,"date":"2024-10-11T12:21:39","date_gmt":"2024-10-11T10:21:39","guid":{"rendered":"https:\/\/am-sportpark.de\/?page_id=1175"},"modified":"2026-02-04T07:09:49","modified_gmt":"2026-02-04T06:09:49","slug":"weihnachtsmaerkte-im-revier","status":"publish","type":"page","link":"https:\/\/am-sportpark.de\/en\/weihnachtsmaerkte-im-revier\/","title":{"rendered":"The Christmas markets in the region"},"content":{"rendered":"<div data-elementor-type=\"wp-page\" data-elementor-id=\"1175\" class=\"elementor elementor-1175\" data-elementor-settings=\"{&quot;ha_cmc_init_switcher&quot;:&quot;no&quot;}\" data-elementor-post-type=\"page\">\n\t\t\t\t\t\t<section class=\"elementor-section elementor-top-section elementor-element elementor-element-4a6b0195 elementor-section-boxed elementor-section-height-default elementor-section-height-default wpr-particle-no wpr-jarallax-no wpr-parallax-no wpr-sticky-section-no wpr-equal-height-no\" data-id=\"4a6b0195\" data-element_type=\"section\" data-e-type=\"section\" data-settings=\"{&quot;_ha_eqh_enable&quot;:false}\">\n\t\t\t\t\t\t<div class=\"elementor-container elementor-column-gap-default\">\n\t\t\t\t\t<div class=\"elementor-column elementor-col-100 elementor-top-column elementor-element elementor-element-448abf35\" data-id=\"448abf35\" data-element_type=\"column\" data-e-type=\"column\">\n\t\t\t<div class=\"elementor-widget-wrap elementor-element-populated\">\n\t\t\t\t\t\t<div class=\"elementor-element elementor-element-460ae521 elementor-widget elementor-widget-text-editor\" data-id=\"460ae521\" data-element_type=\"widget\" data-e-type=\"widget\" data-widget_type=\"text-editor.default\">\n\t\t\t\t<div class=\"elementor-widget-container\">\n\t\t\t\t\t\t\t\t\t<p><\/p>\n<h1 class=\"wp-block-heading\">The Christmas markets in the region<\/h1>\n<p><\/p>\n<p>The reason we feature our Christmas markets in the Ruhr region on our website all year round is that they are truly beautiful and you should definitely plan your visit in advance. Besides the Duisburg Christmas market in the city center, which usually opens in the last week of November and runs until December 31st, there is an exclusive Christmas market in the Landschaftspark Nord (North Landscape Park) on a weekend in December.&nbsp;<br>In addition, there are the lovely markets at Centro Oberhausen, Dortmund, and of course D\u00fcsseldorf and Cologne. We are very centrally located in the heart of the Ruhr region, making all these markets easily and affordably accessible by S-Bahn (suburban train). Of course, the Duisburg Christmas market is the most beautiful in the area \u2013 not just because of the stalls, but also because of the people there. Don&#039;t just stick to K\u00f6nigstra\u00dfe, though; venture further west: on M\u00fcnzstra\u00dfe, opposite Kn\u00fcllermarkt (a decoration shop with incredible Christmas ideas), this alternative market is always worth a visit.&nbsp;<br>The Christmas lights market in Duisburg North, located in the Landschaftspark Nord (North Landscape Park), is something completely different. Against an industrial backdrop, the market creates an incredible atmosphere with dazzling lights and fantastic performers \u2013 definitely worth seeing. But be aware: the market only runs for one weekend and there&#039;s an entrance fee. You can find more information, such as current opening hours, on the website. <a href=\"http:\/\/www.weihnachtsmarkt-duisburg.com\">www.weihn<\/a><a href=\"http:\/\/www.weihnachtsmarkt-duisburg.com\" target=\"_blank\" rel=\"noreferrer noopener\">achtsmarkt-duisburg.com<\/a>.<\/p>\n<p>The Christmas markets in D\u00fcsseldorf, Dortmund, and Centro Oberhausen are, as already mentioned, also worth a visit. D\u00fcsseldorf, along with Dortmund, boasts one of the largest markets in the Ruhr region. Centro attracts visitors with its combination of free parking, the Centro shopping center, and a lovely Austrian Christmas market. But for a Duisburg native, nothing beats our own Christmas market.<\/p>\n<p><\/p>\t\t\t\t\t\t\t\t<\/div>\n\t\t\t\t<\/div>\n\t\t\t\t\t<\/div>\n\t\t<\/div>\n\t\t\t\t\t<\/div>\n\t\t<\/section>\n\t\t\t\t<\/div>","protected":false},"excerpt":{"rendered":"<p>The Christmas Markets in the Ruhr Area: The reason we highlight our Christmas markets in the Ruhr area on our website all year round is that they are truly beautiful, and you should definitely plan your visit in advance. Besides the Duisburg Christmas market in the city center, which usually opens in the last week of November and runs until December 31st, there&#039;s an exclusive Christmas market in the Landschaftspark Nord (North Landscape Park) on a weekend in December. Then there are the lovely markets at Centro Oberhausen, Dortmund, and of course, D\u00fcsseldorf and Cologne. We are very centrally located in the heart of the Ruhr area, making all these markets easily and affordably accessible by S-Bahn (suburban train). Of course, the Duisburg Christmas market is the most beautiful in the region \u2013 not just because of the stalls, but also because of the people there. Don&#039;t just stick to K\u00f6nigstra\u00dfe, but venture further west: On M\u00fcnzstra\u00dfe, opposite Kn\u00fcllermarkt (a decoration shop with incredible Christmas ideas): This alternative market is always worth a visit. The Christmas market in northern Duisburg, in the Landschaftspark Nord, is something else entirely. In the industrial setting, with its bright lights and fantastic performers, an incredible atmosphere is created that is definitely worth seeing. But be aware: the market is only open for one weekend and there is an entrance fee. You can find more information, such as current opening hours, on the website www.weihnachtsmarkt-duisburg.com. As mentioned before, the markets in D\u00fcsseldorf, Dortmund, and Centro Oberhausen are also worth a visit. D\u00fcsseldorf, along with Dortmund, has one of the largest markets in the Ruhr region. Centro attracts visitors with its combination of free parking, the Centro shopping center, and a lovely Austrian Christmas market. But for Duisburg residents, nothing beats our own Christmas market.<\/p>","protected":false},"author":1,"featured_media":0,"parent":0,"menu_order":0,"comment_status":"closed","ping_status":"closed","template":"","meta":{"footnotes":""},"class_list":["post-1175","page","type-page","status-publish","hentry"],"yoast_head":"<!-- This site is optimized with the Yoast SEO plugin v27.4 - https:\/\/yoast.com\/product\/yoast-seo-wordpress\/ -->\n<title>Die Weihnachtsm\u00e4rkte im Revier - Hotel am Sportpark<\/title>\n<meta name=\"description\" content=\"Die sch\u00f6nsten Weihnachtsm\u00e4rkte im Revier sind von uns aus nur wenige Minuten mit dem Auto oder mit der Bahn entfernt und so gut zu erreichen.\" \/>\n<meta name=\"robots\" content=\"index, follow, max-snippet:-1, max-image-preview:large, max-video-preview:-1\" \/>\n<link rel=\"canonical\" href=\"https:\/\/am-sportpark.de\/en\/weihnachtsmaerkte-im-revier\/\" \/>\n<meta property=\"og:locale\" content=\"en_US\" \/>\n<meta property=\"og:type\" content=\"article\" \/>\n<meta property=\"og:title\" content=\"Die Weihnachtsm\u00e4rkte im Revier - Hotel am Sportpark\" \/>\n<meta property=\"og:description\" content=\"Die sch\u00f6nsten Weihnachtsm\u00e4rkte im Revier sind von uns aus nur wenige Minuten mit dem Auto oder mit der Bahn entfernt und so gut zu erreichen.\" \/>\n<meta property=\"og:url\" content=\"https:\/\/am-sportpark.de\/en\/weihnachtsmaerkte-im-revier\/\" \/>\n<meta property=\"og:site_name\" content=\"Hotel am Sportpark\" \/>\n<meta property=\"article:modified_time\" content=\"2026-02-04T06:09:49+00:00\" \/>\n<meta name=\"twitter:card\" content=\"summary_large_image\" \/>\n<meta name=\"twitter:label1\" content=\"Est. reading time\" \/>\n\t<meta name=\"twitter:data1\" content=\"2 minutes\" \/>\n<script type=\"application\/ld+json\" class=\"yoast-schema-graph\">{\"@context\":\"https:\\\/\\\/schema.org\",\"@graph\":[{\"@type\":\"WebPage\",\"@id\":\"https:\\\/\\\/am-sportpark.de\\\/weihnachtsmaerkte-im-revier\\\/\",\"url\":\"https:\\\/\\\/am-sportpark.de\\\/weihnachtsmaerkte-im-revier\\\/\",\"name\":\"Die Weihnachtsm\u00e4rkte im Revier - Hotel am Sportpark\",\"isPartOf\":{\"@id\":\"https:\\\/\\\/am-sportpark.de\\\/#website\"},\"datePublished\":\"2024-10-11T10:21:39+00:00\",\"dateModified\":\"2026-02-04T06:09:49+00:00\",\"description\":\"Die sch\u00f6nsten Weihnachtsm\u00e4rkte im Revier sind von uns aus nur wenige Minuten mit dem Auto oder mit der Bahn entfernt und so gut zu erreichen.\",\"breadcrumb\":{\"@id\":\"https:\\\/\\\/am-sportpark.de\\\/weihnachtsmaerkte-im-revier\\\/#breadcrumb\"},\"inLanguage\":\"en-US\",\"potentialAction\":[{\"@type\":\"ReadAction\",\"target\":[\"https:\\\/\\\/am-sportpark.de\\\/weihnachtsmaerkte-im-revier\\\/\"]}]},{\"@type\":\"BreadcrumbList\",\"@id\":\"https:\\\/\\\/am-sportpark.de\\\/weihnachtsmaerkte-im-revier\\\/#breadcrumb\",\"itemListElement\":[{\"@type\":\"ListItem\",\"position\":1,\"name\":\"Startseite\",\"item\":\"https:\\\/\\\/am-sportpark.de\\\/\"},{\"@type\":\"ListItem\",\"position\":2,\"name\":\"Die Weihnachtsm\u00e4rkte im Revier\"}]},{\"@type\":\"WebSite\",\"@id\":\"https:\\\/\\\/am-sportpark.de\\\/#website\",\"url\":\"https:\\\/\\\/am-sportpark.de\\\/\",\"name\":\"Hotel am Sportpark\",\"description\":\"Familienhotel seit 1974\",\"publisher\":{\"@id\":\"https:\\\/\\\/am-sportpark.de\\\/#organization\"},\"potentialAction\":[{\"@type\":\"SearchAction\",\"target\":{\"@type\":\"EntryPoint\",\"urlTemplate\":\"https:\\\/\\\/am-sportpark.de\\\/?s={search_term_string}\"},\"query-input\":{\"@type\":\"PropertyValueSpecification\",\"valueRequired\":true,\"valueName\":\"search_term_string\"}}],\"inLanguage\":\"en-US\"},{\"@type\":\"Organization\",\"@id\":\"https:\\\/\\\/am-sportpark.de\\\/#organization\",\"name\":\"Hotel am Sportpark\",\"url\":\"https:\\\/\\\/am-sportpark.de\\\/\",\"logo\":{\"@type\":\"ImageObject\",\"inLanguage\":\"en-US\",\"@id\":\"https:\\\/\\\/am-sportpark.de\\\/#\\\/schema\\\/logo\\\/image\\\/\",\"url\":\"https:\\\/\\\/am-sportpark.de\\\/wp-content\\\/uploads\\\/2023\\\/02\\\/hotel-am-sportpark.webp\",\"contentUrl\":\"https:\\\/\\\/am-sportpark.de\\\/wp-content\\\/uploads\\\/2023\\\/02\\\/hotel-am-sportpark.webp\",\"width\":681,\"height\":228,\"caption\":\"Hotel am Sportpark\"},\"image\":{\"@id\":\"https:\\\/\\\/am-sportpark.de\\\/#\\\/schema\\\/logo\\\/image\\\/\"}}]}<\/script>\n<!-- \/ Yoast SEO plugin. -->","yoast_head_json":{"title":"The Christmas markets in the region - Hotel am Sportpark","description":"The most beautiful Christmas markets in the region are only a few minutes away by car or train and are therefore easy to reach.","robots":{"index":"index","follow":"follow","max-snippet":"max-snippet:-1","max-image-preview":"max-image-preview:large","max-video-preview":"max-video-preview:-1"},"canonical":"https:\/\/am-sportpark.de\/en\/weihnachtsmaerkte-im-revier\/","og_locale":"en_US","og_type":"article","og_title":"Die Weihnachtsm\u00e4rkte im Revier - Hotel am Sportpark","og_description":"Die sch\u00f6nsten Weihnachtsm\u00e4rkte im Revier sind von uns aus nur wenige Minuten mit dem Auto oder mit der Bahn entfernt und so gut zu erreichen.","og_url":"https:\/\/am-sportpark.de\/en\/weihnachtsmaerkte-im-revier\/","og_site_name":"Hotel am Sportpark","article_modified_time":"2026-02-04T06:09:49+00:00","twitter_card":"summary_large_image","twitter_misc":{"Est. reading time":"2 minutes"},"schema":{"@context":"https:\/\/schema.org","@graph":[{"@type":"WebPage","@id":"https:\/\/am-sportpark.de\/weihnachtsmaerkte-im-revier\/","url":"https:\/\/am-sportpark.de\/weihnachtsmaerkte-im-revier\/","name":"The Christmas markets in the region - Hotel am Sportpark","isPartOf":{"@id":"https:\/\/am-sportpark.de\/#website"},"datePublished":"2024-10-11T10:21:39+00:00","dateModified":"2026-02-04T06:09:49+00:00","description":"The most beautiful Christmas markets in the region are only a few minutes away by car or train and are therefore easy to reach.","breadcrumb":{"@id":"https:\/\/am-sportpark.de\/weihnachtsmaerkte-im-revier\/#breadcrumb"},"inLanguage":"en-US","potentialAction":[{"@type":"ReadAction","target":["https:\/\/am-sportpark.de\/weihnachtsmaerkte-im-revier\/"]}]},{"@type":"BreadcrumbList","@id":"https:\/\/am-sportpark.de\/weihnachtsmaerkte-im-revier\/#breadcrumb","itemListElement":[{"@type":"ListItem","position":1,"name":"Startseite","item":"https:\/\/am-sportpark.de\/"},{"@type":"ListItem","position":2,"name":"Die Weihnachtsm\u00e4rkte im Revier"}]},{"@type":"WebSite","@id":"https:\/\/am-sportpark.de\/#website","url":"https:\/\/am-sportpark.de\/","name":"Hotel at the sports park","description":"Family-hotel since 1974","publisher":{"@id":"https:\/\/am-sportpark.de\/#organization"},"potentialAction":[{"@type":"SearchAction","target":{"@type":"EntryPoint","urlTemplate":"https:\/\/am-sportpark.de\/?s={search_term_string}"},"query-input":{"@type":"PropertyValueSpecification","valueRequired":true,"valueName":"search_term_string"}}],"inLanguage":"en-US"},{"@type":"Organization","@id":"https:\/\/am-sportpark.de\/#organization","name":"Hotel at the sports park","url":"https:\/\/am-sportpark.de\/","logo":{"@type":"ImageObject","inLanguage":"en-US","@id":"https:\/\/am-sportpark.de\/#\/schema\/logo\/image\/","url":"https:\/\/am-sportpark.de\/wp-content\/uploads\/2023\/02\/hotel-am-sportpark.webp","contentUrl":"https:\/\/am-sportpark.de\/wp-content\/uploads\/2023\/02\/hotel-am-sportpark.webp","width":681,"height":228,"caption":"Hotel am Sportpark"},"image":{"@id":"https:\/\/am-sportpark.de\/#\/schema\/logo\/image\/"}}]}},"_links":{"self":[{"href":"https:\/\/am-sportpark.de\/en\/wp-json\/wp\/v2\/pages\/1175","targetHints":{"allow":["GET"]}}],"collection":[{"href":"https:\/\/am-sportpark.de\/en\/wp-json\/wp\/v2\/pages"}],"about":[{"href":"https:\/\/am-sportpark.de\/en\/wp-json\/wp\/v2\/types\/page"}],"author":[{"embeddable":true,"href":"https:\/\/am-sportpark.de\/en\/wp-json\/wp\/v2\/users\/1"}],"replies":[{"embeddable":true,"href":"https:\/\/am-sportpark.de\/en\/wp-json\/wp\/v2\/comments?post=1175"}],"version-history":[{"count":13,"href":"https:\/\/am-sportpark.de\/en\/wp-json\/wp\/v2\/pages\/1175\/revisions"}],"predecessor-version":[{"id":1925,"href":"https:\/\/am-sportpark.de\/en\/wp-json\/wp\/v2\/pages\/1175\/revisions\/1925"}],"wp:attachment":[{"href":"https:\/\/am-sportpark.de\/en\/wp-json\/wp\/v2\/media?parent=1175"}],"curies":[{"name":"wp","href":"https:\/\/api.w.org\/{rel}","templated":true}]}}